{"id":31973,"date":"2022-06-08T07:06:20","date_gmt":"2022-06-08T05:06:20","guid":{"rendered":"https:\/\/smania.store\/hu\/termek\/relaxnow-hordozhato-piknikszonyeg\/"},"modified":"2026-04-10T10:10:00","modified_gmt":"2026-04-10T08:10:00","slug":"relaxnow-hordozhato-piknikszonyeg","status":"publish","type":"product","link":"https:\/\/smania.store\/hu\/termek\/relaxnow-hordozhato-piknikszonyeg\/","title":{"rendered":"RelaxNow hordozhat\u00f3 strandsz\u0151nyeg"},"content":{"rendered":"<div class=\"smania_landing_description_title\">\u00daJ! RelaxNow hordozhat\u00f3 strandsz\u0151nyeg <\/div>\n<div class=\"smania_landing_description_txt\">Legyen k\u00e9nyelmes a tengerparti pihen\u00e9s!<\/div>\n<div class=\"smania_landing_description_subtitle\">\u00c9lvezze a tengerpart minden \u00f6r\u00f6m\u00e9t, an\u00e9lk\u00fcl, hogy agg\u00f3dnia kellene a bosszant\u00f3 homok vagy v\u00edz miatt. V\u00e1lasszon  homok- \u00e9s v\u00edz\u00e1ll\u00f3 modelljeink k\u00f6z\u00fcl, \u00e9s kezdje meg a kalandokkal teli ny\u00e1ri sz\u00fcnid\u0151t!<\/div>\n<div class=\"smania_landing_description_list\">\n<ul>\n<li>Hordozhat\u00f3 \u00e9s kompakt kialak\u00edt\u00e1s a k\u00f6nnyebb t\u00e1rol\u00e1s \u00e9rdek\u00e9ben <\/li>\n<li>Tart\u00f3s TPU-b\u00f3l \u00e9s poli\u00e9szterb\u0151l k\u00e9sz\u00fclt a mindennapi haszn\u00e1latra<\/li>\n<li>4 horgot tartalmaz a sz\u0151nyeg r\u00f6gz\u00edt\u00e9s\u00e9hez <\/li>\n<li>T\u00f6k\u00e9letes kempingez\u00e9shez \u00e9s tengerparti kalandoz\u00e1shoz, vagy mint j\u00e1tsz\u00f3sz\u0151nyeg <\/li>\n<li>Egyetlen mozdulattal szabaduljon meg a bosszant\u00f3 homokt\u00f3l<\/li>\n<\/ul><\/div>\n","protected":false},"excerpt":{"rendered":"<p>El\u00e9g nagy az eg\u00e9sz csal\u00e1d sz\u00e1m\u00e1ra|Pillanatok alatt szabaduljon meg a nem k\u00edv\u00e1nt homokt\u00f3l|V\u00edz\u00e1ll\u00f3 bevonat|K\u00f6nny\u0171 \u00e9s tart\u00f3s|K\u00fcls\u0151 \u00e9s belt\u00e9ri haszn\u00e1latra|Karcol\u00e1sg\u00e1tl\u00f3 sz\u00f6vet|\u00d6sszecsukhat\u00f3 \u00e9s k\u00f6nnyen hordozhat\u00f3|4 horog mell\u00e9kelt|K\u00f6nny\u0171 tiszt\u00edtani|Anyaga: poli\u00e9szter \u00e9s TPU<\/p>\n","protected":false},"featured_media":50451,"template":"","meta":[],"product_cat":[2253,2386,21,2303],"product_tag":[1546],"acf":[],"_links":{"self":[{"href":"https:\/\/smania.store\/hu\/wp-json\/wp\/v2\/product\/31973"}],"collection":[{"href":"https:\/\/smania.store\/hu\/wp-json\/wp\/v2\/product"}],"about":[{"href":"https:\/\/smania.store\/hu\/wp-json\/wp\/v2\/types\/product"}],"wp:featuredmedia":[{"embeddable":true,"href":"https:\/\/smania.store\/hu\/wp-json\/wp\/v2\/media\/50451"}],"wp:attachment":[{"href":"https:\/\/smania.store\/hu\/wp-json\/wp\/v2\/media?parent=31973"}],"wp:term":[{"taxonomy":"product_cat","embeddable":true,"href":"https:\/\/smania.store\/hu\/wp-json\/wp\/v2\/product_cat?post=31973"},{"taxonomy":"product_tag","embeddable":true,"href":"https:\/\/smania.store\/hu\/wp-json\/wp\/v2\/product_tag?post=31973"}],"curies":[{"name":"wp","href":"https:\/\/api.w.org\/{rel}","templated":true}]}}