{"id":31491,"date":"2022-05-12T06:51:05","date_gmt":"2022-05-12T04:51:05","guid":{"rendered":"https:\/\/smania.store\/hu\/termek\/growball-noveny-gyokerezteto-labda-szett\/"},"modified":"2026-02-14T18:04:34","modified_gmt":"2026-02-14T17:04:34","slug":"growball-noveny-gyokerezteto-labda-szett","status":"publish","type":"product","link":"https:\/\/smania.store\/hu\/termek\/growball-noveny-gyokerezteto-labda-szett\/","title":{"rendered":"GrowBall n\u00f6v\u00e9ny szapor\u00edt\u00f3goly\u00f3"},"content":{"rendered":"<div class=\"smania_landing_description_title\">\u00daJ! GrowBall n\u00f6v\u00e9ny szapor\u00edt\u00f3goly\u00f3 <\/div>\n<div class=\"smania_landing_description_txt\">Sokszorozza meg kerti csod\u00e1it n\u00e9h\u00e1ny h\u00e9t alatt!<\/div>\n<div class=\"smania_landing_description_subtitle\">Bemutatkozik a GrowBall, a nagynyom\u00e1s\u00fa szapor\u00edt\u00f3goly\u00f3, amely forradalmas\u00edtja a n\u00f6v\u00e9nykl\u00f3noz\u00e1st a kert\u00e9szked\u00e9s szerelmeseinek. Szapor\u00edtsa n\u00f6v\u00e9nyeit an\u00e9lk\u00fcl, hogy megzavarn\u00e1 term\u00e9szetes n\u00f6veked\u00e9s\u00fcket, \u00e9s k\u00f6nnyed\u00e9n hozhat l\u00e9tre vir\u00e1gz\u00f3, b\u0151s\u00e9ges kertet. Tapasztalja meg a leveg\u0151r\u00e9tegez\u00e9s var\u00e1zs\u00e1t, \u00e9s keltse \u00e9letre kertj\u00e9t a GrowBall seg\u00edts\u00e9g\u00e9vel!<\/div>\n<div class=\"smania_landing_description_list\">\n<ul>\n<li>Biztons\u00e1gos kl\u00f3noz\u00e1s \u2013 nem k\u00e1ros\u00edtja az anyan\u00f6v\u00e9nyeket<\/li>\n<li>Belt\u00e9ri \u00e9s k\u00fclt\u00e9ri n\u00f6v\u00e9nyekhez haszn\u00e1lhat\u00f3<\/li>\n<li>Er\u0151sebb gy\u00f6kerek \u00e9s gyorsabb \u00e9retts\u00e9g<\/li>\n<li>\u00dajrafelhaszn\u00e1lhat\u00f3 \u00e9s tart\u00f3s PP m\u0171anyag kivitel<\/li>\n<li>H\u00e1rom el\u00e9rhet\u0151 m\u00e9ret: 5, 8 \u00e9s 12 cm<\/li>\n<\/ul><\/div>\n","protected":false},"excerpt":{"rendered":"<p>T\u00f6k\u00e9letes r\u00f3zs\u00e1khoz, k\u00fasz\u00f3n\u00f6v\u00e9nyekhez, f\u00e1khoz stb.|\u0150si leveg\u0151r\u00e9tegez\u00e9si m\u00f3dszer a hat\u00e9kony kl\u00f3noz\u00e1shoz|Az eredm\u00e9nyek mind\u00f6ssze 6-8 h\u00e9ten bel\u00fcl l\u00e1that\u00f3k|Biztons\u00e1gos z\u00e1rak a stabil szapor\u00edt\u00e1s \u00e9rdek\u00e9ben|K\u00f6rnyezetbar\u00e1t \u2013 nincs sz\u00fcks\u00e9g vegyszerekre|P\u00e9nzt takar\u00edthat meg saj\u00e1t n\u00f6v\u00e9nyeinek szapor\u00edt\u00e1s\u00e1val|Ide\u00e1lis kert\u00e9szek \u00e9s n\u00f6v\u00e9nybar\u00e1tok sz\u00e1m\u00e1ra|Neveljen nehezen gy\u00f6kerez\u0151 n\u00f6v\u00e9nyeket, p\u00e9ld\u00e1ul magn\u00f3li\u00e1t \u00e9s kam\u00e9li\u00e1t|B\u0151v\u00edtse kertj\u00e9t er\u0151fesz\u00edt\u00e9s n\u00e9lk\u00fcl|Ny\u0171g\u00f6zze le a l\u00e1togat\u00f3kat buja, vir\u00e1gos kertj\u00e9vel|Mennyis\u00e9g: 5 db|Goly\u00f3 \u00e1tm\u00e9r\u0151je (cm): 5 (S), 8 (M), 12 (L)<\/p>\n","protected":false},"featured_media":46046,"template":"","meta":[],"product_cat":[16,2251,2386],"product_tag":[1503],"acf":[],"_links":{"self":[{"href":"https:\/\/smania.store\/hu\/wp-json\/wp\/v2\/product\/31491"}],"collection":[{"href":"https:\/\/smania.store\/hu\/wp-json\/wp\/v2\/product"}],"about":[{"href":"https:\/\/smania.store\/hu\/wp-json\/wp\/v2\/types\/product"}],"wp:featuredmedia":[{"embeddable":true,"href":"https:\/\/smania.store\/hu\/wp-json\/wp\/v2\/media\/46046"}],"wp:attachment":[{"href":"https:\/\/smania.store\/hu\/wp-json\/wp\/v2\/media?parent=31491"}],"wp:term":[{"taxonomy":"product_cat","embeddable":true,"href":"https:\/\/smania.store\/hu\/wp-json\/wp\/v2\/product_cat?post=31491"},{"taxonomy":"product_tag","embeddable":true,"href":"https:\/\/smania.store\/hu\/wp-json\/wp\/v2\/product_tag?post=31491"}],"curies":[{"name":"wp","href":"https:\/\/api.w.org\/{rel}","templated":true}]}}