{"id":28088,"date":"2021-12-12T19:27:48","date_gmt":"2021-12-12T18:27:48","guid":{"rendered":"https:\/\/smania.store\/hu\/termek\/carverpro-professzionalis-borfeldolgozo-szett\/"},"modified":"2023-11-07T07:27:19","modified_gmt":"2023-11-07T06:27:19","slug":"carverpro-professzionalis-borfeldolgozo-szett","status":"publish","type":"product","link":"https:\/\/smania.store\/hu\/termek\/carverpro-professzionalis-borfeldolgozo-szett\/","title":{"rendered":"CarverPro professzion\u00e1lis b\u0151rfeldolgoz\u00f3 szett"},"content":{"rendered":"<div class=\"smania_landing_description_title\">\u00daJ!\ud83e\uddf5 CarverPro professzion\u00e1lis b\u0151rfeldolgoz\u00f3 szett<\/div>\n<div class=\"smania_landing_description_txt\">T\u00f6k\u00e9letesen megtervezett szett kezd\u0151knek vagy b\u0151rfeldolgoz\u00f3 szakembereknek!<\/div>\n<div class=\"smania_landing_description_subtitle\">Kiv\u00e1l\u00f3 min\u0151s\u00e9g\u0171 \u00e9s kiterjedt szett a k\u00fcl\u00f6nf\u00e9le b\u0151rterm\u00e9kek feldolgoz\u00e1s\u00e1hoz szolg\u00e1l\u00f3 eszk\u00f6z\u00f6kkel. Ak\u00e1r teljesen kezd\u0151, ak\u00e1r profi a b\u0151rterm\u00e9kek feldolgoz\u00e1s\u00e1ban, ez a b\u0151rfeldolgoz\u00f3 szett mindent megad, amire sz\u00fcks\u00e9ge lehet b\u00e1rmilyen b\u0151rfeldolgoz\u00f3 projekthez. <\/div>\n<div class=\"smania_landing_description_list\">\n<ul>\n<li>Kiterjedt szett finom b\u0151rterm\u00e9kek feldolgoz\u00e1s\u00e1hoz<\/li>\n<li>K\u00fcl\u00f6nb\u00f6z\u0151 kiv\u00e1l\u00f3 min\u0151s\u00e9g\u0171 eszk\u00f6z\u00f6k<\/li>\n<li>K\u00e9nyelmes \u00e9s ergonomikus foganty\u00fak<\/li>\n<li>Eszk\u00f6z\u00f6k f\u00far\u00e1shoz, varr\u00e1shoz, d\u00edsz\u00edt\u00e9shez, \u00e9lek csiszol\u00e1s\u00e1hoz \u00e9s egy\u00e9b technik\u00e1khoz<\/li>\n<\/ul><\/div>\n","protected":false},"excerpt":{"rendered":"<p>Kiv\u00e1l\u00f3 min\u0151s\u00e9g\u0171 szett|K\u00e9nyelmes fa foganty\u00fak|Minden t\u00edpus\u00fa b\u0151rterm\u00e9khez|Ide\u00e1lis kezd\u0151knek \u00e9s profiknak|T\u00f6k\u00e9letes aj\u00e1nd\u00e9k\u00f6tlet|Tart\u00f3s m\u0171anyag dobozban kaphat\u00f3|46 darabos szett|Dimenzi\u00f3: 25 \u00d7 21 \u00d7 7 cm<\/p>\n","protected":false},"featured_media":37435,"template":"","meta":[],"product_cat":[222,2220],"product_tag":[1789],"acf":[],"_links":{"self":[{"href":"https:\/\/smania.store\/hu\/wp-json\/wp\/v2\/product\/28088"}],"collection":[{"href":"https:\/\/smania.store\/hu\/wp-json\/wp\/v2\/product"}],"about":[{"href":"https:\/\/smania.store\/hu\/wp-json\/wp\/v2\/types\/product"}],"wp:featuredmedia":[{"embeddable":true,"href":"https:\/\/smania.store\/hu\/wp-json\/wp\/v2\/media\/37435"}],"wp:attachment":[{"href":"https:\/\/smania.store\/hu\/wp-json\/wp\/v2\/media?parent=28088"}],"wp:term":[{"taxonomy":"product_cat","embeddable":true,"href":"https:\/\/smania.store\/hu\/wp-json\/wp\/v2\/product_cat?post=28088"},{"taxonomy":"product_tag","embeddable":true,"href":"https:\/\/smania.store\/hu\/wp-json\/wp\/v2\/product_tag?post=28088"}],"curies":[{"name":"wp","href":"https:\/\/api.w.org\/{rel}","templated":true}]}}