{"id":27804,"date":"2021-12-06T11:36:12","date_gmt":"2021-12-06T10:36:12","guid":{"rendered":"https:\/\/smania.store\/hu\/termek\/3d-karacsonyfa-csucsdisz\/"},"modified":"2026-01-01T14:48:27","modified_gmt":"2026-01-01T13:48:27","slug":"3d-karacsonyfa-csucsdisz","status":"publish","type":"product","link":"https:\/\/smania.store\/hu\/termek\/3d-karacsonyfa-csucsdisz\/","title":{"rendered":"3D kar\u00e1csonyfa cs\u00facsd\u00edsz"},"content":{"rendered":"<div class=\"smania_landing_description_title\">Var\u00e1zslatos!\ud83c\udf84\ud83c\udf87 3D kar\u00e1csonyfa cs\u00facsd\u00edsz<\/div>\n<div class=\"smania_landing_description_txt\">A kar\u00e1csonyf\u00e1ja meg\u00e9rdemli a legszebb csillagot!<\/div>\n<div class=\"smania_landing_description_subtitle\">T\u00f6ltse az idei kar\u00e1csonyi \u00fcnnepeket a valaha legszebben feld\u00edsz\u00edtett fa csod\u00e1l\u00e1s\u00e1val. A var\u00e1zslatos 3D csillag felmeleg\u00edti a hangulatot az otthon\u00e1ban, \u00e9s kellemesen meglepi a vend\u00e9geit.<\/div>\n<div class=\"smania_landing_description_list\">\n<ul>\n<li>Gy\u00f6ny\u00f6r\u0171 h\u00e1romdimenzi\u00f3s csillag, amely var\u00e1zslatos hangulatot visz otthon\u00e1ba<\/li>\n<li>Kiv\u00e1l\u00f3 min\u0151s\u00e9g\u0171 anyagokb\u00f3l k\u00e9sz\u00fclt, csillog\u00f3 porral bevonva<\/li>\n<li>Az \u00e1ll\u00edthat\u00f3 bels\u0151 LED izz\u00f3 h\u00f3pelyheket vet\u00edt a falra \u00e9s a mennyezetre<\/li>\n<li>Ez a csod\u00e1latos d\u00edsz lesz a cseresznye a kar\u00e1csonyfa tetej\u00e9n, \u00e9s megvil\u00e1g\u00edtja a sz\u00edv\u00e9t<\/li>\n<\/ul>\n<\/div>\n","protected":false},"excerpt":{"rendered":"<p>Ide\u00e1lis belt\u00e9ri haszn\u00e1latra|Vet\u00edt\u00e9si tartom\u00e1ny: 2-5 m\u00b2|Min\u00e9l t\u00e1volabb van a mennyezett\u0151l, ann\u00e1l nagyobb a vet\u00edt\u00e9si tartom\u00e1ny|Romantikus \u00e9s hangulatos l\u00e9gk\u00f6rt teremt|Arany \u00e9s ez\u00fcst sz\u00ednben kaphat\u00f3|Anyagok: ABS + m\u0171anyag|M\u00e9ret: 27 \u00d7 28 \u00d7 12 cm|Vezet\u00e9k hossza: 2,4 m\u00e9ter<\/p>\n","protected":false},"featured_media":27798,"template":"","meta":[],"product_cat":[23,2162,2386,2623],"product_tag":[2112],"acf":[],"_links":{"self":[{"href":"https:\/\/smania.store\/hu\/wp-json\/wp\/v2\/product\/27804"}],"collection":[{"href":"https:\/\/smania.store\/hu\/wp-json\/wp\/v2\/product"}],"about":[{"href":"https:\/\/smania.store\/hu\/wp-json\/wp\/v2\/types\/product"}],"wp:featuredmedia":[{"embeddable":true,"href":"https:\/\/smania.store\/hu\/wp-json\/wp\/v2\/media\/27798"}],"wp:attachment":[{"href":"https:\/\/smania.store\/hu\/wp-json\/wp\/v2\/media?parent=27804"}],"wp:term":[{"taxonomy":"product_cat","embeddable":true,"href":"https:\/\/smania.store\/hu\/wp-json\/wp\/v2\/product_cat?post=27804"},{"taxonomy":"product_tag","embeddable":true,"href":"https:\/\/smania.store\/hu\/wp-json\/wp\/v2\/product_tag?post=27804"}],"curies":[{"name":"wp","href":"https:\/\/api.w.org\/{rel}","templated":true}]}}