{"id":27461,"date":"2021-11-19T12:48:50","date_gmt":"2021-11-19T11:48:50","guid":{"rendered":"https:\/\/smania.store\/hu\/termek\/feng-shui-bonsai-szokokut\/"},"modified":"2022-04-27T21:58:31","modified_gmt":"2022-04-27T19:58:31","slug":"feng-shui-bonsai-szokokut","status":"publish","type":"product","link":"https:\/\/smania.store\/hu\/termek\/feng-shui-bonsai-szokokut\/","title":{"rendered":"Feng Shui Bonsai sz\u00f6k\u0151k\u00fat"},"content":{"rendered":"<div class=\"smania_landing_description_title\">\u00daJ! Feng Shui Bonsai sz\u00f6k\u0151k\u00fat<\/div>\n<div class=\"smania_landing_description_txt\">Gazdag\u00edtsa otthon\u00e1t feng shui energi\u00e1val, \u00e9s tal\u00e1lja meg a bels\u0151 b\u00e9k\u00e9t!<\/div>\n<div class=\"smania_landing_description_subtitle\">Vezesse be a v\u00edz elem\u00e9t otthon\u00e1ba a Bonsai otthoni sz\u00f6k\u0151k\u00fattal. A sz\u00f6k\u0151k\u00fat nyugtat\u00f3 hat\u00e1st biztosit nappali\u00e1ban, mik\u00f6zben cs\u00f6kkenti a stresszt \u00e9s a helyet pozit\u00edv energi\u00e1val t\u00f6lti fel. A szoba d\u00e9lkeleti r\u00e9sz\u00e9be t\u00f6rt\u00e9n\u0151 elhelyez\u00e9se p\u00e9nz\u00fcgyi el\u0151ny\u00f6ket hoz \u00d6nnek.<\/div>\n<div class=\"smania_landing_description_list\">\n<ul>\n<li>B\u00e1rmilyen szob\u00e1t d\u00edszesebb\u00e9 tesz, \u00e9s kellemes hangulatot biztosit<\/li>\n<li>A k\u00f6rnyezeti f\u00e9ny romantikus l\u00e9gk\u00f6rt teremt<\/li>\n<li>Gy\u00f6ny\u00f6r\u0171 d\u00edsz b\u00e1rmilyen irod\u00e1ban vagy helyis\u00e9gben<\/li>\n<li>A v\u00edz csendes pezsg\u00e9se megnyugtatja, \u00e9s seg\u00edti a medit\u00e1ci\u00f3ban<\/li>\n<li>Kis n\u00f6v\u00e9nyeket \u00fcltethet bele<\/li>\n<\/ul>\n<\/div>\n","protected":false},"excerpt":{"rendered":"<p>Inspir\u00e1lja a miniat\u0171r v\u00edzes\u00e9s\u00e9vel \u00e9s medenc\u00e9ivel|Min\u0151s\u00e9gi anyagb\u00f3l k\u00e9sz\u00fclt, amely hossz\u00fa \u00e9lettartamot biztos\u00edt|Nagyszer\u0171 aj\u00e1nd\u00e9kk\u00e9n is|Anyag: Mesters\u00e9ges gyanta|S\u00falya: 1606 g|M\u00e9retei: 20 \u00d7 28 \u00d7 15 cm<\/p>\n","protected":false},"featured_media":27852,"template":"","meta":[],"product_cat":[16],"product_tag":[1555,1478],"acf":[],"_links":{"self":[{"href":"https:\/\/smania.store\/hu\/wp-json\/wp\/v2\/product\/27461"}],"collection":[{"href":"https:\/\/smania.store\/hu\/wp-json\/wp\/v2\/product"}],"about":[{"href":"https:\/\/smania.store\/hu\/wp-json\/wp\/v2\/types\/product"}],"wp:featuredmedia":[{"embeddable":true,"href":"https:\/\/smania.store\/hu\/wp-json\/wp\/v2\/media\/27852"}],"wp:attachment":[{"href":"https:\/\/smania.store\/hu\/wp-json\/wp\/v2\/media?parent=27461"}],"wp:term":[{"taxonomy":"product_cat","embeddable":true,"href":"https:\/\/smania.store\/hu\/wp-json\/wp\/v2\/product_cat?post=27461"},{"taxonomy":"product_tag","embeddable":true,"href":"https:\/\/smania.store\/hu\/wp-json\/wp\/v2\/product_tag?post=27461"}],"curies":[{"name":"wp","href":"https:\/\/api.w.org\/{rel}","templated":true}]}}