{"id":26854,"date":"2021-10-29T08:18:24","date_gmt":"2021-10-29T06:18:24","guid":{"rendered":"https:\/\/smania.store\/hu\/termek\/snughug-kapucnis-takaro\/"},"modified":"2026-01-04T13:12:14","modified_gmt":"2026-01-04T12:12:14","slug":"snughug-kapucnis-takaro","status":"publish","type":"product","link":"https:\/\/smania.store\/hu\/termek\/snughug-kapucnis-takaro\/","title":{"rendered":"SnugHug kapucnis takar\u00f3"},"content":{"rendered":"<div class=\"smania_landing_description_title\">\u00dajdons\u00e1g az online \u00e1ruh\u00e1zunkban!SnugHug kapucnis takar\u00f3<\/div>\n<div class=\"smania_landing_description_txt\">\u00c9lvezze a SnugHug takar\u00f3 meleg \u00f6lel\u00e9s\u00e9t!<\/div>\n<div class=\"smania_landing_description_subtitle\">Helyezze fel mag\u00e1ra a meleg SnugHug takar\u00f3t, \u00e9s m\u00e9g a leghidegebb napokban is melegedjen fel. Ez a kiv\u00e1l\u00f3 min\u0151s\u00e9g\u0171 ruhadarab p\u00e1rosul a vonz\u00f3 megjelen\u00e9ssel, gondoskodik az \u00d6n k\u00e9nyelm\u00e9r\u0151l, ak\u00e1r otthon, ak\u00e1r a hideg csillagos \u00e9jszaka alatt.<\/div>\n<div class=\"smania_landing_description_list\">\n<ul>\n<li>Meleg, j\u00f3 min\u0151s\u00e9g\u0171 gyapj\u00fab\u00f3l k\u00e9sz\u00fcl<\/li>\n<li>Puha \u00e9s k\u00e9nyelmes<\/li>\n<li>Kapucnit \u00e9s hossz\u00fa \u00fajakat k\u00edn\u00e1l a hideg elker\u00fcl\u00e9s\u00e9re<\/li>\n<li>K\u00fcl\u00f6nb\u00f6z\u0151 sz\u00ednv\u00e1laszt\u00e9k<\/li>\n<li>Belt\u00e9ri \u00e9s k\u00fclt\u00e9ri haszn\u00e1latra egyar\u00e1nt<\/li>\n<\/ul><\/div>\n","protected":false},"excerpt":{"rendered":"<p>Csod\u00e1latos diz\u00e1jn\u00fa|Hihetetlen\u00fcl meleg|Min\u0151s\u00e9gi kialak\u00edt\u00e1s |Egyes v\u00e1ltozatok vil\u00e1g\u00edtanak a s\u00f6t\u00e9tben|Anyag: 100%-os poli\u00e9szter sz\u00e1lak|Hihetetlen k\u00e9nyelem|Egy m\u00e9ret megfelel mindenkinek|T\u00f6k\u00e9letes aj\u00e1nd\u00e9k a hideg t\u00e9li napokban<\/p>\n","protected":false},"featured_media":95075,"template":"","meta":[],"product_cat":[2482,21],"product_tag":[1547],"acf":[],"_links":{"self":[{"href":"https:\/\/smania.store\/hu\/wp-json\/wp\/v2\/product\/26854"}],"collection":[{"href":"https:\/\/smania.store\/hu\/wp-json\/wp\/v2\/product"}],"about":[{"href":"https:\/\/smania.store\/hu\/wp-json\/wp\/v2\/types\/product"}],"wp:featuredmedia":[{"embeddable":true,"href":"https:\/\/smania.store\/hu\/wp-json\/wp\/v2\/media\/95075"}],"wp:attachment":[{"href":"https:\/\/smania.store\/hu\/wp-json\/wp\/v2\/media?parent=26854"}],"wp:term":[{"taxonomy":"product_cat","embeddable":true,"href":"https:\/\/smania.store\/hu\/wp-json\/wp\/v2\/product_cat?post=26854"},{"taxonomy":"product_tag","embeddable":true,"href":"https:\/\/smania.store\/hu\/wp-json\/wp\/v2\/product_tag?post=26854"}],"curies":[{"name":"wp","href":"https:\/\/api.w.org\/{rel}","templated":true}]}}