{"id":26645,"date":"2021-10-21T10:50:43","date_gmt":"2021-10-21T08:50:43","guid":{"rendered":"https:\/\/smania.store\/hu\/termek\/staplemaster-muanyag-hegeszto\/"},"modified":"2025-09-22T17:30:59","modified_gmt":"2025-09-22T15:30:59","slug":"staplemaster-muanyag-hegeszto","status":"publish","type":"product","link":"https:\/\/smania.store\/hu\/termek\/staplemaster-muanyag-hegeszto\/","title":{"rendered":"StapleMaster m\u0171anyag hegeszt\u0151"},"content":{"rendered":"<div class=\"smania_landing_description_title\">\u00daJ! StapleMaster m\u0171anyag hegeszt\u0151<\/div>\n<div class=\"smania_landing_description_txt\">Jav\u00edtsa meg a t\u00f6r\u00f6tt m\u0171anyagot egy szempillant\u00e1s alatt!<\/div>\n<div class=\"smania_landing_description_subtitle\">Ez a m\u0171anyag hegeszt\u0151 pisztoly a legide\u00e1lisabb megold\u00e1st k\u00edn\u00e1lja a legkorszer\u0171bb m\u0171anyag term\u00e9kekhez, p\u00e9ld\u00e1ul aut\u00f3 l\u00f6kh\u00e1r\u00edt\u00f3khoz, f\u00e9nysz\u00f3r\u00f3khoz, b\u00fatoralkatr\u00e9szekhez \u00e9s napi m\u0171anyag term\u00e9kekhez.  Tart\u00f3s anyagokb\u00f3l k\u00e9sz\u00fcl  \u00e9s  200 rozsdamentes ac\u00e9l kapocs mell\u00e9kelt, amelynek k\u00f6sz\u00f6nhet\u0151en mostant\u00f3l elt\u00e1vol\u00edthatja a reped\u00e9seket vagy s\u00e9r\u00fcl\u00e9seket a m\u0171anyag term\u00e9kekr\u0151l.<\/div>\n<div class=\"smania_landing_description_list\">\n<ul>\n<li>Egyszer\u0171 \u00e9s gyors m\u00f3dszere a legt\u00f6bb m\u0171anyagb\u00f3l k\u00e9sz\u00fclt term\u00e9k megjav\u00edt\u00e1s\u00e1nak<\/li>\n<li>Kiv\u00e1l\u00f3 min\u0151s\u00e9g\u0171 rozsdamentes ac\u00e9l kapcsok, amelyek nem rozsd\u00e1sodnak el<\/li>\n<li>Ergonomikus kialak\u00edt\u00e1s, hogy t\u00f6k\u00e9letesen illeszkedjen a k\u00e9zbe<\/li>\n<li>K\u00f6nny\u0171 \u00e9s hordozhat\u00f3 pisztoly<\/li>\n<li>M\u0171anyag aut\u00f3alkatr\u00e9szek, j\u00e1t\u00e9kok, b\u00fatorok \u00e9s egy\u00e9b m\u0171anyag jav\u00edt\u00e1sra alkalmas<\/li>\n<\/ul><\/div>\n","protected":false},"excerpt":{"rendered":"<p>T\u0171z\u0151hegeszt\u00e9s gyorsan \u00e9s egyszer\u0171en m\u0171anyagokba|T\u00falmeleged\u00e9s elleni v\u00e9delem|K\u00f6nny\u0171 haszn\u00e1lni|Ergonomikus \u00e9s tart\u00f3s foganty\u00fa|Sp\u00f3roljon id\u0151t \u00e9s p\u00e9nzt|V\u00e1gott anyag: rozsdamentes ac\u00e9l|Hegeszt\u0151 pisztoly s\u00falya: 490 g|Er\u0151: 50 W|Teljes k\u00e9szlet: 1 \u00d7 hegeszt\u0151pisztoly, 1 \u00d7 fog\u00f3, 1 \u00d7 k\u00e9s, 1 \u00d7 hordoz\u00f3doboz, 200 \u00d7 kapocs<\/p>\n","protected":false},"featured_media":52450,"template":"","meta":[],"product_cat":[2243,222],"product_tag":[1791],"acf":[],"_links":{"self":[{"href":"https:\/\/smania.store\/hu\/wp-json\/wp\/v2\/product\/26645"}],"collection":[{"href":"https:\/\/smania.store\/hu\/wp-json\/wp\/v2\/product"}],"about":[{"href":"https:\/\/smania.store\/hu\/wp-json\/wp\/v2\/types\/product"}],"wp:featuredmedia":[{"embeddable":true,"href":"https:\/\/smania.store\/hu\/wp-json\/wp\/v2\/media\/52450"}],"wp:attachment":[{"href":"https:\/\/smania.store\/hu\/wp-json\/wp\/v2\/media?parent=26645"}],"wp:term":[{"taxonomy":"product_cat","embeddable":true,"href":"https:\/\/smania.store\/hu\/wp-json\/wp\/v2\/product_cat?post=26645"},{"taxonomy":"product_tag","embeddable":true,"href":"https:\/\/smania.store\/hu\/wp-json\/wp\/v2\/product_tag?post=26645"}],"curies":[{"name":"wp","href":"https:\/\/api.w.org\/{rel}","templated":true}]}}