{"id":25508,"date":"2021-10-11T13:31:36","date_gmt":"2021-10-11T11:31:36","guid":{"rendered":"https:\/\/smania.store\/hu\/termek\/mandala-kerek-strandtorolkozo\/"},"modified":"2025-01-29T08:35:32","modified_gmt":"2025-01-29T07:35:32","slug":"mandala-kerek-strandtorolkozo","status":"publish","type":"product","link":"https:\/\/smania.store\/hu\/termek\/mandala-kerek-strandtorolkozo\/","title":{"rendered":"Mandala kerek strandt\u00f6r\u00f6lk\u00f6z\u0151"},"content":{"rendered":"<div class=\"smania_landing_description_title\">\u00daJ! Mandala kerek strandt\u00f6r\u00f6lk\u00f6z\u0151 <\/div>\n<div class=\"smania_landing_description_txt\">Egy kellemes napra a tengerparton!<\/div>\n<div class=\"smania_landing_description_subtitle\">Rendk\u00edv\u00fcl puha \u00e9s tart\u00f3s, t\u00f6r\u00f6lk\u00f6z\u0151k\u00e9nt vagy takar\u00f3k\u00e9nt haszn\u00e1lhat\u00f3. Vigye mag\u00e1val a strandra, piknikezni, vagy egyszer\u0171en helyezze el a teraszon, \u00e9s \u00e9lvezze a nyarat.<\/div>\n<div class=\"smania_landing_description_list\">\n<ul>\n<li>St\u00edlusos boh\u00e9m megjelen\u00e9s<\/li>\n<li>Hihetetlen\u00fcl gyeng\u00e9d \u00e9s kellemes tapint\u00e1s\u00fa<\/li>\n<li>Rendk\u00edv\u00fcl nedvsz\u00edv\u00f3 \u00e9s gyorsan sz\u00e1rad\u00f3<\/li>\n<li>A t\u00f6k\u00e9letes m\u00e9ret, amelybe beb\u00fajhat<\/li>\n<li>\u00c9l\u00e9nk sz\u00ednek, amelyek nem fakulnak<\/li>\n<\/ul><\/div>\n","protected":false},"excerpt":{"rendered":"<p>Alkalmas t\u00f6r\u00f6lk\u00f6z\u0151k\u00e9nt, takar\u00f3k\u00e9nt vagy mint dekorat\u00edv darab|Csod\u00e1latos geometriai boh\u00e9m mint\u00e1k|Gyorsan sz\u00e1rad\u00f3 \u00e9s k\u00f6nnyen tiszt\u00edthat\u00f3|Gy\u00f6ny\u00f6r\u0171, \u00e9l\u00e9nk sz\u00ednek|Extra puha \u00e9s k\u00e9nyelmes|Rendk\u00edv\u00fcl nedvsz\u00edv\u00f3|Dimenzi\u00f3: 150 \u00d7 150 cm|Anyaga: mikrosz\u00e1las<\/p>\n","protected":false},"featured_media":28981,"template":"","meta":[],"product_cat":[2386,21,2303],"product_tag":[1546],"acf":[],"_links":{"self":[{"href":"https:\/\/smania.store\/hu\/wp-json\/wp\/v2\/product\/25508"}],"collection":[{"href":"https:\/\/smania.store\/hu\/wp-json\/wp\/v2\/product"}],"about":[{"href":"https:\/\/smania.store\/hu\/wp-json\/wp\/v2\/types\/product"}],"wp:featuredmedia":[{"embeddable":true,"href":"https:\/\/smania.store\/hu\/wp-json\/wp\/v2\/media\/28981"}],"wp:attachment":[{"href":"https:\/\/smania.store\/hu\/wp-json\/wp\/v2\/media?parent=25508"}],"wp:term":[{"taxonomy":"product_cat","embeddable":true,"href":"https:\/\/smania.store\/hu\/wp-json\/wp\/v2\/product_cat?post=25508"},{"taxonomy":"product_tag","embeddable":true,"href":"https:\/\/smania.store\/hu\/wp-json\/wp\/v2\/product_tag?post=25508"}],"curies":[{"name":"wp","href":"https:\/\/api.w.org\/{rel}","templated":true}]}}