{"id":25426,"date":"2021-10-11T13:26:04","date_gmt":"2021-10-11T11:26:04","guid":{"rendered":"https:\/\/smania.store\/hu\/termek\/queensy-atlatszo-strand-szoknya\/"},"modified":"2025-07-12T10:17:10","modified_gmt":"2025-07-12T08:17:10","slug":"queensy-atlatszo-strand-szoknya","status":"publish","type":"product","link":"https:\/\/smania.store\/hu\/termek\/queensy-atlatszo-strand-szoknya\/","title":{"rendered":"Queensy \u00e1tl\u00e1tsz\u00f3 strand szoknya"},"content":{"rendered":"<div class=\"smania_landing_description_title\">\u00daJ!  Queensy \u00e1tl\u00e1tsz\u00f3 strand szoknya<\/div>\n<div class=\"smania_landing_description_txt\">Relax\u00e1ljon st\u00edlusosan!<\/div>\n<div class=\"smania_landing_description_subtitle\">Viselje a Queensy szokny\u00e1t a forr\u00f3 ny\u00e1ri napokon a strandon vagy a medenc\u00e9n\u00e9l, \u00e9s \u00e9rezze mag\u00e1t relax\u00e1ltnak, szabadnak \u00e9s gy\u00f6ny\u00f6r\u0171nek! Ruhadarab, amely nem hi\u00e1nyozhat a szekr\u00e9nyb\u0151l.<\/div>\n<div class=\"smania_landing_description_list\">\n<ul>\n<li>H\u00e1l\u00f3s szoknya, t\u00f6k\u00e9letesen viselhet\u0151 f\u00fcrd\u0151ruha felett<\/li>\n<li>Alkalmas strandi, medenc\u00e9s \u00e9s tengerparti s\u00e9t\u00e1kra<\/li>\n<li>Extra st\u00edlust k\u00edn\u00e1l, ugyanakkor v\u00e9delmet ny\u00fajt a k\u00edv\u00e1ncsi tekintetek el\u0151l<\/li>\n<li>Univerz\u00e1lis m\u00e9ret, amely illeszkedik a legt\u00f6bb testt\u00edpushoz<\/li>\n<li>Hull\u00e1mos diz\u00e1jn \u00f6vvel a k\u00e9nyelem \u00e9s a teljes szabads\u00e1g \u00e9rdek\u00e9ben<\/li>\n<\/ul><\/div>\n","protected":false},"excerpt":{"rendered":"<p>K\u00f6telez\u0151 ruhadarab ny\u00e1rra|Vonz\u00f3 modell, amely megmutatja az egyik l\u00e1b\u00e1t|Puha \u00e9s kellemes tapint\u00e1s\u00fa anyag|St\u00edlusosan takarja el a f\u00fcrd\u0151ruh\u00e1j\u00e1t|T\u00f6k\u00e9letes aj\u00e1nd\u00e9k minden n\u0151nek|Anyag: poli\u00e9szter|Der\u00e9kb\u0151s\u00e9g: 64\u201380 cm|Hossza: 102 cm<\/p>\n","protected":false},"featured_media":25422,"template":"","meta":[],"product_cat":[2159,2386,2482,21,2303],"product_tag":[2485,1513,1547],"acf":[],"_links":{"self":[{"href":"https:\/\/smania.store\/hu\/wp-json\/wp\/v2\/product\/25426"}],"collection":[{"href":"https:\/\/smania.store\/hu\/wp-json\/wp\/v2\/product"}],"about":[{"href":"https:\/\/smania.store\/hu\/wp-json\/wp\/v2\/types\/product"}],"wp:featuredmedia":[{"embeddable":true,"href":"https:\/\/smania.store\/hu\/wp-json\/wp\/v2\/media\/25422"}],"wp:attachment":[{"href":"https:\/\/smania.store\/hu\/wp-json\/wp\/v2\/media?parent=25426"}],"wp:term":[{"taxonomy":"product_cat","embeddable":true,"href":"https:\/\/smania.store\/hu\/wp-json\/wp\/v2\/product_cat?post=25426"},{"taxonomy":"product_tag","embeddable":true,"href":"https:\/\/smania.store\/hu\/wp-json\/wp\/v2\/product_tag?post=25426"}],"curies":[{"name":"wp","href":"https:\/\/api.w.org\/{rel}","templated":true}]}}