{"id":24384,"date":"2021-10-11T12:14:09","date_gmt":"2021-10-11T10:14:09","guid":{"rendered":"https:\/\/smania.store\/hu\/termek\/lathatatlan-push-up-melltarto\/"},"modified":"2022-05-22T16:05:08","modified_gmt":"2022-05-22T14:05:08","slug":"lathatatlan-push-up-melltarto","status":"publish","type":"product","link":"https:\/\/smania.store\/hu\/termek\/lathatatlan-push-up-melltarto\/","title":{"rendered":"L\u00e1thatatlan Push-Up melltart\u00f3"},"content":{"rendered":"<div class=\"smania_landing_description_title\">Ism\u00e9t k\u00e9szleten! Hihetetlen l\u00e1thatatlan Push-Up melltart\u00f3<\/div>\n<div class=\"smania_landing_description_txt\">Azonnali push-up! L\u00e1thatatlan, nincs h\u00e1ta \u00e9s p\u00e1ntja, a leg\u00fajabb innov\u00e1ci\u00f3s push up melltart\u00f3!<\/div>\n<div class=\"smania_landing_description_subtitle\">Szeretn\u00e9d megemelni \u00e9s hangs\u00falyozni dekolt\u00e1zsodat, vagy csak szeretn\u00e9d a m\u00e9lyen kiv\u00e1gott h\u00e1t\u00fa ny\u00e1ri ruh\u00e1dat gondtalanul viselni?<\/div>\n<div class=\"smania_landing_description_list\">\n<ul>\n<li>Ebben a melltart\u00f3ban szabadon mozoghatsz. Minden a hely\u00e9n marad, mert megfelel\u0151en tapad.<\/li>\n<li>Azonnali push up &#8211; a kosarak k\u00f6z\u00f6tt gyorsan \u00e1ll\u00edthat\u00f3 zsin\u00f3rral, d\u00fas, telt \u00e9s vonz\u00f3 dekolt\u00e1zst var\u00e1zsolhatsz.<\/li>\n<li>Ide\u00e1lis a ny\u00e1ri ruh\u00e1khoz \u00e9s a sokat megmutat\u00f3 eleg\u00e1ns \u00e9s szexi ruh\u00e1khoz.<\/li>\n<li>Kiv\u00e9teles anyagokb\u00f3l. Felsz\u00edne &#8211; sima nylon, l\u00e1thatatlan als\u00f3ruh\u00e1zat. Bels\u0151 oldala &#8211; szilikon, mely a b\u0151rnek kellemes. T\u00f6lt\u00e9se &#8211; hab anyag, a d\u00fasabb keblek\u00e9rt!<\/li>\n<li>K\u00e9tf\u00e9le sz\u00ednben: l\u00e1thatatlan b\u00e9zs vagy klasszikus fekete sz\u00ednben.<\/li>\n<li>Ide\u00e1lis aj\u00e1nd\u00e9k magadnak vagy a bar\u00e1tn\u0151idnek!<\/li>\n<\/ul><\/div>\n","protected":false},"excerpt":{"rendered":"<p>visel\u00e9se biztons\u00e1gos \u00e9s k\u00e9nyelmes|azonnali mellemel\u0151 hat\u00e1s|nincs p\u00e1ntja &amp; h\u00e1tulja|tart\u00f3s|morhat\u00f3 \u00e9s \u00fajra felhaszn\u00e1lhat\u00f3 |nem cs\u00faszk\u00e1l!|al\u00e1t\u00e1maszt, megemel &amp; form\u00e1z|csod\u00e1s pillang\u00f3 forma|l\u00e1thatatlan|szabadon\u00e1ll\u00f3|push up hat\u00e1s|kos\u00e1rm\u00e9ret A-t\u00f3l D-ig<\/p>\n","protected":false},"featured_media":24380,"template":"","meta":[],"product_cat":[19],"product_tag":[1859],"acf":[],"_links":{"self":[{"href":"https:\/\/smania.store\/hu\/wp-json\/wp\/v2\/product\/24384"}],"collection":[{"href":"https:\/\/smania.store\/hu\/wp-json\/wp\/v2\/product"}],"about":[{"href":"https:\/\/smania.store\/hu\/wp-json\/wp\/v2\/types\/product"}],"wp:featuredmedia":[{"embeddable":true,"href":"https:\/\/smania.store\/hu\/wp-json\/wp\/v2\/media\/24380"}],"wp:attachment":[{"href":"https:\/\/smania.store\/hu\/wp-json\/wp\/v2\/media?parent=24384"}],"wp:term":[{"taxonomy":"product_cat","embeddable":true,"href":"https:\/\/smania.store\/hu\/wp-json\/wp\/v2\/product_cat?post=24384"},{"taxonomy":"product_tag","embeddable":true,"href":"https:\/\/smania.store\/hu\/wp-json\/wp\/v2\/product_tag?post=24384"}],"curies":[{"name":"wp","href":"https:\/\/api.w.org\/{rel}","templated":true}]}}