{"id":23678,"date":"2021-10-11T10:31:54","date_gmt":"2021-10-11T08:31:54","guid":{"rendered":"https:\/\/smania.store\/hu\/termek\/caketime-tortaforma-szett\/"},"modified":"2023-12-15T12:54:43","modified_gmt":"2023-12-15T11:54:43","slug":"caketime-tortaforma-szett","status":"publish","type":"product","link":"https:\/\/smania.store\/hu\/termek\/caketime-tortaforma-szett\/","title":{"rendered":"CakeTime tortaforma szett"},"content":{"rendered":"<div class=\"smania_landing_description_title\">\u00daj! CakeTime tortaforma szett<\/div>\n<div class=\"smania_landing_description_txt\">A s\u00fctem\u00e9ny biztos megold\u00e1s mindenre!<\/div>\n<div class=\"smania_landing_description_subtitle\">Rem\u00e9nytelen\u00fcl keresi a megfelel\u0151 tortaform\u00e1t, amellyel elker\u00fcln\u00e9  a meg\u00e9gett sz\u00e9leket, a morzsol\u00f3d\u00e1st, a ragad\u00e1st  \u00e9s a rendetlen konyh\u00e1t? Ne keressen tov\u00e1bb! Ak\u00e1r profi, ak\u00e1r amat\u0151r cukr\u00e1sz, a CakeTime tortaforma azonnal  \u00faj kedvence lesz  a s\u00fct\u00e9sn\u00e9l!<\/div>\n<div class=\"smania_landing_description_list\">\n<ul>\n<li>Az al\u00e1t\u00e9t gyors \u00e9s egyszer\u0171 elt\u00e1vol\u00edt\u00e1sa<\/li>\n<li>Tapad\u00e1smentes fel\u00fclet<\/li>\n<li>Tart\u00f3s, kiv\u00e1l\u00f3 min\u0151s\u00e9g\u0171 anyagok<\/li>\n<li>Kivehet\u0151 al\u00e1t\u00e9t<\/li>\n<li>Mindenf\u00e9le s\u00fctem\u00e9nyhez t\u00f6k\u00e9letes<\/li>\n<\/ul><\/div>\n","protected":false},"excerpt":{"rendered":"<p>Seg\u00edt gy\u00f6ny\u00f6r\u0171 desszerteket k\u00e9sz\u00edteni|Egyenletes h\u0151vezet\u00e9s|Kivehet\u0151 az alja|K\u00f6nny\u0171 tiszt\u00edtani|Kerek forma \u00e1tm\u00e9r\u0151je: 10\u201325 cm|Magass\u00e1ga: 3,8\u20137,9 cm|N\u00e9gyzet forma \u00e1tm\u00e9r\u0151je: 15\u201325 cm|Magass\u00e1ga: 7,4 cm|Anyag: alum\u00ednium\u00f6tv\u00f6zet<\/p>\n","protected":false},"featured_media":37001,"template":"","meta":[],"product_cat":[223,2417,2386,2338,2204],"product_tag":[1806],"acf":[],"_links":{"self":[{"href":"https:\/\/smania.store\/hu\/wp-json\/wp\/v2\/product\/23678"}],"collection":[{"href":"https:\/\/smania.store\/hu\/wp-json\/wp\/v2\/product"}],"about":[{"href":"https:\/\/smania.store\/hu\/wp-json\/wp\/v2\/types\/product"}],"wp:featuredmedia":[{"embeddable":true,"href":"https:\/\/smania.store\/hu\/wp-json\/wp\/v2\/media\/37001"}],"wp:attachment":[{"href":"https:\/\/smania.store\/hu\/wp-json\/wp\/v2\/media?parent=23678"}],"wp:term":[{"taxonomy":"product_cat","embeddable":true,"href":"https:\/\/smania.store\/hu\/wp-json\/wp\/v2\/product_cat?post=23678"},{"taxonomy":"product_tag","embeddable":true,"href":"https:\/\/smania.store\/hu\/wp-json\/wp\/v2\/product_tag?post=23678"}],"curies":[{"name":"wp","href":"https:\/\/api.w.org\/{rel}","templated":true}]}}