{"id":21739,"date":"2021-10-11T07:21:16","date_gmt":"2021-10-11T05:21:16","guid":{"rendered":"https:\/\/smania.store\/hu\/termek\/pinguice-asztali-tarsasjatek\/"},"modified":"2026-03-16T11:13:35","modified_gmt":"2026-03-16T10:13:35","slug":"pinguice-asztali-tarsasjatek","status":"publish","type":"product","link":"https:\/\/smania.store\/hu\/termek\/pinguice-asztali-tarsasjatek\/","title":{"rendered":"PinguIce asztali t\u00e1rsasj\u00e1t\u00e9k"},"content":{"rendered":"<div class=\"smania_landing_description_title\">Kir\u00e1ly! PinguIce asztali t\u00e1rsasj\u00e1t\u00e9k<\/div>\n<div class=\"smania_landing_description_txt\">A legfelfriss\u00edt\u0151bb t\u00e1rsasj\u00e1t\u00e9k az eg\u00e9sz csal\u00e1d sz\u00e1m\u00e1ra!<\/div>\n<div class=\"smania_landing_description_subtitle\">T\u00f6rje meg az egyhang\u00fas\u00e1got! \u00c9rezze j\u00f3l mag\u00e1t a csal\u00e1dj\u00e1val az aranyos pingvin megment\u00e9se sor\u00e1n. De \u00f3vatosnak kell lennie, nehogy a pingvin hideg v\u00edzbe essen mik\u00f6zben a j\u00e9gre csap, mert akkor elvesz\u00edti a j\u00e1t\u00e9kot!<\/div>\n<div class=\"smania_landing_description_list\">\n<ul>\n<li>V\u00e9gtelen \u00f3r\u00e1nyi sz\u00f3rakoz\u00e1st ny\u00fajt mind a gyerekek, mind a feln\u0151ttek sz\u00e1m\u00e1ra<\/li>\n<li>A j\u00e1t\u00e9k sor\u00e1n er\u0151s\u00edti a csal\u00e1di k\u00f6tel\u00e9keket<\/li>\n<li>El\u0151seg\u00edti a gyerekek strat\u00e9giai gondolkod\u00e1s\u00e1nak fejleszt\u00e9s\u00e9t<\/li>\n<li>A kock\u00e1kra koppint\u00e1s el\u0151seg\u00edti a k\u00e9z\u00fcgyess\u00e9get<\/li>\n<li>A j\u00e1t\u00e9k kiv\u00e1l\u00f3 min\u0151s\u00e9g\u0171 \u00e9s k\u00f6nnyen hordozhat\u00f3<\/li>\n<\/ul>\n<\/div>\n","protected":false},"excerpt":{"rendered":"<p>\u00d3r\u00e1nyi sz\u00f3rakoztat\u00e1st ny\u00fajt|Fokozza a strat\u00e9giai gondolkod\u00e1s fejleszt\u00e9s\u00e9t|El\u0151seg\u00edti a k\u00e9zi \u00fcgyess\u00e9get|Er\u0151s\u00edti a j\u00e1t\u00e9kosok k\u00f6z\u00f6tti k\u00f6tel\u00e9keket|K\u00f6nnyen tiszt\u00edthat\u00f3 \u00e9s t\u00e1rolhat\u00f3|K\u00f6nny\u0171 \u00e9s hordozhat\u00f3|Dimenzi\u00f3k: 22.5 x 19.5 x 7.5 cm|Anyag: ABS<\/p>\n","protected":false},"featured_media":21732,"template":"","meta":[],"product_cat":[17,2161,2623],"product_tag":[1476,1535,1479],"acf":[],"_links":{"self":[{"href":"https:\/\/smania.store\/hu\/wp-json\/wp\/v2\/product\/21739"}],"collection":[{"href":"https:\/\/smania.store\/hu\/wp-json\/wp\/v2\/product"}],"about":[{"href":"https:\/\/smania.store\/hu\/wp-json\/wp\/v2\/types\/product"}],"wp:featuredmedia":[{"embeddable":true,"href":"https:\/\/smania.store\/hu\/wp-json\/wp\/v2\/media\/21732"}],"wp:attachment":[{"href":"https:\/\/smania.store\/hu\/wp-json\/wp\/v2\/media?parent=21739"}],"wp:term":[{"taxonomy":"product_cat","embeddable":true,"href":"https:\/\/smania.store\/hu\/wp-json\/wp\/v2\/product_cat?post=21739"},{"taxonomy":"product_tag","embeddable":true,"href":"https:\/\/smania.store\/hu\/wp-json\/wp\/v2\/product_tag?post=21739"}],"curies":[{"name":"wp","href":"https:\/\/api.w.org\/{rel}","templated":true}]}}