{"id":35453,"date":"2022-11-02T08:30:45","date_gmt":"2022-11-02T07:30:45","guid":{"rendered":"https:\/\/smania.store\/hu\/?page_id=35453"},"modified":"2024-05-21T10:13:01","modified_gmt":"2024-05-21T08:13:01","slug":"outlet","status":"publish","type":"page","link":"https:\/\/smania.store\/hu\/outlet\/","title":{"rendered":"Ki\u00e1rus\u00edt\u00e1s"},"content":{"rendered":"<div style=\"margin-top:-40px;\" class=\"term-description term-description_smania\">\u00c9rdekes \u00e9s hasznos term\u00e9kek hatalmas v\u00e1laszt\u00e9ka v\u00e1rja az Smania Outletben, melyeket most olcs\u00f3bban, ak\u00e1r <b style=\"color:#fff;background:#09c3b2;padding:2px 4px;border-radius:4px;\">15%<\/b>-os kedvezm\u00e9nnyel is beszerezhet! Ne hagyja ki a lehet\u0151s\u00e9get, mert a k\u00e9szleten l\u00e9v\u0151 term\u00e9kek sz\u00e1ma korl\u00e1tozott! Kellemes v\u00e1s\u00e1rl\u00e1st k\u00edv\u00e1nunk!<\/div>\n\n\n<div class=\"wp-block-image smania_category_image_topper smania_category_image_topper-desktop\">\n<figure class=\"aligncenter size-large\" id=\"smania_category_page_img_main\"><img decoding=\"async\" src=\"https:\/\/s-mania.si\/wp-content\/uploads\/OUTLET-desktop-banner-1024x287.png\" alt=\"\" class=\"wp-image-35282\"\/><\/figure><\/div>\n\n<div class=\"wp-block-image smania_category_image_topper smania_category_image_topper-mobile\">\n<figure class=\"aligncenter size-full\" id=\"smania_category_page_img_main\"><img decoding=\"async\" src=\"https:\/\/s-mania.si\/wp-content\/uploads\/OUTLET-mobile-banner.png\" alt=\"\" class=\"wp-image-35291\"\/><\/figure><\/div>\n\n\n<br>\n<div class=\"smania_home_title\" style=\"text-align: left\">\n<span style=\"color:#C20114;font-weight:bold;font-size:42px\">\u00d6sszes term\u00e9k<\/span>\n<\/div>\n","protected":false},"excerpt":{"rendered":"","protected":false},"author":1,"featured_media":0,"parent":0,"menu_order":0,"comment_status":"closed","ping_status":"closed","template":"","meta":[],"acf":[],"_links":{"self":[{"href":"https:\/\/smania.store\/hu\/wp-json\/wp\/v2\/pages\/35453"}],"collection":[{"href":"https:\/\/smania.store\/hu\/wp-json\/wp\/v2\/pages"}],"about":[{"href":"https:\/\/smania.store\/hu\/wp-json\/wp\/v2\/types\/page"}],"author":[{"embeddable":true,"href":"https:\/\/smania.store\/hu\/wp-json\/wp\/v2\/users\/1"}],"replies":[{"embeddable":true,"href":"https:\/\/smania.store\/hu\/wp-json\/wp\/v2\/comments?post=35453"}],"version-history":[{"count":2,"href":"https:\/\/smania.store\/hu\/wp-json\/wp\/v2\/pages\/35453\/revisions"}],"predecessor-version":[{"id":59191,"href":"https:\/\/smania.store\/hu\/wp-json\/wp\/v2\/pages\/35453\/revisions\/59191"}],"wp:attachment":[{"href":"https:\/\/smania.store\/hu\/wp-json\/wp\/v2\/media?parent=35453"}],"curies":[{"name":"wp","href":"https:\/\/api.w.org\/{rel}","templated":true}]}}