{"id":29141,"date":"2022-01-07T11:09:46","date_gmt":"2022-01-07T10:09:46","guid":{"rendered":"https:\/\/smania.store\/hu\/?page_id=29141"},"modified":"2022-01-12T11:35:43","modified_gmt":"2022-01-12T10:35:43","slug":"flash-sale","status":"publish","type":"page","link":"https:\/\/smania.store\/hu\/flash-sale\/","title":{"rendered":"\ud83d\udca5 K\u00dcL\u00d6NLEGES AJ\u00c1NLAT \ud83d\udca5"},"content":{"rendered":"\n<div class=\"wp-block-image\"><figure class=\"aligncenter size-full\"><img decoding=\"async\" loading=\"lazy\" width=\"1800\" height=\"504\" src=\"https:\/\/smania.store\/hu\/wp-content\/uploads\/flash-sale.gif\" alt=\"\" class=\"wp-image-29178\"\/><\/figure><\/div>\n\n\n\n<br>\n<div class=\"smania_home_title\" style=\"text-align: left\">\n<span style=\"color:#C20114;font-weight:bold;font-size:42px\">\u00d6sszes term\u00e9k<\/span>\n<\/div>\n","protected":false},"excerpt":{"rendered":"","protected":false},"author":1,"featured_media":0,"parent":0,"menu_order":0,"comment_status":"closed","ping_status":"closed","template":"","meta":[],"acf":[],"_links":{"self":[{"href":"https:\/\/smania.store\/hu\/wp-json\/wp\/v2\/pages\/29141"}],"collection":[{"href":"https:\/\/smania.store\/hu\/wp-json\/wp\/v2\/pages"}],"about":[{"href":"https:\/\/smania.store\/hu\/wp-json\/wp\/v2\/types\/page"}],"author":[{"embeddable":true,"href":"https:\/\/smania.store\/hu\/wp-json\/wp\/v2\/users\/1"}],"replies":[{"embeddable":true,"href":"https:\/\/smania.store\/hu\/wp-json\/wp\/v2\/comments?post=29141"}],"version-history":[{"count":2,"href":"https:\/\/smania.store\/hu\/wp-json\/wp\/v2\/pages\/29141\/revisions"}],"predecessor-version":[{"id":29179,"href":"https:\/\/smania.store\/hu\/wp-json\/wp\/v2\/pages\/29141\/revisions\/29179"}],"wp:attachment":[{"href":"https:\/\/smania.store\/hu\/wp-json\/wp\/v2\/media?parent=29141"}],"curies":[{"name":"wp","href":"https:\/\/api.w.org\/{rel}","templated":true}]}}