{"id":21393,"date":"2021-10-07T13:05:41","date_gmt":"2021-10-07T11:05:41","guid":{"rendered":"https:\/\/smania.store\/hu\/?page_id=21393"},"modified":"2021-10-07T13:06:37","modified_gmt":"2021-10-07T11:06:37","slug":"suti-szabalyzat","status":"publish","type":"page","link":"https:\/\/smania.store\/hu\/suti-szabalyzat\/","title":{"rendered":"S\u00fcti szab\u00e1lyzat"},"content":{"rendered":"<div class=\"cli_pg_page_contaner\">\n<h3>Err\u0151l a s\u00fcti szab\u00e1lyzatr\u00f3l<\/h3>\n<div>A S\u00fcti szab\u00e1lyzat elmagyar\u00e1zza, hogy mik is a s\u00fctik \u00e9s hogyan haszn\u00e1ljuk \u0151ket, milyen t\u00edpus\u00fa s\u00fctiket haszn\u00e1lunk, pl. s\u00fctik seg\u00edts\u00e9g\u00e9vel gy\u0171jt\u00f6tt adatokat \u00e9s az adatok felhaszn\u00e1l\u00e1s\u00e1nak m\u00f3dj\u00e1t, valamint a s\u00fcti-be\u00e1ll\u00edt\u00e1sok szab\u00e1lyoz\u00e1s\u00e1t. Az \u00d6n szem\u00e9lyes adatainak felhaszn\u00e1l\u00e1s\u00e1val, t\u00e1rol\u00e1s\u00e1val \u00e9s v\u00e9delm\u00e9vel kapcsolatos tov\u00e1bbi inform\u00e1ci\u00f3k\u00e9rt tekintse meg adatv\u00e9delmi ir\u00e1nyelveinket.B\u00e1rmikor megv\u00e1ltoztathatja vagy visszavonhatja a s\u00fctik elfogad\u00e1s\u00e1t a weboldalunkon.Tudjon meg t\u00f6bbet az Adatv\u00e9delmi ir\u00e1nyelveinkben arr\u00f3l, hogy kik vagyunk, hogyan l\u00e9phet kapcsolatba vel\u00fcnk, \u00e9s hogyan dolgozzuk fel a szem\u00e9lyes adatokat.A s\u00fctik elfogad\u00e1sa az \u00d6n fel\u00e9r\u0151l a k\u00f6vetkez\u0151 domainekre vonatkozik:\u00a0 smania.store<div class=\"cli_user_consent_state\">Your current state: No consent given. <a class=\"cli_manage_current_consent\" style=\"cursor:pointer;text-decoration:underline;\">Manage your consent.<\/a> <\/div><\/div>\n<h3><\/h3>\n<h3>Mik azok a s\u00fctik?<\/h3>\n<div>A s\u00fctik kism\u00e9ret\u0171 sz\u00f6veges f\u00e1jlok, amelyek apr\u00f3 inform\u00e1ci\u00f3k t\u00e1rol\u00e1s\u00e1ra szolg\u00e1lnak. Ezeket a k\u00e9sz\u00fcl\u00e9k akkor t\u00e1rolja, amikor a weboldal felt\u00f6lt\u0151dik a b\u00f6ng\u00e9sz\u0151be. Ezek a s\u00fctik seg\u00edtenek abban, hogy a weboldal megfelel\u0151en m\u0171k\u00f6dj\u00f6n, biztons\u00e1gosabb legyen, jobb felhaszn\u00e1l\u00f3i \u00e9lm\u00e9nyt ny\u00fajtsunk, meg\u00e9rts\u00fck a weboldal m\u0171k\u00f6d\u00e9s\u00e9t, \u00e9s elemezz\u00fck, hogy mi m\u0171k\u00f6dik \u00e9s hol kell jav\u00edtani.<\/div>\n<h3><\/h3>\n<h3>Hogyan haszn\u00e1ljuk a s\u00fctiket?<\/h3>\n<div>A legt\u00f6bb online szolg\u00e1ltat\u00e1shoz hasonl\u00f3an a weboldalunk is els\u0151 \u00e9s harmadik f\u00e9lt\u0151l sz\u00e1rmaz\u00f3 s\u00fctiket haszn\u00e1l t\u00f6bb c\u00e9lra. A saj\u00e1t s\u00fctik t\u00f6bbnyire sz\u00fcks\u00e9gesek a weboldal megfelel\u0151 m\u0171k\u00f6d\u00e9s\u00e9hez, \u00e9s nem gy\u0171jtenek szem\u00e9lyes adatokat.A weboldalunkon haszn\u00e1lt harmadik f\u00e9lt\u0151l sz\u00e1rmaz\u00f3 s\u00fctik els\u0151sorban a weboldal m\u0171k\u00f6d\u00e9s\u00e9nek meg\u00e9rt\u00e9s\u00e9re, a weboldalunkkal val\u00f3 interakci\u00f3ra, szolg\u00e1ltat\u00e1saink v\u00e9delm\u00e9re, az \u00d6n sz\u00e1m\u00e1ra relev\u00e1ns hirdet\u00e9sek megjelen\u00edt\u00e9s\u00e9re szolg\u00e1lnak, \u00e9s egy\u00fctt jobb \u00e9s jobb felhaszn\u00e1l\u00f3i \u00e9lm\u00e9nyt \u00e9s seg\u00edts\u00e9get ny\u00fajtanak felgyors\u00edtja a j\u00f6v\u0151beni interakci\u00f3t a weboldalunkkal.<\/div>\n<h3><\/h3>\n<h3>Melyik s\u00fctiket haszn\u00e1ljuk?<\/h3>\n<div>Alapvet\u0151: Bizonyos s\u00fctik alapvet\u0151ek, ha meg szeretn\u00e9 tapasztalni weboldalunk teljes funkcionalit\u00e1s\u00e1t. Lehet\u0151v\u00e9 teszi sz\u00e1munkra a felhaszn\u00e1l\u00f3i munkamenetek fenntart\u00e1s\u00e1t \u00e9s a biztons\u00e1gi fenyeget\u00e9sek megel\u0151z\u00e9s\u00e9t. Nem gy\u0171jtenek \u00e9s nem t\u00e1rolnak semmilyen szem\u00e9lyes inform\u00e1ci\u00f3t. Ezek a s\u00fctik p\u00e9ld\u00e1ul lehet\u0151v\u00e9 teszik, hogy bejelentkezzen fi\u00f3kj\u00e1ba, \u00e9s term\u00e9keket tegyen a kosar\u00e1ba, \u00e9s biztons\u00e1gosan kijelentkezzen.<\/div>\n<div><\/div>\n<div>Statisztika: Ezek a s\u00fctikk olyan inform\u00e1ci\u00f3kat t\u00e1rolnak, mint p\u00e9ld\u00e1ul a weboldal l\u00e1togat\u00f3inak sz\u00e1ma, az egyedi l\u00e1togat\u00f3k sz\u00e1ma, a weboldal mely oldalait l\u00e1togatt\u00e1k meg, a l\u00e1togat\u00e1s forr\u00e1sa stb. Ezek az adatok seg\u00edtenek meg\u00e9rteni \u00e9s elemezni a weboldal teljes\u00edtm\u00e9ny\u00e9t, \u00e9s azt hogy hol kell jav\u00edtani.<\/div>\n<div><\/div>\n<div>Marketing: Hirdet\u00e9sek vannak a weboldalunkon. Ezeket a s\u00fctiket arra haszn\u00e1ljuk, hogy testre szabjuk az \u00e1ltalunk megjelen\u00edtett hirdet\u00e9seket, hogy azok relev\u00e1nsak legyenek az \u00d6n sz\u00e1m\u00e1ra. Ezek a s\u00fctik seg\u00edtenek figyelemmel k\u00eds\u00e9rni ezen kamp\u00e1nyok hat\u00e9konys\u00e1g\u00e1t is.Az ezekben a s\u00fctikben t\u00e1rolt inform\u00e1ci\u00f3kat k\u00fcls\u0151 hirdet\u00e9si szolg\u00e1ltat\u00f3k is felhaszn\u00e1lhatj\u00e1k hirdet\u00e9sek megjelen\u00edt\u00e9s\u00e9re a b\u00f6ng\u00e9sz\u0151 m\u00e1s weboldalon.<\/div>\n<div><\/div>\n<div>Funkcion\u00e1lis: Ezek olyan s\u00fctik, amelyek seg\u00edtenek a weboldalunk n\u00e9h\u00e1ny nem alapvet\u0151 funkci\u00f3j\u00e1ban. Ezek k\u00f6z\u00e9 tartozik a tartalom be\u00e1gyaz\u00e1sa, p\u00e9ld\u00e1ul a vide\u00f3k, vagy a weboldal tartalm\u00e1nak megoszt\u00e1sa a k\u00f6z\u00f6ss\u00e9gi m\u00e9dia platformokon.<\/div>\n<div><\/div>\n<div>Be\u00e1ll\u00edt\u00e1sok: Ezek a s\u00fctik seg\u00edtenek t\u00e1rolni az \u00d6n be\u00e1ll\u00edt\u00e1sait \u00e9s b\u00f6ng\u00e9sz\u00e9si be\u00e1ll\u00edt\u00e1sait, p\u00e9ld\u00e1ul a nyelvi be\u00e1ll\u00edt\u00e1sokat, hogy jobb \u00e9s hat\u00e9konyabb \u00e9lm\u00e9nyben legyen r\u00e9sz\u00fck a weboldal k\u00e9s\u0151bbi l\u00e1togat\u00e1sakor.<\/div>\n<div><\/div>\n<h3><\/h3>\n<h3>Hogyan tudom szab\u00e1lyozni a s\u00fctik be\u00e1ll\u00edt\u00e1sait?<\/h3>\n<div>Ha \u00fagy d\u00f6nt, hogy k\u00e9s\u0151bb m\u00f3dos\u00edtja a be\u00e1ll\u00edt\u00e1sokat a b\u00f6ng\u00e9sz\u00e9si munkamenet sor\u00e1n, kattintson a k\u00e9perny\u0151n az &#8222;Adatv\u00e9delmi \u00e9s s\u00fcti szab\u00e1lyzat&#8221; f\u00fclre. Ez \u00fajra megjelen\u00edti az elfogad\u00e1s \u00e9rtes\u00edt\u00e9st, lehet\u0151v\u00e9 t\u00e9ve a be\u00e1ll\u00edt\u00e1sok m\u00f3dos\u00edt\u00e1s\u00e1t vagy a visszavon\u00e1st.Ezenk\u00edv\u00fcl a k\u00fcl\u00f6nb\u00f6z\u0151 b\u00f6ng\u00e9sz\u0151k k\u00fcl\u00f6nb\u00f6z\u0151 m\u00f3dokat k\u00edn\u00e1lnak a weboldalak \u00e1ltal haszn\u00e1lt s\u00fctik blokkol\u00e1s\u00e1ra \u00e9s t\u00f6rl\u00e9s\u00e9re. A b\u00f6ng\u00e9sz\u0151 be\u00e1ll\u00edt\u00e1sait a s\u00fctik letilt\u00e1s\u00e1val\/ t\u00f6rl\u00e9s\u00e9vel m\u00f3dos\u00edthatja. Ha t\u00f6bbet szeretne megtudni a s\u00fctik kezel\u00e9s\u00e9r\u0151l \u00e9s t\u00f6rl\u00e9s\u00e9r\u0151l, l\u00e1togasson el a wikipedia.org, www.allaboutcookies.org\u00a0weboldalra.<\/div>\n<\/div>\n","protected":false},"excerpt":{"rendered":"<p>Err\u0151l a s\u00fcti szab\u00e1lyzatr\u00f3l A S\u00fcti szab\u00e1lyzat elmagyar\u00e1zza, hogy mik is a s\u00fctik \u00e9s hogyan haszn\u00e1ljuk \u0151ket, milyen t\u00edpus\u00fa s\u00fctiket haszn\u00e1lunk, pl. s\u00fctik seg\u00edts\u00e9g\u00e9vel gy\u0171jt\u00f6tt adatokat \u00e9s az adatok felhaszn\u00e1l\u00e1s\u00e1nak m\u00f3dj\u00e1t, valamint a s\u00fcti-be\u00e1ll\u00edt\u00e1sok szab\u00e1lyoz\u00e1s\u00e1t. Az \u00d6n szem\u00e9lyes adatainak felhaszn\u00e1l\u00e1s\u00e1val, t\u00e1rol\u00e1s\u00e1val \u00e9s v\u00e9delm\u00e9vel kapcsolatos tov\u00e1bbi inform\u00e1ci\u00f3k\u00e9rt tekintse meg adatv\u00e9delmi ir\u00e1nyelveinket.B\u00e1rmikor megv\u00e1ltoztathatja vagy visszavonhatja a s\u00fctik [&hellip;]<\/p>\n","protected":false},"author":1,"featured_media":0,"parent":0,"menu_order":0,"comment_status":"closed","ping_status":"closed","template":"","meta":[],"acf":[],"_links":{"self":[{"href":"https:\/\/smania.store\/hu\/wp-json\/wp\/v2\/pages\/21393"}],"collection":[{"href":"https:\/\/smania.store\/hu\/wp-json\/wp\/v2\/pages"}],"about":[{"href":"https:\/\/smania.store\/hu\/wp-json\/wp\/v2\/types\/page"}],"author":[{"embeddable":true,"href":"https:\/\/smania.store\/hu\/wp-json\/wp\/v2\/users\/1"}],"replies":[{"embeddable":true,"href":"https:\/\/smania.store\/hu\/wp-json\/wp\/v2\/comments?post=21393"}],"version-history":[{"count":2,"href":"https:\/\/smania.store\/hu\/wp-json\/wp\/v2\/pages\/21393\/revisions"}],"predecessor-version":[{"id":21395,"href":"https:\/\/smania.store\/hu\/wp-json\/wp\/v2\/pages\/21393\/revisions\/21395"}],"wp:attachment":[{"href":"https:\/\/smania.store\/hu\/wp-json\/wp\/v2\/media?parent=21393"}],"curies":[{"name":"wp","href":"https:\/\/api.w.org\/{rel}","templated":true}]}}