{"id":1725,"date":"2021-05-19T05:40:43","date_gmt":"2021-05-19T03:40:43","guid":{"rendered":"https:\/\/s-mania.si\/?page_id=1725"},"modified":"2023-09-18T10:38:12","modified_gmt":"2023-09-18T08:38:12","slug":"rolunk","status":"publish","type":"page","link":"https:\/\/smania.store\/hu\/rolunk\/","title":{"rendered":"R\u00f3lunk"},"content":{"rendered":"\n<div class=\"smania_static_side\">\n\n    <div class=\"smania_static_side_left\">\n        <h4>C\u00edm<\/h4>\n        DFVU d.o.o.\n        <br>\n        Liparjeva cesta 6a\n        <br>\n        1234 Menge\u0161\n        <br>\n        Szlov\u00e9nia\n        \n        <br><br>\n        <h4>E-mail c\u00edm<\/h4>\n        <a href=\"mailto:hu@s-mania.com\">hu@s-mania.com<\/a>\n        \n        <br><br>\n        <h4>Telefonsz\u00e1m<\/h4>\n        <a href=\"tel:06 21 300 7064\">06 21 300 7064<\/a>\n        \n        <br><br>\n        <h4>Munkaid\u0151<\/h4>\n       H\u2013P 09:00\u201317:00\n        \n        <br><br>\n        <h4>L\u00e9trehoz\u00e1si inform\u00e1ci\u00f3k<\/h4>\n      Nyilv\u00e1ntart\u00f3: AJPES, ljubljanai fi\u00f3kiroda\n        <br>\n        Bejegyz\u00e9s d\u00e1tuma: 2016.12.13\n        \n        <br><br>\n        <h4>Azonos\u00edt\u00f3 adatok<\/h4>\n       K\u00f6z\u00f6ss\u00e9gi ad\u00f3sz\u00e1m: SI35983175\n        <br>\n        \u00c1FA-regisztr\u00e1lt v\u00e1llalkoz\u00e1s: IGEN\n        <br>\n      Regisztr\u00e1ci\u00f3s sz\u00e1m: 7193548000\n        <br>\n        Banksz\u00e1mlasz\u00e1m: SI56 6100 0001 5525 391 (DELAVSKA HRANILNICA d.d)\n        <br>\n        BIC: HDELSI22\n    \n    <\/div>\n    \n    <div class=\"smania_static_side_right\">\n    \n        <h3>HIRDET\u0150T\u00c1BLA<\/h3>\n        <span style=\"color: #808080;\">2021.03.29<\/span>\n        <br>\n        <strong>\u00c9rtes\u00edt\u00e9s a pecs\u00e9t nem haszn\u00e1lat\u00e1r\u00f3l a dokumentumok ellen\u0151rz\u00e9s\u00e9hez<\/strong>\n        <br>\n        <a target=\"_blank\" href=\"https:\/\/s-mania.si\/wp-content\/uploads\/doc\/Sklep-o-neuporabi-%C5%BEiga-2021.pdf\" rel=\"noopener\">See document<\/a>\n    \n    <\/div>\n    \n<\/div>\n    \n    <style>\n    \n    #main a {\n        color: #0087DE;\n        text-decoration: none!important;\n        }\n    \n    .smania_static_side {\n    \n        display: flex;\n        flex-direction: row;\n    \n    }\n    \n    .smania_static_side_left {\n    \n        padding-right: 40px;\n        margin-right: 40px;\n        border-right: 1px solid #dcdcdc;\n    \n    }\n    \n    @media only screen and (max-width: 800px) {\n    \n        .smania_static_side {\n    \n            flex-direction: column;\n    \n        }\n    \n        .smania_static_side > div {\n    \n            width: 100%;\n    \n        }\n    \n        .smania_static_side_left {\n    \n            padding-right: 0;\n            margin-right: 0;\n            border-right: none;\n    \n            padding-bottom: 40px;\n            margin-bottom: 40px;\n            border-bottom: 1px solid #dcdcdc;\n    \n        }\n    \n    }\n    \n    <\/style>\n\n\n\n<p><\/p>\n","protected":false},"excerpt":{"rendered":"<p>C\u00edm DFVU d.o.o. Liparjeva cesta 6a 1234 Menge\u0161 Szlov\u00e9nia E-mail c\u00edm hu@s-mania.com Telefonsz\u00e1m 06 21 300 7064 Munkaid\u0151 H\u2013P 09:00\u201317:00 L\u00e9trehoz\u00e1si inform\u00e1ci\u00f3k Nyilv\u00e1ntart\u00f3: AJPES, ljubljanai fi\u00f3kiroda Bejegyz\u00e9s d\u00e1tuma: 2016.12.13 Azonos\u00edt\u00f3 adatok K\u00f6z\u00f6ss\u00e9gi ad\u00f3sz\u00e1m: SI35983175 \u00c1FA-regisztr\u00e1lt v\u00e1llalkoz\u00e1s: IGEN Regisztr\u00e1ci\u00f3s sz\u00e1m: 7193548000 Banksz\u00e1mlasz\u00e1m: SI56 6100 0001 5525 391 (DELAVSKA HRANILNICA d.d) BIC: HDELSI22 HIRDET\u0150T\u00c1BLA 2021.03.29 \u00c9rtes\u00edt\u00e9s a [&hellip;]<\/p>\n","protected":false},"author":1,"featured_media":0,"parent":0,"menu_order":0,"comment_status":"closed","ping_status":"closed","template":"","meta":[],"acf":[],"_links":{"self":[{"href":"https:\/\/smania.store\/hu\/wp-json\/wp\/v2\/pages\/1725"}],"collection":[{"href":"https:\/\/smania.store\/hu\/wp-json\/wp\/v2\/pages"}],"about":[{"href":"https:\/\/smania.store\/hu\/wp-json\/wp\/v2\/types\/page"}],"author":[{"embeddable":true,"href":"https:\/\/smania.store\/hu\/wp-json\/wp\/v2\/users\/1"}],"replies":[{"embeddable":true,"href":"https:\/\/smania.store\/hu\/wp-json\/wp\/v2\/comments?post=1725"}],"version-history":[{"count":30,"href":"https:\/\/smania.store\/hu\/wp-json\/wp\/v2\/pages\/1725\/revisions"}],"predecessor-version":[{"id":51136,"href":"https:\/\/smania.store\/hu\/wp-json\/wp\/v2\/pages\/1725\/revisions\/51136"}],"wp:attachment":[{"href":"https:\/\/smania.store\/hu\/wp-json\/wp\/v2\/media?parent=1725"}],"curies":[{"name":"wp","href":"https:\/\/api.w.org\/{rel}","templated":true}]}}