{"id":1709,"date":"2021-05-19T05:05:46","date_gmt":"2021-05-19T03:05:46","guid":{"rendered":"https:\/\/s-mania.si\/?page_id=1709"},"modified":"2021-10-22T06:52:38","modified_gmt":"2021-10-22T04:52:38","slug":"altalanos-szerzodesi-feltetelek","status":"publish","type":"page","link":"https:\/\/smania.store\/hu\/altalanos-szerzodesi-feltetelek\/","title":{"rendered":"\u00c1ltal\u00e1nos Szerz\u0151d\u00e9si Felt\u00e9telek"},"content":{"rendered":"\t\r\n\t<script>\r\n\r\n\t\t$(document).ready(function(){\r\n\r\n\t\t\tif($('.dfvu_docs')[0]) {\r\n\r\n\t\t\t\tlet url = 'https:\/\/s-mania.com\/landings-v1\/modules\/documents\/tos\/get_tos_data_store.php?country=HU';\r\n\t\t\t\t$('.dfvu_docs').load(url).hide().fadeIn();\r\n\r\n\t\t\t}\r\n\r\n\t\t});\r\n\r\n\t<\/script>\r\n\r\n\t<div class=\"dfvu_docs dfvu_docs_tos\"><\/div>\n","protected":false},"excerpt":{"rendered":"","protected":false},"author":1,"featured_media":0,"parent":0,"menu_order":0,"comment_status":"closed","ping_status":"closed","template":"","meta":[],"acf":[],"_links":{"self":[{"href":"https:\/\/smania.store\/hu\/wp-json\/wp\/v2\/pages\/1709"}],"collection":[{"href":"https:\/\/smania.store\/hu\/wp-json\/wp\/v2\/pages"}],"about":[{"href":"https:\/\/smania.store\/hu\/wp-json\/wp\/v2\/types\/page"}],"author":[{"embeddable":true,"href":"https:\/\/smania.store\/hu\/wp-json\/wp\/v2\/users\/1"}],"replies":[{"embeddable":true,"href":"https:\/\/smania.store\/hu\/wp-json\/wp\/v2\/comments?post=1709"}],"version-history":[{"count":20,"href":"https:\/\/smania.store\/hu\/wp-json\/wp\/v2\/pages\/1709\/revisions"}],"predecessor-version":[{"id":26666,"href":"https:\/\/smania.store\/hu\/wp-json\/wp\/v2\/pages\/1709\/revisions\/26666"}],"wp:attachment":[{"href":"https:\/\/smania.store\/hu\/wp-json\/wp\/v2\/media?parent=1709"}],"curies":[{"name":"wp","href":"https:\/\/api.w.org\/{rel}","templated":true}]}}