{"id":86405,"date":"2024-12-02T11:11:12","date_gmt":"2024-12-02T10:11:12","guid":{"rendered":"https:\/\/smania.store\/hr\/proizvod\/sredstvo-za-popravak-i-visok-sjaj-autogloss\/"},"modified":"2026-04-17T10:41:41","modified_gmt":"2026-04-17T08:41:41","slug":"sredstvo-za-popravak-i-visok-sjaj-autogloss","status":"publish","type":"product","link":"https:\/\/smania.store\/hr\/proizvod\/sredstvo-za-popravak-i-visok-sjaj-autogloss\/","title":{"rendered":"Sredstvo za popravak i visok sjaj AutoGloss"},"content":{"rendered":"<div class=\"smania_landing_description_title\">NOVI! AutoGloss \u2013 Rje\u0161enje za popravak i zavr\u0161nu obradu visokog sjaja<\/div>\n<div class=\"smania_landing_description_txt\">Inovativna 3-u-1 formula popunjava ogrebotine i nesavr\u0161enosti!<\/div>\n<div class=\"smania_landing_description_subtitle\">AutoGloss je savr\u0161eno 3-u-1 rje\u0161enje za va\u0161e vozilo! Ovaj visokou\u010dinkoviti, samoniveliraju\u0107i za\u0161titni premaz ne samo da popravlja povr\u0161inske nedostatke, ve\u0107 tako\u0111er pru\u017ea zavr\u0161ni sjaj visokog sjaja i dugotrajnu za\u0161titu!\ud83d\ude97\u2728<\/div>\n<div class=\"smania_landing_description_list\">\n<ul>\n<li>Bez napora zagla\u0111uje i popunjava povr\u0161inske nedostatke<\/li>\n<li>Nagla\u0161ava dubinu i bogatstvo boje<\/li>\n<li>Pru\u017ea UV za\u0161titu i sprje\u010dava hr\u0111u<\/li>\n<li>Brzo i u\u010dinkovito rje\u0161enje za vra\u0107anje besprijekornog izgleda va\u0161em automobilu<\/li>\n<li>Nisu potrebne profesionalne usluge<\/li>\n<\/ul><\/div>\n","protected":false},"excerpt":{"rendered":"<p>Izdr\u017eljivi premaz koji \u0161titi va\u0161 automobil od UV zraka i hr\u0111e|Vra\u0107a sjaj i bogatstvo boje va\u0161eg vozila|Zagla\u0111uje i popunjava povr\u0161inske ogrebotine i nepravilnosti|Dugotrajni u\u010dinci|Jednostavan za kori\u0161tenje: nanesite na povr\u0161inu vozila spu\u017evicom|Zapremina: 150 ml|Rok trajanja: 3 godine<\/p>\n","protected":false},"featured_media":143807,"template":"","meta":[],"product_cat":[18,2781],"product_tag":[2783,2782,1515],"acf":[],"_links":{"self":[{"href":"https:\/\/smania.store\/hr\/wp-json\/wp\/v2\/product\/86405"}],"collection":[{"href":"https:\/\/smania.store\/hr\/wp-json\/wp\/v2\/product"}],"about":[{"href":"https:\/\/smania.store\/hr\/wp-json\/wp\/v2\/types\/product"}],"wp:featuredmedia":[{"embeddable":true,"href":"https:\/\/smania.store\/hr\/wp-json\/wp\/v2\/media\/143807"}],"wp:attachment":[{"href":"https:\/\/smania.store\/hr\/wp-json\/wp\/v2\/media?parent=86405"}],"wp:term":[{"taxonomy":"product_cat","embeddable":true,"href":"https:\/\/smania.store\/hr\/wp-json\/wp\/v2\/product_cat?post=86405"},{"taxonomy":"product_tag","embeddable":true,"href":"https:\/\/smania.store\/hr\/wp-json\/wp\/v2\/product_tag?post=86405"}],"curies":[{"name":"wp","href":"https:\/\/api.w.org\/{rel}","templated":true}]}}