{"id":82162,"date":"2024-11-14T12:16:44","date_gmt":"2024-11-14T11:16:44","guid":{"rendered":"https:\/\/smania.store\/hr\/proizvod\/krom-boja-u-spreju-chromius\/"},"modified":"2026-05-02T15:44:56","modified_gmt":"2026-05-02T13:44:56","slug":"krom-boja-u-spreju-chromius","status":"publish","type":"product","link":"https:\/\/smania.store\/hr\/proizvod\/krom-boja-u-spreju-chromius\/","title":{"rendered":"Krom boja u spreju CHROMIUS\u2122"},"content":{"rendered":"<div class=\"smania_landing_description_title\">NOVO: Metalni sjaj za sve povr\u0161ine<\/div>\n<div class=\"smania_landing_description_txt\">O\u017eivite bilo koju povr\u0161inu samo jednim prolazom!<\/div>\n<div class=\"smania_landing_description_subtitle\">Otkrijte CHROMIUS\u2122, revolucionarnu boju stvorenu za transformaciju i za\u0161titu svake povr\u0161ine. S neodoljivim zavr\u0161etkom s metalik efektom, ova visokokvalitetna boja proizvedena u Britaniji otporna je na koroziju i visoke temperature, osiguravaju\u0107i besprijekoran, dugotrajan izgled. Savr\u0161eno za one koji \u017eele profesionalni rezultat bez napora. Ne propustite priliku unijeti da\u0161ak elegancije na svoje povr\u0161ine!<\/div>\n<div class=\"smania_landing_description_list\">\n<ul>\n<li>Vrhunska otpornost na koroziju<\/li>\n<li>Sjajna i sofisticirana zavr\u0161na obrada<\/li>\n<li>Brzo i jednostavno nano\u0161enje<\/li>\n<li>Savr\u0161eno za metal, drvo, staklo i jo\u0161 mnogo toga<\/li>\n<li>Podnosi do 90\u00b0C bez blije\u0111enja<\/li>\n<li>Iznimna svestranost za unutarnju i vanjsku upotrebu<\/li>\n<\/ul><\/div>\n","protected":false},"excerpt":{"rendered":"<p>Transformira stari namje\u0161taj|Dodajte stil svom domu|Zajam\u010dena kvaliteta|Savr\u0161eno za kreativni DIY|Dugotrajna za\u0161tita|Zajam\u010den metalik u\u010dinak|Idealno za umjetni\u010dke projekte|Nikad vi\u0161e dosadne povr\u0161ine|Zapremina: 450 ml<\/p>\n","protected":false},"featured_media":134969,"template":"","meta":[],"product_cat":[16,18,2781],"product_tag":[2797,1515],"acf":[],"_links":{"self":[{"href":"https:\/\/smania.store\/hr\/wp-json\/wp\/v2\/product\/82162"}],"collection":[{"href":"https:\/\/smania.store\/hr\/wp-json\/wp\/v2\/product"}],"about":[{"href":"https:\/\/smania.store\/hr\/wp-json\/wp\/v2\/types\/product"}],"wp:featuredmedia":[{"embeddable":true,"href":"https:\/\/smania.store\/hr\/wp-json\/wp\/v2\/media\/134969"}],"wp:attachment":[{"href":"https:\/\/smania.store\/hr\/wp-json\/wp\/v2\/media?parent=82162"}],"wp:term":[{"taxonomy":"product_cat","embeddable":true,"href":"https:\/\/smania.store\/hr\/wp-json\/wp\/v2\/product_cat?post=82162"},{"taxonomy":"product_tag","embeddable":true,"href":"https:\/\/smania.store\/hr\/wp-json\/wp\/v2\/product_tag?post=82162"}],"curies":[{"name":"wp","href":"https:\/\/api.w.org\/{rel}","templated":true}]}}