{"id":76649,"date":"2024-09-18T07:27:06","date_gmt":"2024-09-18T05:27:06","guid":{"rendered":"https:\/\/smania.store\/hr\/proizvod\/mocni-svrdlo-za-cijepanje-drva-quickwood\/"},"modified":"2024-11-07T11:49:17","modified_gmt":"2024-11-07T10:49:17","slug":"mocni-svrdlo-za-cijepanje-drva-quickwood","status":"publish","type":"product","link":"https:\/\/smania.store\/hr\/proizvod\/mocni-svrdlo-za-cijepanje-drva-quickwood\/","title":{"rendered":"Mo\u0107ni svrdlo za cijepanje drva QuickWood"},"content":{"rendered":"<div class=\"smania_landing_description_title\">Novo! Mo\u0107ni svrdlo za cijepanje drva QuickWood<\/div>\n<div class=\"smania_landing_description_txt\">ZABORAVITE NA NAPORNO CIJEPANJE DRVA!<\/div>\n<div class=\"smania_landing_description_subtitle\">Osigurajte toplu zimu \u2013 bez napornog cijepanja drva. Sezona grijanja mo\u017ee biti zahtjevna, ali s mo\u0107nim svrdlom QuickWood za cijepanje drva, priprema drva bit \u0107e brza i bez napora! Sada mo\u017eete cijepati drva sami!<\/div>\n<div class=\"smania_landing_description_list\">\n<ul>\n<li>Uspje\u0161no cijepa i manje i ve\u0107e komade drva<\/li>\n<li>Spiralni dizajn omogu\u0107ava glatko i brzo cijepanje bez zastoja<\/li>\n<li>Zaboravite na duge sate te\u0161kog rada \u2013 svrdlo \u0107e sve obaviti za vas<\/li>\n<li>Pametna investicija \u2013 uvijek spremno za najhladnije dane<\/li>\n<\/ul><\/div>\n","protected":false},"excerpt":{"rendered":"<p>Smanjuje napor|Izvanredan vijek trajanja, \u010dak i pri intenzivnoj uporabi|Pogodno za sve vrste drva|Kompatibilno sa svim vrstama bu\u0161ilica|Paket uklju\u010duje: 1 x svrdlo za cijepanje|Materijal: \u010dvrsti uglji\u010dni \u010delik|Promjer svrdla: 9,5 mm|Duljina svrdla: 50 mm|Ukupna duljina svrdla: 95 mm|Napomena: bu\u0161ilica nije uklju\u010dena<\/p>\n","protected":false},"featured_media":76639,"template":"","meta":[],"product_cat":[222],"product_tag":[1786],"acf":[],"_links":{"self":[{"href":"https:\/\/smania.store\/hr\/wp-json\/wp\/v2\/product\/76649"}],"collection":[{"href":"https:\/\/smania.store\/hr\/wp-json\/wp\/v2\/product"}],"about":[{"href":"https:\/\/smania.store\/hr\/wp-json\/wp\/v2\/types\/product"}],"wp:featuredmedia":[{"embeddable":true,"href":"https:\/\/smania.store\/hr\/wp-json\/wp\/v2\/media\/76639"}],"wp:attachment":[{"href":"https:\/\/smania.store\/hr\/wp-json\/wp\/v2\/media?parent=76649"}],"wp:term":[{"taxonomy":"product_cat","embeddable":true,"href":"https:\/\/smania.store\/hr\/wp-json\/wp\/v2\/product_cat?post=76649"},{"taxonomy":"product_tag","embeddable":true,"href":"https:\/\/smania.store\/hr\/wp-json\/wp\/v2\/product_tag?post=76649"}],"curies":[{"name":"wp","href":"https:\/\/api.w.org\/{rel}","templated":true}]}}