{"id":76319,"date":"2024-09-04T12:47:56","date_gmt":"2024-09-04T10:47:56","guid":{"rendered":"https:\/\/smania.store\/hr\/proizvod\/pcelinji-vosak-za-drvo-bee-wax\/"},"modified":"2026-04-15T20:13:01","modified_gmt":"2026-04-15T18:13:01","slug":"pcelinji-vosak-za-drvo-bee-wax","status":"publish","type":"product","link":"https:\/\/smania.store\/hr\/proizvod\/pcelinji-vosak-za-drvo-bee-wax\/","title":{"rendered":"P\u010delinji vosak za drvo Bee Wax"},"content":{"rendered":"<div class=\"smania_landing_description_title\">NOVO! Bee Wax \u2013 Vratite sjaj svom drvenom namje\u0161taju<\/div>\n<div class=\"smania_landing_description_txt\">Vratite \u017eivot svom drvenom namje\u0161taju!<\/div>\n<div class=\"smania_landing_description_subtitle\">Jeste li umorni od dosadnog i istro\u0161enog izgleda svog starog drvenog namje\u0161taja? Bee Wax je predivno sredstvo za poliranje koje \u0107e va\u0161em namje\u0161taju vratiti sjaj i prirodnu ljepotu. Nema potrebe da se rije\u0161ite starog namje\u0161taja \u2013 s ovim voskom izgledat \u0107e kao novo. Volumen od 150 ml dovoljan je za do 8 m\u00b2 drvenih povr\u0161ina, \u0161to ga \u010dini savr\u0161enim za revitalizaciju va\u0161ih omiljenih komada.<\/div>\n<div class=\"smania_landing_description_list\">\n<ul>\n<li>Vra\u0107a sjaj: O\u017eivljava drvene povr\u0161ine i vra\u0107a im prirodni sjaj, \u010dine\u0107i da namje\u0161taj izgleda kao nov<\/li>\n<li>Jednostavno za kori\u0161tenje: Brza i jednostavna primjena koja va\u0161em namje\u0161taju pru\u017ea dugotrajan sjaj i za\u0161titu<\/li>\n<li>Za\u0161tita od ogrebotina: \u0160titi drvo od o\u0161te\u0107enja i sprje\u010dava ogrebotine<\/li>\n<li>Vodootporna za\u0161tita: Stvara vodootpornu barijeru koja \u0161titi va\u0161 namje\u0161taj od vlage<\/li>\n<li>Netoksi\u010dan i siguran: Sadr\u017ei p\u010delinji vosak, koji je siguran za kori\u0161tenje, netoksi\u010dan i blag za ko\u017eu<\/li>\n<\/ul><\/div>\n","protected":false},"excerpt":{"rendered":"<p>Obnova drva: Vra\u0107a drveni namje\u0161taj u njegovo prirodno stanje, sa sjajem i za\u0161titom|Dugotrajna za\u0161tita: Sprje\u010dava o\u0161te\u0107enja i \u0161titi drvene povr\u0161ine od vlage i ogrebotina|Svestrana uporaba: Idealno za drvene podove, stolove, stolice, vrata i drugi drveni namje\u0161taj|Siguran za uporabu: Netoksi\u010dna formula s p\u010delinjim voskom, prikladna za domove s djecom i ku\u0107nim ljubimcima|Volumen: 150 ml, dovoljan za do 8 m\u00b2 drvenih povr\u0161ina|Formula s p\u010delinjim voskom: Prirodni sastav koji njeguje i \u0161titi drvo|Jednostavno za kori\u0161tenje: Jednostavno nanesite mekom krpom i u\u017eivajte u obnovljenom sjaju|Netoksi\u010dan: Vosak je siguran za unutarnju uporabu, bez \u0161tetnih kemikalija<\/p>\n","protected":false},"featured_media":87778,"template":"","meta":[],"product_cat":[16,2781],"product_tag":[2509],"acf":[],"_links":{"self":[{"href":"https:\/\/smania.store\/hr\/wp-json\/wp\/v2\/product\/76319"}],"collection":[{"href":"https:\/\/smania.store\/hr\/wp-json\/wp\/v2\/product"}],"about":[{"href":"https:\/\/smania.store\/hr\/wp-json\/wp\/v2\/types\/product"}],"wp:featuredmedia":[{"embeddable":true,"href":"https:\/\/smania.store\/hr\/wp-json\/wp\/v2\/media\/87778"}],"wp:attachment":[{"href":"https:\/\/smania.store\/hr\/wp-json\/wp\/v2\/media?parent=76319"}],"wp:term":[{"taxonomy":"product_cat","embeddable":true,"href":"https:\/\/smania.store\/hr\/wp-json\/wp\/v2\/product_cat?post=76319"},{"taxonomy":"product_tag","embeddable":true,"href":"https:\/\/smania.store\/hr\/wp-json\/wp\/v2\/product_tag?post=76319"}],"curies":[{"name":"wp","href":"https:\/\/api.w.org\/{rel}","templated":true}]}}