{"id":76265,"date":"2024-09-04T12:41:25","date_gmt":"2024-09-04T10:41:25","guid":{"rendered":"https:\/\/smania.store\/hr\/proizvod\/tesnilni-sprej-leak-proof\/"},"modified":"2026-04-26T11:39:17","modified_gmt":"2026-04-26T09:39:17","slug":"tesnilni-sprej-leak-proof","status":"publish","type":"product","link":"https:\/\/smania.store\/hr\/proizvod\/tesnilni-sprej-leak-proof\/","title":{"rendered":"Tesnilni sprej Leak Proof"},"content":{"rendered":"<div class=\"smania_landing_description_title\">NOVO! Leak Proof \u2013 Savr\u0161eno rje\u0161enje za sve va\u0161e curenje<\/div>\n<div class=\"smania_landing_description_txt\">U\u010dinkovito zape\u010datite curenja i pukotine u trenu<\/div>\n<div class=\"smania_landing_description_subtitle\">Umorni ste od stalnog suo\u010davanja s curenjima, pukotinama i prazninama u va\u0161em domu ili vozilu? Ovaj izvanredni tesnilni sprej nudi vrhunsku za\u0161titu i svestranu upotrebu. Jednostavno, brzo i u\u010dinkovito \u2013 popravite curenja u nekoliko sekundi bez potrebe za skupim profesionalnim uslugama.<\/div>\n<div class=\"smania_landing_description_list\">\n<ul>\n<li>Izvanredna otpornost na vremenske uvjete: Tesnilni sprej Leak Proof dizajniran je tako da izdr\u017ei sve vremenske uvjete, od vru\u0107ih ljeta do hladnih zima, bez pucanja ili lju\u0161tenja<\/li>\n<li>Potpuno vodootporan: Stvara nepropusnu barijeru koja u potpunosti odbija vodu i sprje\u010dava prodor vlage<\/li>\n<li>Neusporediva svestranost: Koristite ga za popunjavanje praznina na prozorima, pukotina u kupaonskim plo\u010dicama ili curenja na va\u0161em vozilu<\/li>\n<li>Jednostavna upotreba: Jednostavno nanesite sprej, oblikujte brtvu i pustite da se osu\u0161i \u2013 bez komplikacija, bez nereda<\/li>\n<li>Dugotrajna za\u0161tita: Stvara trajnu, fleksibilnu brtvu koja ne popu\u0161ta ni u najte\u017eim uvjetima<\/li>\n<\/ul><\/div>\n","protected":false},"excerpt":{"rendered":"<p>Trajna za\u0161tita: Tesnilni sprej osigurava dugotrajnu za\u0161titu, otporan na omek\u0161avanje na ljetnim vru\u0107inama i pucanje ili lju\u0161tenje na zimskim hladno\u0107ama|Svestrana upotreba: Pogodan za drvo, metal, plo\u010dice, tkanine, staklo, plastiku, aluminij, porculan, suhozid, cement i jo\u0161 mnogo toga|Precizna aplikacija: Precizna mlaznica omogu\u0107uje kontroliranu primjenu bez suvi\u0161nog materijala|Industrijska kvaliteta: Povjerenje mu ukazuju kako ku\u0107ni majstori, tako i profesionalci, \u010dine\u0107i ga vode\u0107im proizvodom u industriji|Volumen: 375 ml, dovoljno za vi\u0161e projekata|Brzo su\u0161enje: U\u010dinkovito brtvljenje u nekoliko minuta, bez potrebe za dodatnim alatima|Nepropusna za\u0161tita: Otpornost na vremenske uvjete i potpuna vodootpornost za dugotrajnu za\u0161titu|Upotreba: Idealno za domove, vozila, \u010damce i druge aplikacije gdje je potrebna pouzdana brtva<\/p>\n","protected":false},"featured_media":142760,"template":"","meta":[],"product_cat":[16,2781],"product_tag":[2509,2796],"acf":[],"_links":{"self":[{"href":"https:\/\/smania.store\/hr\/wp-json\/wp\/v2\/product\/76265"}],"collection":[{"href":"https:\/\/smania.store\/hr\/wp-json\/wp\/v2\/product"}],"about":[{"href":"https:\/\/smania.store\/hr\/wp-json\/wp\/v2\/types\/product"}],"wp:featuredmedia":[{"embeddable":true,"href":"https:\/\/smania.store\/hr\/wp-json\/wp\/v2\/media\/142760"}],"wp:attachment":[{"href":"https:\/\/smania.store\/hr\/wp-json\/wp\/v2\/media?parent=76265"}],"wp:term":[{"taxonomy":"product_cat","embeddable":true,"href":"https:\/\/smania.store\/hr\/wp-json\/wp\/v2\/product_cat?post=76265"},{"taxonomy":"product_tag","embeddable":true,"href":"https:\/\/smania.store\/hr\/wp-json\/wp\/v2\/product_tag?post=76265"}],"curies":[{"name":"wp","href":"https:\/\/api.w.org\/{rel}","templated":true}]}}