{"id":76235,"date":"2024-09-04T12:39:21","date_gmt":"2024-09-04T10:39:21","guid":{"rendered":"https:\/\/smania.store\/hr\/proizvod\/gnojivo-za-biljke-floravita\/"},"modified":"2026-04-16T12:13:39","modified_gmt":"2026-04-16T10:13:39","slug":"gnojivo-za-biljke-floravita","status":"publish","type":"product","link":"https:\/\/smania.store\/hr\/proizvod\/gnojivo-za-biljke-floravita\/","title":{"rendered":"Gnojivo za biljke Floravita"},"content":{"rendered":"<div class=\"smania_landing_description_title\">NOVO! Floravita \u2013 Unesite \u017eivot svojim biljkama<\/div>\n<div class=\"smania_landing_description_txt\">Revolucionarno gnojivo za sna\u017enije i zdravije biljke<\/div>\n<div class=\"smania_landing_description_subtitle\">\u017delite li da va\u0161e biljke rastu br\u017ee, budu zdravije i cvjetaju kao nikada prije? Floravita je inovativno gnojivo, osmi\u0161ljeno od strane vrhunskih stru\u010dnjaka, kako bi va\u0161im biljkama pru\u017eilo vrhunsku njegu i potaknulo br\u017ei rast.<\/div>\n<div class=\"smania_landing_description_list\">\n<ul>\n<li>Ubrzani rast: Floravita omogu\u0107ava biljkama da rastu do 2 puta br\u017ee od drugih gnojiva na tr\u017ei\u0161tu<\/li>\n<li>Pobolj\u0161ana apsorpcija: Poti\u010de korijenje da bolje apsorbira vodu i hranjive tvari, pove\u0107avaju\u0107i u\u010dinkovitost rasta<\/li>\n<li>Za\u0161tita od \u0161tetnika: Stvara prirodnu barijeru koja odbija \u0161tetnike, omogu\u0107uju\u0107i biljkama da rastu bez smetnji<\/li>\n<li>Jednostavna upotreba: Jednostavno pomije\u0161ajte preporu\u010denu dozu s vodom i nanesite oko biljaka \u2013 bez kompliciranja<\/li>\n<li>Sigurno za okoli\u0161: Ne sadr\u017ei \u0161tetne kemikalije niti sinteti\u010dke dodatke koji bi mogli na\u0161tetiti okoli\u0161u<\/li>\n<\/ul>\n<\/div>\n","protected":false},"excerpt":{"rendered":"<p>Brz i zdrav rast: Va\u0161e biljke \u0107e rasti br\u017ee, biti sna\u017enije i otpornije|Dugotrajna za\u0161tita: U\u010dinkovito odbija \u0161tetnike i \u010duva va\u0161e biljke sigurnima|Pogodno za sve biljke: Korisno za unutarnje i vanjske biljke i cvije\u0107e|Ekolo\u0161ko: Formula bez \u0161tetnih kemikalija, sigurna za okoli\u0161 i va\u0161 dom|Volumen: 200 ml koncentrata za vi\u0161ekratnu upotrebu|Jednostavna primjena: Pomije\u0161ajte s vodom i nanesite na tlo oko biljaka|Pogodno za unutarnje i vanjske biljke: Idealno za svaki vrtni projekt|Vrhunska njega: Formula koja osigurava da va\u0161e biljke sjaje u svom punom sjaju<\/p>\n","protected":false},"featured_media":76225,"template":"","meta":[],"product_cat":[16],"product_tag":[1519],"acf":[],"_links":{"self":[{"href":"https:\/\/smania.store\/hr\/wp-json\/wp\/v2\/product\/76235"}],"collection":[{"href":"https:\/\/smania.store\/hr\/wp-json\/wp\/v2\/product"}],"about":[{"href":"https:\/\/smania.store\/hr\/wp-json\/wp\/v2\/types\/product"}],"wp:featuredmedia":[{"embeddable":true,"href":"https:\/\/smania.store\/hr\/wp-json\/wp\/v2\/media\/76225"}],"wp:attachment":[{"href":"https:\/\/smania.store\/hr\/wp-json\/wp\/v2\/media?parent=76235"}],"wp:term":[{"taxonomy":"product_cat","embeddable":true,"href":"https:\/\/smania.store\/hr\/wp-json\/wp\/v2\/product_cat?post=76235"},{"taxonomy":"product_tag","embeddable":true,"href":"https:\/\/smania.store\/hr\/wp-json\/wp\/v2\/product_tag?post=76235"}],"curies":[{"name":"wp","href":"https:\/\/api.w.org\/{rel}","templated":true}]}}