{"id":76191,"date":"2024-09-04T12:22:16","date_gmt":"2024-09-04T10:22:16","guid":{"rendered":"https:\/\/smania.store\/hr\/proizvod\/sredstvo-za-ciscenje-plocnika-viva-vex\/"},"modified":"2026-04-17T06:46:51","modified_gmt":"2026-04-17T04:46:51","slug":"sredstvo-za-ciscenje-plocnika-viva-vex","status":"publish","type":"product","link":"https:\/\/smania.store\/hr\/proizvod\/sredstvo-za-ciscenje-plocnika-viva-vex\/","title":{"rendered":"Sredstvo za \u010di\u0161\u0107enje plo\u010dnika Viva Vex"},"content":{"rendered":"<div class=\"smania_landing_description_title\">NOVI! Viva Vex \u2013 jednostavno \u010di\u0161\u0107enje, vrhunski rezultati<\/div>\n<div class=\"smania_landing_description_txt\">Savr\u0161en alat za besprijekorno \u010disto dvori\u0161te<\/div>\n<div class=\"smania_landing_description_subtitle\">\u017delite li da va\u0161a terasa, vrtne staze ili prilaz ponovno zablistaju kao novi? Uz Viva Vex brzo \u0107ete i u\u010dinkovito ukloniti sve tvrdokorne mrlje, masne tragove, alge, plijesan i mineralne naslage. Ova iznimno sna\u017ena formula posebno je dizajnirana za \u010di\u0161\u0107enje razli\u010ditih povr\u0161ina, a pritom je dovoljno nje\u017ena da ne o\u0161teti va\u0161e dragocjeno kamenje za poplo\u010davanje.<\/div>\n<div class=\"smania_landing_description_list\">\n<ul>\n<li>Jednostavno uklanjanje mrlja: recite zbogom tvrdokornim mrljama, naslagama masno\u0107e i algama uz minimalan napor<\/li>\n<li>Svestran: pogodan za granit, mramor, pje\u0161\u010denjak, keramiku i jo\u0161 mnogo toga<\/li>\n<li>Vrhunski rezultati: Viva Vex osigurava da \u0107e va\u0161a terasa ili dvori\u0161te izgledati kao novo, bez obzira na starost oplo\u010dnika<\/li>\n<li>Siguran za upotrebu: Iako je jak protiv prljav\u0161tine, siguran je za va\u0161e povr\u0161ine ako se pravilno koristi<\/li>\n<li>\u0160tedi vrijeme i trud: brzo i jednostavno \u010di\u0161\u0107enje, bez potrebe za napornim ribanjem<\/li>\n<\/ul><\/div>\n","protected":false},"excerpt":{"rendered":"<p>Iznimna mo\u0107 \u010di\u0161\u0107enja: Brzo uklanja i najtvrdokornije mrlje i naslage|Prikladno za razne materijale: Koristite ga na granitu, mramoru, pje\u0161\u010denjaku i drugom prirodnom kamenu|Jednostavan za kori\u0161tenje: jednostavno nanesite, pri\u010dekajte i isperite za prekrasne rezultate|Nje\u017ean za povr\u0161ine: Sna\u017ean protiv prljav\u0161tine, ali nje\u017ean za va\u0161e kamenje za poplo\u010davanje|Zapremina: 500 ml, dovoljna za ve\u0107e povr\u0161ine|Brzo djelovanje: U\u010dinkovito \u010di\u0161\u0107enje bez dugog \u010dekanja|Svestran: Idealan za terase, prilaze, vrtne staze i sve vanjske kamene povr\u0161ine|Ekolo\u0161ki prihvatljiv: Formuliran bez \u0161tetnih kemikalija, ljubazan prema okoli\u0161u i va\u0161oj okolini<\/p>\n","protected":false},"featured_media":142803,"template":"","meta":[],"product_cat":[16,2781],"product_tag":[2782,1519],"acf":[],"_links":{"self":[{"href":"https:\/\/smania.store\/hr\/wp-json\/wp\/v2\/product\/76191"}],"collection":[{"href":"https:\/\/smania.store\/hr\/wp-json\/wp\/v2\/product"}],"about":[{"href":"https:\/\/smania.store\/hr\/wp-json\/wp\/v2\/types\/product"}],"wp:featuredmedia":[{"embeddable":true,"href":"https:\/\/smania.store\/hr\/wp-json\/wp\/v2\/media\/142803"}],"wp:attachment":[{"href":"https:\/\/smania.store\/hr\/wp-json\/wp\/v2\/media?parent=76191"}],"wp:term":[{"taxonomy":"product_cat","embeddable":true,"href":"https:\/\/smania.store\/hr\/wp-json\/wp\/v2\/product_cat?post=76191"},{"taxonomy":"product_tag","embeddable":true,"href":"https:\/\/smania.store\/hr\/wp-json\/wp\/v2\/product_tag?post=76191"}],"curies":[{"name":"wp","href":"https:\/\/api.w.org\/{rel}","templated":true}]}}