{"id":52603,"date":"2023-06-02T09:53:45","date_gmt":"2023-06-02T07:53:45","guid":{"rendered":"https:\/\/smania.store\/hr\/proizvod\/prijenosni-organizator-za-naocale-eyego\/"},"modified":"2025-09-19T14:32:43","modified_gmt":"2025-09-19T12:32:43","slug":"prijenosni-organizator-za-naocale-eyego","status":"publish","type":"product","link":"https:\/\/smania.store\/hr\/proizvod\/prijenosni-organizator-za-naocale-eyego\/","title":{"rendered":"Prijenosni organizator za nao\u010dale EyeGo"},"content":{"rendered":"<div class=\"smania_landing_description_title\">Novo! Prijenosni organizator za nao\u010dale EyeGo<\/div>\n<div class=\"smania_landing_description_txt\">Umetnite nao\u010dale, smotajte ga, stavite u torbu i krenite!<\/div>\n<div class=\"smania_landing_description_subtitle\">EyeGo ima prakti\u010dan i moderan dizajn koji savr\u0161eno pristaje u svaki kofer i ruksak, zbog \u010dega je idealan za putovanja. Ima 6 zasebnih utora za va\u0161e nao\u010dale, stoga se ne morate brinuti da \u0107e se o\u0161tetiti.<\/div>\n<div class=\"smania_landing_description_list\">\n<ul>\n<li>Prikladan za sve veli\u010dine nao\u010dala<\/li>\n<li>Podstavljen antilop ko\u017eom za za\u0161titu<\/li>\n<li>Jedinstven sklopivi dizajn<\/li>\n<li>6 utora za pohranu<\/li>\n<li>Savr\u0161en za putovanja<\/li>\n<\/ul><\/div>\n","protected":false},"excerpt":{"rendered":"<p>Pohranite do 6 nao\u010dala |Jedinstven sklopivi dizajn koji \u0161tedi prostor|Prakti\u010dna ru\u010dka omogu\u0107uje vam da ga nosite ili objesite na zid|Sigurno zatvaranje s tri gumba |Mo\u017eete ga koristiti i za spremanje satova, nakita, kozmetike i drugih sitnica|\u0160titi va\u0161e nao\u010dale od pra\u0161ine i o\u0161te\u0107enja|Dostupan u 2 moderne boje|Veli\u010dina: 16,5 \u00d7 16,2 \u00d7 14,5 cm<\/p>\n","protected":false},"featured_media":52595,"template":"","meta":[],"product_cat":[22,2324],"product_tag":[1538],"acf":[],"_links":{"self":[{"href":"https:\/\/smania.store\/hr\/wp-json\/wp\/v2\/product\/52603"}],"collection":[{"href":"https:\/\/smania.store\/hr\/wp-json\/wp\/v2\/product"}],"about":[{"href":"https:\/\/smania.store\/hr\/wp-json\/wp\/v2\/types\/product"}],"wp:featuredmedia":[{"embeddable":true,"href":"https:\/\/smania.store\/hr\/wp-json\/wp\/v2\/media\/52595"}],"wp:attachment":[{"href":"https:\/\/smania.store\/hr\/wp-json\/wp\/v2\/media?parent=52603"}],"wp:term":[{"taxonomy":"product_cat","embeddable":true,"href":"https:\/\/smania.store\/hr\/wp-json\/wp\/v2\/product_cat?post=52603"},{"taxonomy":"product_tag","embeddable":true,"href":"https:\/\/smania.store\/hr\/wp-json\/wp\/v2\/product_tag?post=52603"}],"curies":[{"name":"wp","href":"https:\/\/api.w.org\/{rel}","templated":true}]}}