{"id":36868,"date":"2022-10-11T13:22:46","date_gmt":"2022-10-11T11:22:46","guid":{"rendered":"https:\/\/smania.store\/hr\/proizvod\/torba-za-dokumente-docsafe\/"},"modified":"2026-05-07T17:03:53","modified_gmt":"2026-05-07T15:03:53","slug":"torba-za-dokumente-docsafe","status":"publish","type":"product","link":"https:\/\/smania.store\/hr\/proizvod\/torba-za-dokumente-docsafe\/","title":{"rendered":"Torba za dokumente DocSafe"},"content":{"rendered":"<div class=\"smania_landing_description_title\">NOVO! Torba za dokumente DocSafe!<\/div>\n<div class=\"smania_landing_description_txt\">Za\u0161titite va\u017ene dokumente!<\/div>\n<div class=\"smania_landing_description_subtitle\">Neki papirnati dokumenti jo\u0161 uvijek igraju veliku ulogu u poslovnom i privatnom \u017eivotu. DocSafe za\u0161titna torba za pohranu dr\u017eat \u0107e va\u0161e dokumente organiziranima i dodati za\u0161titu koju tra\u017eite.<\/div>\n<div class=\"smania_landing_description_list\">\n<ul>\n<li>Vi\u0161e slojeva koji se ne mogu odvojiti<\/li>\n<li>Mo\u017eete pohraniti sve svoje dokumente u razli\u010ditim pretincima<\/li>\n<li>Visokokvalitetan, izdr\u017eljiv i vodootporan materijal<\/li>\n<li>3-znamenkasta sigurnosna brava za dodatnu za\u0161titu<\/li>\n<li>Idealna za kartice, putovnice, listove A4 papira, fotografije i jo\u0161 mnogo toga<\/li>\n<li>Pa\u017enja: \u017eica za vezivanje nije uklju\u010dena i slojevi se ne mogu odvojiti!<\/li>\n<\/ul><\/div>\n","protected":false},"excerpt":{"rendered":"<p>3-znamenkasta sigurnosna brava|Prakti\u010dan remen za kov\u010deg|Prakti\u010dna ru\u010dka za no\u0161enje|Lagani patentni zatvara\u010d|4 neodvojiva sloja|Odaberite izme\u0111u razli\u010ditih boja|Dimenzije: 37 \u00d7 27 \u00d7 20 cm|Materijal: oxford tkanina<\/p>\n","protected":false},"featured_media":142115,"template":"","meta":[],"product_cat":[16],"product_tag":[1535],"acf":[],"_links":{"self":[{"href":"https:\/\/smania.store\/hr\/wp-json\/wp\/v2\/product\/36868"}],"collection":[{"href":"https:\/\/smania.store\/hr\/wp-json\/wp\/v2\/product"}],"about":[{"href":"https:\/\/smania.store\/hr\/wp-json\/wp\/v2\/types\/product"}],"wp:featuredmedia":[{"embeddable":true,"href":"https:\/\/smania.store\/hr\/wp-json\/wp\/v2\/media\/142115"}],"wp:attachment":[{"href":"https:\/\/smania.store\/hr\/wp-json\/wp\/v2\/media?parent=36868"}],"wp:term":[{"taxonomy":"product_cat","embeddable":true,"href":"https:\/\/smania.store\/hr\/wp-json\/wp\/v2\/product_cat?post=36868"},{"taxonomy":"product_tag","embeddable":true,"href":"https:\/\/smania.store\/hr\/wp-json\/wp\/v2\/product_tag?post=36868"}],"curies":[{"name":"wp","href":"https:\/\/api.w.org\/{rel}","templated":true}]}}