{"id":33214,"date":"2022-06-16T07:05:34","date_gmt":"2022-06-16T05:05:34","guid":{"rendered":"https:\/\/smania.store\/hr\/proizvod\/vrtni-patuljak-moonie\/"},"modified":"2026-04-30T13:10:54","modified_gmt":"2026-04-30T11:10:54","slug":"vrtni-patuljak-moonie","status":"publish","type":"product","link":"https:\/\/smania.store\/hr\/proizvod\/vrtni-patuljak-moonie\/","title":{"rendered":"Vrtni patuljak Moonie"},"content":{"rendered":"<div class=\"smania_landing_description_title\">Urnebesno! Vrtni patuljak Moonie<\/div>\n<div class=\"smania_landing_description_txt\">Upoznajte najnovijeg \u010dlana va\u0161e obitelji patuljaka!<\/div>\n<div class=\"smania_landing_description_subtitle\">Zlo\u010desti vrtni patuljak Moonie \u0107e do\u010dekati va\u0161e goste na nezaboravan na\u010din! Poka\u017eite susjedima tko u ulici ima najbolji smisao za humor.<\/div>\n<div class=\"smania_landing_description_list\">\n<ul>\n<li>Neobi\u010dna dekoracija koja \u0107e nasmijati va\u0161e goste<\/li>\n<li>Napravljen od izdr\u017eljive smole<\/li>\n<li>Ru\u010dno oslikan i obra\u0111en UV otpornim premazom<\/li>\n<li>Prekrasne linije i jarke boje<\/li>\n<li>Fantasti\u010dan poklon za useljenje<\/li>\n<\/ul><\/div>\n","protected":false},"excerpt":{"rendered":"<p>Odli\u010dan kao unutarnja ili vanjska dekoracija|Prekrasne linije i jarke boje|Odli\u010dan dodatak va\u0161oj kolekciji vrtnih patuljaka|Za osobe sa \u0161a\u0161avim smislom za humor|Ru\u010dno oslikan|Materijal: smola|Veli\u010dina: 13,8 \u00d7 15 cm|Te\u017eina: 196 g<\/p>\n","protected":false},"featured_media":33215,"template":"","meta":[],"product_cat":[16,2271],"product_tag":[1549,1519],"acf":[],"_links":{"self":[{"href":"https:\/\/smania.store\/hr\/wp-json\/wp\/v2\/product\/33214"}],"collection":[{"href":"https:\/\/smania.store\/hr\/wp-json\/wp\/v2\/product"}],"about":[{"href":"https:\/\/smania.store\/hr\/wp-json\/wp\/v2\/types\/product"}],"wp:featuredmedia":[{"embeddable":true,"href":"https:\/\/smania.store\/hr\/wp-json\/wp\/v2\/media\/33215"}],"wp:attachment":[{"href":"https:\/\/smania.store\/hr\/wp-json\/wp\/v2\/media?parent=33214"}],"wp:term":[{"taxonomy":"product_cat","embeddable":true,"href":"https:\/\/smania.store\/hr\/wp-json\/wp\/v2\/product_cat?post=33214"},{"taxonomy":"product_tag","embeddable":true,"href":"https:\/\/smania.store\/hr\/wp-json\/wp\/v2\/product_tag?post=33214"}],"curies":[{"name":"wp","href":"https:\/\/api.w.org\/{rel}","templated":true}]}}