{"id":32919,"date":"2022-06-08T06:31:48","date_gmt":"2022-06-08T04:31:48","guid":{"rendered":"https:\/\/smania.store\/hr\/proizvod\/prijenosna-podloga-za-piknik-relaxnow\/"},"modified":"2026-03-04T08:35:31","modified_gmt":"2026-03-04T07:35:31","slug":"prijenosna-podloga-za-piknik-relaxnow","status":"publish","type":"product","link":"https:\/\/smania.store\/hr\/proizvod\/prijenosna-podloga-za-piknik-relaxnow\/","title":{"rendered":"Prijenosna prostirka za pla\u017eu RelaxNow"},"content":{"rendered":"<div class=\"smania_landing_description_title\">NOVO! Prijenosna prostirka za pla\u017eu RelaxNow<\/div>\n<div class=\"smania_landing_description_txt\">U\u017eivajte u udobnosti ove podloge dok le\u017eite na pla\u017ei!<\/div>\n<div class=\"smania_landing_description_subtitle\">U\u017eivajte u svim u\u017eicima na pla\u017ei, bez brige o dosadnom pijesku ili vodi. Odaberite izme\u0111u na\u0161ih modela otpornih na pijesak i otpornih na vodu i zapo\u010dnite vlastitu ljetnu avanturu!<\/div>\n<div class=\"smania_landing_description_list\">\n<ul>\n<li>Prijenosan i kompaktan dizajn za lak\u0161e spremanje podloge<\/li>\n<li>Napravljena od izuzetno izdr\u017eljivog TPU-a i poliestera za svakodnevnu uporabu<\/li>\n<li>Uklju\u010duje 4 klina za u\u010dvr\u0161\u0107ivanje prostirke na mjestu<\/li>\n<li>Savr\u0161ena za kampiranje i avanture na pla\u017ei ili kao podloga za igru<\/li>\n<li>Rije\u0161ite se iritantnog pijeska jednim potezom<\/li>\n<\/ul><\/div>\n","protected":false},"excerpt":{"rendered":"<p>Dovoljno velika za cijelu obitelj|Rije\u0161ite se pijeska u trenu|Vodoodbojni premaz|Lagana i izdr\u017eljiva|Za unutarnje i vanjske prostore|Tkanina za\u0161ti\u0107ena od ogrebotina|Sklopiva i jednostavna za no\u0161enje|Uklju\u010dena su 4 klina|Lako se \u010disti|Materijal: poliester i TPU<\/p>\n","protected":false},"featured_media":58158,"template":"","meta":[],"product_cat":[2273,2399,2324,21],"product_tag":[1541],"acf":[],"_links":{"self":[{"href":"https:\/\/smania.store\/hr\/wp-json\/wp\/v2\/product\/32919"}],"collection":[{"href":"https:\/\/smania.store\/hr\/wp-json\/wp\/v2\/product"}],"about":[{"href":"https:\/\/smania.store\/hr\/wp-json\/wp\/v2\/types\/product"}],"wp:featuredmedia":[{"embeddable":true,"href":"https:\/\/smania.store\/hr\/wp-json\/wp\/v2\/media\/58158"}],"wp:attachment":[{"href":"https:\/\/smania.store\/hr\/wp-json\/wp\/v2\/media?parent=32919"}],"wp:term":[{"taxonomy":"product_cat","embeddable":true,"href":"https:\/\/smania.store\/hr\/wp-json\/wp\/v2\/product_cat?post=32919"},{"taxonomy":"product_tag","embeddable":true,"href":"https:\/\/smania.store\/hr\/wp-json\/wp\/v2\/product_tag?post=32919"}],"curies":[{"name":"wp","href":"https:\/\/api.w.org\/{rel}","templated":true}]}}