{"id":32303,"date":"2022-05-12T06:54:52","date_gmt":"2022-05-12T04:54:52","guid":{"rendered":"https:\/\/smania.store\/hr\/proizvod\/posude-za-ukorjenjivanje-biljaka-growball\/"},"modified":"2026-04-19T21:52:36","modified_gmt":"2026-04-19T19:52:36","slug":"posude-za-ukorjenjivanje-biljaka-growball","status":"publish","type":"product","link":"https:\/\/smania.store\/hr\/proizvod\/posude-za-ukorjenjivanje-biljaka-growball\/","title":{"rendered":"Kuglice za razmno\u017eavanje biljaka GrowBall"},"content":{"rendered":"<div class=\"smania_landing_description_title\">NOVO! Klonirajte biljke jednostavno i sigurno<\/div>\n<div class=\"smania_landing_description_txt\">Umno\u017eite svoj vrt u par tjedana!<\/div>\n<div class=\"smania_landing_description_subtitle\">Predstavljamo GrowBall, visokotla\u010dnu kuglicu za razmno\u017eavanje koja dovodi revoluciju u razmno\u017eavanje biljaka za sve zaljubljenike u vrtlarstvo. Klonirajte svoje biljke bez ometanja njihovog prirodnog rasta i s lako\u0107om stvorite uspje\u0161an, bogat vrt. Do\u017eivite \u010dari zra\u010dnog raslojavanja i o\u017eivite svoj vrt uz GrowBall!<\/div>\n<div class=\"smania_landing_description_list\">\n<ul>\n<li>Sigurno razmno\u017eavanje \u2013 bez o\u0161te\u0107enja mati\u010dnih biljaka<\/li>\n<li>Za unutarnje i vanjske biljke<\/li>\n<li>Ja\u010de korijenje i br\u017ee sazrijevanje<\/li>\n<li>Izdr\u017eljiv PP plasti\u010dni dizajn za vi\u0161ekratnu upotrebu<\/li>\n<li>Tri dostupne veli\u010dine: 5, 8 i 12 cm<\/li>\n<\/ul><\/div>\n","protected":false},"excerpt":{"rendered":"<p>Savr\u0161ene za ru\u017ee, penja\u010dice, drve\u0107e i jo\u0161 mnogo toga|Drevna metoda zra\u010dnog raslojavanja za u\u010dinkovito razmno\u017eavanje|Rezultati razmno\u017eavanja vidljivi za samo 6-8 tjedana|Sigurnosne brave za stabilno razmno\u017eavanje|Ekolo\u0161ki prihvatljive \u2013 nisu potrebne kemikalije|U\u0161tedite novac razmno\u017eavanjem vlastitih biljaka|Savr\u0161ene za vrtlare i ljubitelje biljaka|Uzgajajte biljke koje se te\u0161ko ukorijenjuju poput magnolija i kamelija|Pro\u0161irite svoj vrt s lako\u0107om|Zadivite posjetitelje svojim bujnim, \u017eivim vrtom|Koli\u010dina: 5 komada|Promjer kuglice (cm): 5 (S), 8 (M), 12 (L)<\/p>\n","protected":false},"featured_media":50147,"template":"","meta":[],"product_cat":[16,2399,2271],"product_tag":[1519],"acf":[],"_links":{"self":[{"href":"https:\/\/smania.store\/hr\/wp-json\/wp\/v2\/product\/32303"}],"collection":[{"href":"https:\/\/smania.store\/hr\/wp-json\/wp\/v2\/product"}],"about":[{"href":"https:\/\/smania.store\/hr\/wp-json\/wp\/v2\/types\/product"}],"wp:featuredmedia":[{"embeddable":true,"href":"https:\/\/smania.store\/hr\/wp-json\/wp\/v2\/media\/50147"}],"wp:attachment":[{"href":"https:\/\/smania.store\/hr\/wp-json\/wp\/v2\/media?parent=32303"}],"wp:term":[{"taxonomy":"product_cat","embeddable":true,"href":"https:\/\/smania.store\/hr\/wp-json\/wp\/v2\/product_cat?post=32303"},{"taxonomy":"product_tag","embeddable":true,"href":"https:\/\/smania.store\/hr\/wp-json\/wp\/v2\/product_tag?post=32303"}],"curies":[{"name":"wp","href":"https:\/\/api.w.org\/{rel}","templated":true}]}}