{"id":28252,"date":"2021-12-06T11:34:20","date_gmt":"2021-12-06T10:34:20","guid":{"rendered":"https:\/\/smania.store\/hr\/proizvod\/3d-zvijezda-za-bozicno-drvce\/"},"modified":"2025-11-29T20:50:25","modified_gmt":"2025-11-29T19:50:25","slug":"3d-zvijezda-za-bozicno-drvce","status":"publish","type":"product","link":"https:\/\/smania.store\/hr\/proizvod\/3d-zvijezda-za-bozicno-drvce\/","title":{"rendered":"3D zvijezda za bo\u017ei\u0107no drvce"},"content":{"rendered":"<div class=\"smania_landing_description_title\">\u010carobno!\ud83c\udf84\ud83c\udf87 3D zvijezda za bo\u017ei\u0107no drvce<\/div>\n<div class=\"smania_landing_description_txt\">Va\u0161e bo\u017ei\u0107no drvce zaslu\u017euje najljep\u0161u zvijezdu!<\/div>\n<div class=\"smania_landing_description_subtitle\">Provedite ovogodi\u0161nje bo\u017ei\u0107ne praznike dive\u0107i se najljep\u0161em drvcu kojeg ste ikad okitili. 3D zvijezda \u0107e zagrijati atmosferu u va\u0161em domu i ugodno iznenaditi va\u0161e goste.<\/div>\n<div class=\"smania_landing_description_list\">\n<ul>\n<li>Prekrasna trodimenzionalna zvijezda koja \u0107e unijeti bo\u017ei\u0107nu \u010daroliju u va\u0161 dom<\/li>\n<li>Izra\u0111ena od visokokvalitetnih materijala, presvu\u010dena \u0161ljokicama<\/li>\n<li>Podesiva unutarnja LED \u017earulja projektira snje\u017ene pahulje na zidove i strop<\/li>\n<li>Ovaj izvanredan ukras bit \u0107e to\u010dka na i va\u0161eg bo\u017ei\u0107nog drvca<\/li>\n<\/ul>\n<\/div>\n","protected":false},"excerpt":{"rendered":"<p>Idealna za unutarnju upotrebu|Raspon projekcije: 2\u20135 m\u00b2|\u0160to je dalje od stropa, to je ve\u0107a povr\u0161ina projekcije|Stvara romanti\u010dnu i ugodnu atmosferu|Dostupna u zlatnoj i srebrnoj boji|Materijal: ABS, plastika|Veli\u010dina: 27 \u00d7 28 \u00d7 12 cm|Duljina kabla: 2,4 metra<\/p>\n","protected":false},"featured_media":28246,"template":"","meta":[],"product_cat":[2181,23,2399,2649],"product_tag":[2121],"acf":[],"_links":{"self":[{"href":"https:\/\/smania.store\/hr\/wp-json\/wp\/v2\/product\/28252"}],"collection":[{"href":"https:\/\/smania.store\/hr\/wp-json\/wp\/v2\/product"}],"about":[{"href":"https:\/\/smania.store\/hr\/wp-json\/wp\/v2\/types\/product"}],"wp:featuredmedia":[{"embeddable":true,"href":"https:\/\/smania.store\/hr\/wp-json\/wp\/v2\/media\/28246"}],"wp:attachment":[{"href":"https:\/\/smania.store\/hr\/wp-json\/wp\/v2\/media?parent=28252"}],"wp:term":[{"taxonomy":"product_cat","embeddable":true,"href":"https:\/\/smania.store\/hr\/wp-json\/wp\/v2\/product_cat?post=28252"},{"taxonomy":"product_tag","embeddable":true,"href":"https:\/\/smania.store\/hr\/wp-json\/wp\/v2\/product_tag?post=28252"}],"curies":[{"name":"wp","href":"https:\/\/api.w.org\/{rel}","templated":true}]}}