{"id":27822,"date":"2021-11-19T11:13:17","date_gmt":"2021-11-19T10:13:17","guid":{"rendered":"https:\/\/smania.store\/hr\/proizvod\/2-u-1-klijesta-za-kestene-crackup\/"},"modified":"2025-11-02T08:36:50","modified_gmt":"2025-11-02T07:36:50","slug":"2-u-1-klijesta-za-kestene-crackup","status":"publish","type":"product","link":"https:\/\/smania.store\/hr\/proizvod\/2-u-1-klijesta-za-kestene-crackup\/","title":{"rendered":"2 u 1 klije\u0161ta za kestene CrackUp"},"content":{"rendered":"<div class=\"smania_landing_description_title\">NOVO!  2 u 1 klije\u0161ta za kestene CrackUp<\/div>\n<div class=\"smania_landing_description_txt\">Sada niti jedan kesten ne\u0107e biti pretvrd orah!<\/div>\n<div class=\"smania_landing_description_subtitle\">Je li vam ikada bilo te\u0161ko otvoriti ljusku kestena? Ovaj problem mo\u017eete jednostavno rije\u0161iti visokokvalitetnim klije\u0161tima CrackUp! <\/div>\n<div class=\"smania_landing_description_list\">\n<ul>\n<li>Brzo i jednostavno otvaranje kestena i oraha razli\u010ditih veli\u010dina<\/li>\n<li>Povr\u0161ina je glatka, neklizaju\u0107a, ugodna na dodir i prakti\u010dna<\/li>\n<li>Nazubljena o\u0161trica izra\u0111ena je od visokokvalitetnog kaljenog nehr\u0111aju\u0107eg \u010delika<\/li>\n<li>Lako otvorite orahe, bademe, lje\u0161njake, brazilske orahe i orahe makadamije<\/li>\n<li>U\u0161tedjet \u0107e vam puno vremena i energije!<\/li>\n<\/ul><\/div>\n","protected":false},"excerpt":{"rendered":"<p>Jednostavna za kori\u0161tenje|O\u0161tro popre\u010dno sje\u010divo|Otpornost na temperature|Ergonomski oblik|Lako se \u010diste|Dimenzije: 17 \u00d7 5 cm|Te\u017eina: 166 g|Materijal: nehr\u0111aju\u0107i \u010delik<\/p>\n","protected":false},"featured_media":77034,"template":"","meta":[],"product_cat":[223,2361,2433],"product_tag":[1511,1494],"acf":[],"_links":{"self":[{"href":"https:\/\/smania.store\/hr\/wp-json\/wp\/v2\/product\/27822"}],"collection":[{"href":"https:\/\/smania.store\/hr\/wp-json\/wp\/v2\/product"}],"about":[{"href":"https:\/\/smania.store\/hr\/wp-json\/wp\/v2\/types\/product"}],"wp:featuredmedia":[{"embeddable":true,"href":"https:\/\/smania.store\/hr\/wp-json\/wp\/v2\/media\/77034"}],"wp:attachment":[{"href":"https:\/\/smania.store\/hr\/wp-json\/wp\/v2\/media?parent=27822"}],"wp:term":[{"taxonomy":"product_cat","embeddable":true,"href":"https:\/\/smania.store\/hr\/wp-json\/wp\/v2\/product_cat?post=27822"},{"taxonomy":"product_tag","embeddable":true,"href":"https:\/\/smania.store\/hr\/wp-json\/wp\/v2\/product_tag?post=27822"}],"curies":[{"name":"wp","href":"https:\/\/api.w.org\/{rel}","templated":true}]}}