{"id":26942,"date":"2021-10-29T08:18:55","date_gmt":"2021-10-29T06:18:55","guid":{"rendered":"https:\/\/smania.store\/hr\/proizvod\/ogrtac-od-flisa-snughug\/"},"modified":"2025-12-12T17:15:21","modified_gmt":"2025-12-12T16:15:21","slug":"ogrtac-od-flisa-snughug","status":"publish","type":"product","link":"https:\/\/smania.store\/hr\/proizvod\/ogrtac-od-flisa-snughug\/","title":{"rendered":"Ogrta\u010d od flisa SnugHug"},"content":{"rendered":"<div class=\"smania_landing_description_title\">Nova atrakcija internetske trgovine! Ogrta\u010d od flisa SnugHug<\/div>\n<div class=\"smania_landing_description_txt\">U\u017eivajte u toplom zagrljaju SnugHug ogrta\u010da!<\/div>\n<div class=\"smania_landing_description_subtitle\">Obucite topli ogrta\u010d SnugHug i u\u017eivajte i tijekom najhladnijih dana. Visokokvalitetna izrada u kombinaciji s atraktivnim dizajnom pobrinut \u0107e se za va\u0161u udobnost, kako kod ku\u0107e, tako i tijekom hladnih no\u0107i pod zvijezdama.<\/div>\n<div class=\"smania_landing_description_list\">\n<ul>\n<li>Napravljen od toplog, visokokvalitetnog flisa<\/li>\n<li>Mekan i udoban<\/li>\n<li>S kapulja\u010dom i rukavima koji vas \u010duvaju od hladno\u0107e<\/li>\n<li>U ponudi razli\u010dite boje<\/li>\n<li>Za unutarnju i vanjsku upotrebu<\/li>\n<\/ul><\/div>\n","protected":false},"excerpt":{"rendered":"<p>Odli\u010dan dizajn|Nevjerojatno topao|Kvalitetna izrada|Odre\u0111ene varijante svijetle u mraku|Materijal: 100% poliesterska vlakna|Nevjerojatna udobnost|Jedna veli\u010dina odgovara svima|Savr\u0161en poklon za zimsko vrijeme<\/p>\n","protected":false},"featured_media":146943,"template":"","meta":[],"product_cat":[2503,21],"product_tag":[1542],"acf":[],"_links":{"self":[{"href":"https:\/\/smania.store\/hr\/wp-json\/wp\/v2\/product\/26942"}],"collection":[{"href":"https:\/\/smania.store\/hr\/wp-json\/wp\/v2\/product"}],"about":[{"href":"https:\/\/smania.store\/hr\/wp-json\/wp\/v2\/types\/product"}],"wp:featuredmedia":[{"embeddable":true,"href":"https:\/\/smania.store\/hr\/wp-json\/wp\/v2\/media\/146943"}],"wp:attachment":[{"href":"https:\/\/smania.store\/hr\/wp-json\/wp\/v2\/media?parent=26942"}],"wp:term":[{"taxonomy":"product_cat","embeddable":true,"href":"https:\/\/smania.store\/hr\/wp-json\/wp\/v2\/product_cat?post=26942"},{"taxonomy":"product_tag","embeddable":true,"href":"https:\/\/smania.store\/hr\/wp-json\/wp\/v2\/product_tag?post=26942"}],"curies":[{"name":"wp","href":"https:\/\/api.w.org\/{rel}","templated":true}]}}