{"id":21658,"date":"2021-10-12T08:49:00","date_gmt":"2021-10-12T06:49:00","guid":{"rendered":"https:\/\/smania.store\/hr\/proizvod\/drustvena-igra-pinguice\/"},"modified":"2026-04-01T08:21:27","modified_gmt":"2026-04-01T06:21:27","slug":"drustvena-igra-pinguice","status":"publish","type":"product","link":"https:\/\/smania.store\/hr\/proizvod\/drustvena-igra-pinguice\/","title":{"rendered":"Dru\u0161tvena igra PinguIce"},"content":{"rendered":"<div class=\"smania_landing_description_title\">Cool! Dru\u0161tvena igra PinguIce<\/div>\n<div class=\"smania_landing_description_txt\">Osvje\u017eavaju\u0107a dru\u0161tvena igra za cijelu obitelj!<\/div>\n<div class=\"smania_landing_description_subtitle\">Razbijte led monotonije! Zabavite se s obitelji poku\u0161avaju\u0107i spasiti slatkog pingvina. Ali budite oprezni, ako on padne u hladnu vodu dok tapkate po ledu, gubite!<\/div>\n<div class=\"smania_landing_description_list\">\n<ul>\n<li>Donosi beskrajne sate zabave za djecu i odrasle<\/li>\n<li>Igranjem \u0107ete oja\u010dati obiteljske odnose<\/li>\n<li>Pogoduje razvoju djetetovog strate\u0161kog razmi\u0161ljanja<\/li>\n<li>Kuckanje kockica promi\u010de ru\u010dnu spretnost<\/li>\n<li>Igra je kvalitetna i jednostavna za no\u0161enje<\/li>\n<\/ul>\n<\/div>\n","protected":false},"excerpt":{"rendered":"<p>Za sate zabave|Poti\u010de razvoj strate\u0161kog razmi\u0161ljanja|Poti\u010de ru\u010dnu spretnost|Ja\u010da povezanost izme\u0111u igra\u010da|Lako se \u010disti i sprema|Lagana i prijenosna|Dimenzije: 22,5 x 19,5 x 7,5 cm|Materijal: ABS<\/p>\n","protected":false},"featured_media":21651,"template":"","meta":[],"product_cat":[17,2649,2180],"product_tag":[1492,1529,1493],"acf":[],"_links":{"self":[{"href":"https:\/\/smania.store\/hr\/wp-json\/wp\/v2\/product\/21658"}],"collection":[{"href":"https:\/\/smania.store\/hr\/wp-json\/wp\/v2\/product"}],"about":[{"href":"https:\/\/smania.store\/hr\/wp-json\/wp\/v2\/types\/product"}],"wp:featuredmedia":[{"embeddable":true,"href":"https:\/\/smania.store\/hr\/wp-json\/wp\/v2\/media\/21651"}],"wp:attachment":[{"href":"https:\/\/smania.store\/hr\/wp-json\/wp\/v2\/media?parent=21658"}],"wp:term":[{"taxonomy":"product_cat","embeddable":true,"href":"https:\/\/smania.store\/hr\/wp-json\/wp\/v2\/product_cat?post=21658"},{"taxonomy":"product_tag","embeddable":true,"href":"https:\/\/smania.store\/hr\/wp-json\/wp\/v2\/product_tag?post=21658"}],"curies":[{"name":"wp","href":"https:\/\/api.w.org\/{rel}","templated":true}]}}