{"id":21586,"date":"2021-10-12T08:44:25","date_gmt":"2021-10-12T06:44:25","guid":{"rendered":"https:\/\/smania.store\/hr\/proizvod\/samoljepljiva-brtvena-traka-stappro\/"},"modified":"2024-11-23T10:11:28","modified_gmt":"2024-11-23T09:11:28","slug":"samoljepljiva-brtvena-traka-stappro","status":"publish","type":"product","link":"https:\/\/smania.store\/hr\/proizvod\/samoljepljiva-brtvena-traka-stappro\/","title":{"rendered":"Samoljepljiva brtvena traka StapPro"},"content":{"rendered":"<div class=\"smania_landing_description_title\">NOVO! Samoljepljiva brtvena traka StapPro<\/div>\n<div class=\"smania_landing_description_txt\">Vi\u0161enamjenska samoljepljiva silikonska brtvena traka!<\/div>\n<div class=\"smania_landing_description_subtitle\">Oprostite se od pjenastih brtvila i tvrdo stisnutih materijala koji pucaju. Brtvena traka StapPro pru\u017ea vam pouzdanu izolaciju vrata i jednostavna je za postavljanje!<\/div>\n<div class=\"smania_landing_description_list\">\n<ul>\n<li>Napravljena od netoksi\u010dnih materijala<\/li>\n<li>Jednostavno postavljanje<\/li>\n<li>Dizajn otporan na vjetar i pra\u0161inu<\/li>\n<li>Sna\u017eno ljepilo<\/li>\n<li>Neophodna za svaki dom<\/li>\n<\/ul><\/div>\n","protected":false},"excerpt":{"rendered":"<p>Otporna na vjetar i pra\u0161inu|Visokokvalitetni materijali|Izvrsna fleksibilnost|Pogodna za vrata, prozore, tu\u0161eve|Materijal: termoplasti\u010dni elastomer|Te\u017eina: 100 g|Duljina: 5 m|\u0160irina: 35 mm<\/p>\n","protected":false},"featured_media":37875,"template":"","meta":[],"product_cat":[16,2399],"product_tag":[1535,1493],"acf":[],"_links":{"self":[{"href":"https:\/\/smania.store\/hr\/wp-json\/wp\/v2\/product\/21586"}],"collection":[{"href":"https:\/\/smania.store\/hr\/wp-json\/wp\/v2\/product"}],"about":[{"href":"https:\/\/smania.store\/hr\/wp-json\/wp\/v2\/types\/product"}],"wp:featuredmedia":[{"embeddable":true,"href":"https:\/\/smania.store\/hr\/wp-json\/wp\/v2\/media\/37875"}],"wp:attachment":[{"href":"https:\/\/smania.store\/hr\/wp-json\/wp\/v2\/media?parent=21586"}],"wp:term":[{"taxonomy":"product_cat","embeddable":true,"href":"https:\/\/smania.store\/hr\/wp-json\/wp\/v2\/product_cat?post=21586"},{"taxonomy":"product_tag","embeddable":true,"href":"https:\/\/smania.store\/hr\/wp-json\/wp\/v2\/product_tag?post=21586"}],"curies":[{"name":"wp","href":"https:\/\/api.w.org\/{rel}","templated":true}]}}