{"id":152390,"date":"2026-05-06T13:39:54","date_gmt":"2026-05-06T11:39:54","guid":{"rendered":"https:\/\/smania.store\/hr\/proizvod\/easyborder-plasticna-ogradica-za-travnjak-s-cavlima-10m\/"},"modified":"2026-05-13T18:41:09","modified_gmt":"2026-05-13T16:41:09","slug":"easyborder-plasticna-ogradica-za-travnjak-s-cavlima-10m","status":"publish","type":"product","link":"https:\/\/smania.store\/hr\/proizvod\/easyborder-plasticna-ogradica-za-travnjak-s-cavlima-10m\/","title":{"rendered":"EasyBorder\u2122 plasti\u010dna ogradica za travnjak s \u010davlima &#8211; 10m"},"content":{"rendered":"<div class=\"smania_landing_description_title\">NOVO: Oblikujte svoj pejza\u017e lako<\/div>\n<div class=\"smania_landing_description_txt\">Savr\u0161ene ograde za uredan vrt<\/div>\n<div class=\"smania_landing_description_subtitle\">EasyBorder\u2122 olak\u0161ava stvaranje \u010distih, definiranih rubova vrta bez kopanja, nereda i potrebnih alata. Dizajniran za kreativno oblikovanje krajolika, ovaj fleksibilni rub lako se savija kako bi slijedio ravne linije ili glatke krivulje, daju\u0107i va\u0161em vrtu dotjeran, profesionalan izgled u samo nekoliko minuta.<\/div>\n<div class=\"smania_landing_description_list\">\n<ul>\n<li>Izdr\u017eljiv PE materijal osigurava dugotrajnost <\/li>\n<li>Fleksibilan dizajn za prilago\u0111ene rasporede <\/li>\n<li>Jednostavna instalacija\u2014nije potrebno kopati <\/li>\n<li>Uklju\u010duje 30 \u010davala za stabilnost <\/li>\n<li>Dostupno u du\u017eini od 10m, visine 5cm <\/li>\n<li>Otpornik na vremenske uvjete i izdr\u017eljiv<\/li>\n<\/ul><\/div>\n","protected":false},"excerpt":{"rendered":"<p>Bez napora sprje\u010dava \u0161irenje trave |Fleksibilno se savija kako bi odgovaralo bilo kojem obliku |Osigurano s uklju\u010denim \u010davlima |Lako se re\u017ee za savr\u0161eno prilago\u0111avanje|Boja: Crna |Dimenzije: 10m du\u017eine, 5cm visine |Materijal: Polietilen visoke gusto\u0107e (HDPE) |Pakiranje uklju\u010duje: 1x plasti\u010dna ograda za travnjak du\u017eine 10m, 30x \u010davala<\/p>\n","protected":false},"featured_media":152377,"template":"","meta":[],"product_cat":[16],"product_tag":[1519],"acf":[],"_links":{"self":[{"href":"https:\/\/smania.store\/hr\/wp-json\/wp\/v2\/product\/152390"}],"collection":[{"href":"https:\/\/smania.store\/hr\/wp-json\/wp\/v2\/product"}],"about":[{"href":"https:\/\/smania.store\/hr\/wp-json\/wp\/v2\/types\/product"}],"wp:featuredmedia":[{"embeddable":true,"href":"https:\/\/smania.store\/hr\/wp-json\/wp\/v2\/media\/152377"}],"wp:attachment":[{"href":"https:\/\/smania.store\/hr\/wp-json\/wp\/v2\/media?parent=152390"}],"wp:term":[{"taxonomy":"product_cat","embeddable":true,"href":"https:\/\/smania.store\/hr\/wp-json\/wp\/v2\/product_cat?post=152390"},{"taxonomy":"product_tag","embeddable":true,"href":"https:\/\/smania.store\/hr\/wp-json\/wp\/v2\/product_tag?post=152390"}],"curies":[{"name":"wp","href":"https:\/\/api.w.org\/{rel}","templated":true}]}}