{"id":152372,"date":"2026-05-06T13:37:30","date_gmt":"2026-05-06T11:37:30","guid":{"rendered":"https:\/\/smania.store\/hr\/proizvod\/vespeon-djecja-elektricna-romobil\/"},"modified":"2026-05-12T11:07:19","modified_gmt":"2026-05-12T09:07:19","slug":"vespeon-djecja-elektricna-romobil","status":"publish","type":"product","link":"https:\/\/smania.store\/hr\/proizvod\/vespeon-djecja-elektricna-romobil\/","title":{"rendered":"Vespeon\u2122 dje\u010dja elektri\u010dna romobil"},"content":{"rendered":"<div class=\"smania_landing_description_title\"> NOVO, Zapanjuju\u0107e RGB Ambijentalno Osvjetljenje <\/div>\n<div class=\"smania_landing_description_txt\"> Gladka vo\u017enja, sretna djeca, sigurna igra <\/div>\n<div class=\"smania_landing_description_subtitle\"> Vespeon\u2122 je moderni elektri\u010dni skuter za djecu, osmi\u0161ljen za male istra\u017eiva\u010de koji \u017eele zabavno, sigurno i jednostavno prvo iskustvo vo\u017enje. S daljinskim upravlja\u010dem, prostorom za pohranu, svjetlima, glazbom i vo\u017enjom naprijed\u2013natrag, pru\u017ea sate radosne igre kako unutra, tako i vani. <\/div>\n<div class=\"smania_landing_description_list\">\n<ul>\n<li>Stra\u017enji spremnik za igra\u010dke ili grickalice<\/li>\n<li>Stabilni kota\u010di za sigurnost<\/li>\n<li>Svjetla, glazba i sirena za zabavu<\/li>\n<li>Vo\u017enja naprijed i unatrag za razvoj vje\u0161tina<\/li>\n<\/ul><\/div>\n","protected":false},"excerpt":{"rendered":"<p>Stra\u017enji skladi\u0161ni odjeljak|Podupiraju\u0107e kota\u010de za stabilnost|Svjetla i glazba|Udobno ergonomsko plasti\u010dno sjedalo|Izdr\u017eljivi plasti\u010dni kota\u010di za unutarnje ili vanjske povr\u0161ine|Varijacije: Bijela ili Zelena|Baterija: 1 x 6V 4Ah|Vrijeme punjenja: 6\u20139 sati|Vrijeme kori\u0161tenja: do 2 sata po punjenju|Maksimalno optere\u0107enje: pribli\u017eno 25 kg|Preporu\u010dena dob: 18 mjeseci i vi\u0161e<\/p>\n","protected":false},"featured_media":152786,"template":"","meta":[],"product_cat":[17],"product_tag":[1529],"acf":[],"_links":{"self":[{"href":"https:\/\/smania.store\/hr\/wp-json\/wp\/v2\/product\/152372"}],"collection":[{"href":"https:\/\/smania.store\/hr\/wp-json\/wp\/v2\/product"}],"about":[{"href":"https:\/\/smania.store\/hr\/wp-json\/wp\/v2\/types\/product"}],"wp:featuredmedia":[{"embeddable":true,"href":"https:\/\/smania.store\/hr\/wp-json\/wp\/v2\/media\/152786"}],"wp:attachment":[{"href":"https:\/\/smania.store\/hr\/wp-json\/wp\/v2\/media?parent=152372"}],"wp:term":[{"taxonomy":"product_cat","embeddable":true,"href":"https:\/\/smania.store\/hr\/wp-json\/wp\/v2\/product_cat?post=152372"},{"taxonomy":"product_tag","embeddable":true,"href":"https:\/\/smania.store\/hr\/wp-json\/wp\/v2\/product_tag?post=152372"}],"curies":[{"name":"wp","href":"https:\/\/api.w.org\/{rel}","templated":true}]}}