{"id":152191,"date":"2026-05-04T07:52:50","date_gmt":"2026-05-04T05:52:50","guid":{"rendered":"https:\/\/smania.store\/hr\/proizvod\/babytower-drveni-prilagodljivi-edukacijski-toranj\/"},"modified":"2026-05-05T12:31:26","modified_gmt":"2026-05-05T10:31:26","slug":"babytower-drveni-prilagodljivi-edukacijski-toranj","status":"publish","type":"product","link":"https:\/\/smania.store\/hr\/proizvod\/babytower-drveni-prilagodljivi-edukacijski-toranj\/","title":{"rendered":"BabyTower\u2122 drveni prilagodljivi edukacijski toranj"},"content":{"rendered":"<div class=\"smania_landing_description_title\">NOVO: Unaprijedite Dekoraciju Va\u0161e Kuhinje<\/div>\n<div class=\"smania_landing_description_txt\">Podignite njihov svijet. Sigurno.<\/div>\n<div class=\"smania_landing_description_subtitle\">BabyTower\u2122 je \u010dvrsta drvena u\u010denje kula koja podi\u017ee va\u0161e dijete do visine radne povr\u0161ine kako bi moglo istra\u017eivati, u\u010diti i sigurno vam pomagati. S preklopnim okvirom i 3 podesive visine platforme, raste s va\u0161im djetetom od prvih koraka do samopouzdanih pomo\u0107nika u kuhinji.<\/div>\n<div class=\"smania_landing_description_list\">\n<ul>\n<li>Sklopivi dizajn \u0161tedi prostor i lako se pohranjuje u malim kuhinjama <\/li>\n<li>Tri podesive visine prilago\u0111avaju se rastu va\u0161eg djeteta od 1 do 6 godina <\/li>\n<li>\u0160iroka platforma osigurava stabilnost i sigurnost djece dok se igraju ili poma\u017eu <\/li>\n<li>\u010cvrsta drvena konstrukcija pru\u017ea dugotrajnu \u010dvrsto\u0107u i sigurnost <\/li>\n<li>Zaobljeni rubovi i za\u0161titni premaz osiguravaju dizajn siguran za djecu<\/li>\n<\/ul><\/div>\n","protected":false},"excerpt":{"rendered":"<p>Sklopivi, prostor \u0161tedljiv dizajn |3 podesive visine |Stabilna \u0161iroka platforma |Sigurne zaobljene ivice |Pomo\u0107nik u kuhinji, igra\u010dka kula, kula za u\u010denje|Materijal: Plywood visoke kvalitete s lakom sigurnim za djecu |Dobna skupina: 12 mjeseci do 6 godina |Rasprostranjena veli\u010dina: 90 x 58 x 50 cm |Podr\u0161ka: Bo\u010dni stabilizatori + stra\u017enja potporna \u0161ipka za dodatnu stabilnost |Napomena o sigurnosti: Jedno dijete u isto vrijeme; potrebna je nadzor odrasle osobe<\/p>\n","protected":false},"featured_media":152277,"template":"","meta":[],"product_cat":[17],"product_tag":[1496],"acf":[],"_links":{"self":[{"href":"https:\/\/smania.store\/hr\/wp-json\/wp\/v2\/product\/152191"}],"collection":[{"href":"https:\/\/smania.store\/hr\/wp-json\/wp\/v2\/product"}],"about":[{"href":"https:\/\/smania.store\/hr\/wp-json\/wp\/v2\/types\/product"}],"wp:featuredmedia":[{"embeddable":true,"href":"https:\/\/smania.store\/hr\/wp-json\/wp\/v2\/media\/152277"}],"wp:attachment":[{"href":"https:\/\/smania.store\/hr\/wp-json\/wp\/v2\/media?parent=152191"}],"wp:term":[{"taxonomy":"product_cat","embeddable":true,"href":"https:\/\/smania.store\/hr\/wp-json\/wp\/v2\/product_cat?post=152191"},{"taxonomy":"product_tag","embeddable":true,"href":"https:\/\/smania.store\/hr\/wp-json\/wp\/v2\/product_tag?post=152191"}],"curies":[{"name":"wp","href":"https:\/\/api.w.org\/{rel}","templated":true}]}}