{"id":151588,"date":"2026-04-07T09:15:18","date_gmt":"2026-04-07T07:15:18","guid":{"rendered":"https:\/\/smania.store\/hr\/proizvod\/rockyslide-5-u-1-tobogan-za-malu-djecu-koji-se-ljulja\/"},"modified":"2026-05-10T16:59:17","modified_gmt":"2026-05-10T14:59:17","slug":"rockyslide-5-u-1-tobogan-za-malu-djecu-koji-se-ljulja","status":"publish","type":"product","link":"https:\/\/smania.store\/hr\/proizvod\/rockyslide-5-u-1-tobogan-za-malu-djecu-koji-se-ljulja\/","title":{"rendered":"RockySlide\u2122 5-u-1 tobogan za malu djecu koji se ljulja"},"content":{"rendered":"<div class=\"smania_landing_description_title\">NOVO: Ultimativna Avantura na Vozilu<\/div>\n<div class=\"smania_landing_description_txt\">Jedna igra\u010dka. Beskrajne avanture.<\/div>\n<div class=\"smania_landing_description_subtitle\">RockySlide\u2122 okuplja pet uzbudljivih aktivnosti u jednom \u010dvrstom, dje\u010djem igrali\u0161tu\u2014tobogan, ljulja\u010dka, penjalica, ko\u0161arka\u0161ki obru\u010d i bacanje prstenova. Dizajniran za neprekidno kretanje i ma\u0161tovitu zabavu, to je igra\u010dka koja sve u jednom dr\u017ei djecu aktivnima, sretnima i sigurno zabavljenima.<\/div>\n<div class=\"smania_landing_description_list\">\n<ul>\n<li>Pet aktivnosti u jednom: tobogan, ljulja\u010dka, mini penjalica, ko\u0161arka\u0161ki obru\u010d i igra prstenova <\/li>\n<li>\u010cvrsta, stabilna konstrukcija s sigurnom, otpornom na prevrtanje bazom koja podr\u017eava do 50 kg <\/li>\n<li>Blagi ljulja\u010dki pokret s ugra\u0111enim sigurnosnim ograni\u010diva\u010dem kako bi se sprije\u010dilo prekomjerno ljuljanje <\/li>\n<li>Tobogan uklju\u010duje rukohvate, stabilnu zonu za po\u010detak, glatki dio za brzinu i mekanu povr\u0161inu za slijetanje <\/li>\n<li>Savr\u0161eno za igru unutra ili vani i lako se premje\u0161ta kada je potrebno<\/li>\n<\/ul><\/div>\n","protected":false},"excerpt":{"rendered":"<p>5-u-1 vi\u0161enamjenska igra\u010dka |Siguran kut ljuljanja |Stabilna i otporna na prevrtanje |Gladka toboganska staza prilago\u0111ena maloj djeci |Za unutarnju i vanjsku upotrebu|Boje: Roza + Zelena |Nosivost: Do 50 kg |Uklju\u010deni dodaci: Ko\u0161arka\u0161ka obru\u010d, napuhavaju\u0107a lopta, 4 prstena, odvojiva stolica |Funkcije: Tobogan, ljulja\u010dka, penjalica, bacanje prstena, mini ko\u0161arka |Preporu\u010dena dob: 3+ godine<\/p>\n","protected":false},"featured_media":151572,"template":"","meta":[],"product_cat":[17],"product_tag":[1646],"acf":[],"_links":{"self":[{"href":"https:\/\/smania.store\/hr\/wp-json\/wp\/v2\/product\/151588"}],"collection":[{"href":"https:\/\/smania.store\/hr\/wp-json\/wp\/v2\/product"}],"about":[{"href":"https:\/\/smania.store\/hr\/wp-json\/wp\/v2\/types\/product"}],"wp:featuredmedia":[{"embeddable":true,"href":"https:\/\/smania.store\/hr\/wp-json\/wp\/v2\/media\/151572"}],"wp:attachment":[{"href":"https:\/\/smania.store\/hr\/wp-json\/wp\/v2\/media?parent=151588"}],"wp:term":[{"taxonomy":"product_cat","embeddable":true,"href":"https:\/\/smania.store\/hr\/wp-json\/wp\/v2\/product_cat?post=151588"},{"taxonomy":"product_tag","embeddable":true,"href":"https:\/\/smania.store\/hr\/wp-json\/wp\/v2\/product_tag?post=151588"}],"curies":[{"name":"wp","href":"https:\/\/api.w.org\/{rel}","templated":true}]}}