{"id":151399,"date":"2026-03-30T06:50:42","date_gmt":"2026-03-30T04:50:42","guid":{"rendered":"https:\/\/smania.store\/hr\/proizvod\/rattanbloom-samostojeci-cvjetnjaci-od-ratana\/"},"modified":"2026-04-10T12:12:02","modified_gmt":"2026-04-10T10:12:02","slug":"rattanbloom-samostojeci-cvjetnjaci-od-ratana","status":"publish","type":"product","link":"https:\/\/smania.store\/hr\/proizvod\/rattanbloom-samostojeci-cvjetnjaci-od-ratana\/","title":{"rendered":"RattanBloom\u2122 samostoje\u0107i cvjetnjaci od ratana"},"content":{"rendered":"<div class=\"smania_landing_description_title\">NOVO: Ultimativna Avantura na Vozilu<\/div>\n<div class=\"smania_landing_description_txt\">Prirodni stil koji se izdvaja<\/div>\n<div class=\"smania_landing_description_subtitle\">RattanBloom\u2122 je set saksija za pod, sastavljen od 3 dijela, osmi\u0161ljen da istakne va\u0161e biljke s \u010distim, prirodnim stilom. S tri razli\u010dite visine, odmah dodaje ravnote\u017eu, toplinu i vizualni dojam svakoj prostoriji.<\/div>\n<div class=\"smania_landing_description_list\">\n<ul>\n<li>Tri koordinirane saksije omogu\u0107uju vam da rasporedite svoje biljke na razli\u010ditim visinama za stilizirani, moderni izgled. <\/li>\n<li>Lagana, ali stabilna konstrukcija osigurava da va\u0161e biljke ostanu sigurno na mjestu. <\/li>\n<li>Savr\u0161eno se uklapa u dnevne boravke, hodnike, spava\u0107e sobe, balkone, urede i ugodne kutke za \u010ditanje. <\/li>\n<li>Brzo pretvara svaki prazan kutak u dekorativnu izlo\u017ebu biljaka. <\/li>\n<li>Jednostavna za sastavljanje i premje\u0161tanje, omogu\u0107uju\u0107i vam da osvje\u017eite svoj raspored kad god \u017eelite.<\/li>\n<\/ul><\/div>\n","protected":false},"excerpt":{"rendered":"<p>Set od tri dijela |Stabilan dizajn za postavljanje na pod |Neutralan prirodan izgled |Prikladno za svaku prostoriju |Jednostavna monta\u017ea|Set: 3 samostoje\u0107e saksije |Materijal: Ko\u0161ara u stilu ratana + drvene noge |Upotreba: Unutarnji ili za\u0161ti\u0107eni vanjski prostori |Svrha: Prikaz biljaka + dekorativno skladi\u0161tenje |Veli\u010dine: S= 32,5 x 21,5 cm; M= 43,5 x 24,5 cm; L= 62 x 27,5 cm<\/p>\n","protected":false},"featured_media":151384,"template":"","meta":[],"product_cat":[16],"product_tag":[2509],"acf":[],"_links":{"self":[{"href":"https:\/\/smania.store\/hr\/wp-json\/wp\/v2\/product\/151399"}],"collection":[{"href":"https:\/\/smania.store\/hr\/wp-json\/wp\/v2\/product"}],"about":[{"href":"https:\/\/smania.store\/hr\/wp-json\/wp\/v2\/types\/product"}],"wp:featuredmedia":[{"embeddable":true,"href":"https:\/\/smania.store\/hr\/wp-json\/wp\/v2\/media\/151384"}],"wp:attachment":[{"href":"https:\/\/smania.store\/hr\/wp-json\/wp\/v2\/media?parent=151399"}],"wp:term":[{"taxonomy":"product_cat","embeddable":true,"href":"https:\/\/smania.store\/hr\/wp-json\/wp\/v2\/product_cat?post=151399"},{"taxonomy":"product_tag","embeddable":true,"href":"https:\/\/smania.store\/hr\/wp-json\/wp\/v2\/product_tag?post=151399"}],"curies":[{"name":"wp","href":"https:\/\/api.w.org\/{rel}","templated":true}]}}