{"id":151298,"date":"2026-03-26T08:40:30","date_gmt":"2026-03-26T07:40:30","guid":{"rendered":"https:\/\/smania.store\/hr\/proizvod\/pianorack-drvena-zidna-vjesalica-s-dizajnom-klavirskih-tipki\/"},"modified":"2026-04-15T17:55:43","modified_gmt":"2026-04-15T15:55:43","slug":"pianorack-drvena-zidna-vjesalica-s-dizajnom-klavirskih-tipki","status":"publish","type":"product","link":"https:\/\/smania.store\/hr\/proizvod\/pianorack-drvena-zidna-vjesalica-s-dizajnom-klavirskih-tipki\/","title":{"rendered":"PianoRack\u2122 drvena zidna vje\u0161alica s dizajnom klavirskih tipki"},"content":{"rendered":"<div class=\"smania_landing_description_title\">NOVO: Transformirajte prostor u sekundama<\/div>\n<div class=\"smania_landing_description_txt\">Pogodite Savr\u0161eni Ton Stila i Skladi\u0161tenja<\/div>\n<div class=\"smania_landing_description_subtitle\"> Pobolj\u0161ajte svoj \u017eivotni prostor s izvrsnim PianoRack\u2122! Vi\u0161e od obi\u010dnog vje\u0161alice za kapute, to je o\u010daravaju\u0107a kombinacija umjetnosti i funkcionalnosti. Izra\u0111ena od izdr\u017eljivog orahovog drva, njezin jedinstveni dizajn tipki klavira slu\u017ei i kao elegantan dekor. Spustite kukicu kada vam zatreba; podignite je kada vam ne treba.<\/div>\n<div class=\"smania_landing_description_list\">\n<ul>\n<li>Elegantni dizajn tipki na klaviru dodaje stil <\/li>\n<li>Magnetizirani kukice sprje\u010davaju slu\u010dajno otvaranje <\/li>\n<li>Ru\u010dno izra\u0111eno od \u010dvrstog, izdr\u017eljivog oraha <\/li>\n<li>Svestrana upotreba za kape, kapute, perike <\/li>\n<li>Neovisno razmaknuti s povla\u010divim kukicama <\/li>\n<li>Set od 10 prakti\u010dnih kukica za organiziranu svakodnevnu upotrebu<\/li>\n<\/ul><\/div>\n","protected":false},"excerpt":{"rendered":"<p>Pobolj\u0161ava dekor svakog prostora |\u0160tedi prostor, maksimizira funkcionalnost |Jednostavno se montira na bilo koji zid |Inovativna tehnologija magnetskog zatvaranja|Varijacije boja: Tamnosme\u0111a ili svijetlosme\u0111a |Dimenzije: 71 x 14.5 x 3.5 cm |Broj kuka: 10 |Materijal: Drvo<\/p>\n","protected":false},"featured_media":151283,"template":"","meta":[],"product_cat":[16],"product_tag":[],"acf":[],"_links":{"self":[{"href":"https:\/\/smania.store\/hr\/wp-json\/wp\/v2\/product\/151298"}],"collection":[{"href":"https:\/\/smania.store\/hr\/wp-json\/wp\/v2\/product"}],"about":[{"href":"https:\/\/smania.store\/hr\/wp-json\/wp\/v2\/types\/product"}],"wp:featuredmedia":[{"embeddable":true,"href":"https:\/\/smania.store\/hr\/wp-json\/wp\/v2\/media\/151283"}],"wp:attachment":[{"href":"https:\/\/smania.store\/hr\/wp-json\/wp\/v2\/media?parent=151298"}],"wp:term":[{"taxonomy":"product_cat","embeddable":true,"href":"https:\/\/smania.store\/hr\/wp-json\/wp\/v2\/product_cat?post=151298"},{"taxonomy":"product_tag","embeddable":true,"href":"https:\/\/smania.store\/hr\/wp-json\/wp\/v2\/product_tag?post=151298"}],"curies":[{"name":"wp","href":"https:\/\/api.w.org\/{rel}","templated":true}]}}