{"id":151069,"date":"2026-03-16T06:21:55","date_gmt":"2026-03-16T05:21:55","guid":{"rendered":"https:\/\/smania.store\/hr\/proizvod\/spinrack-rotirajuci-kolica-s-policama-4-nivoa\/"},"modified":"2026-04-13T18:18:54","modified_gmt":"2026-04-13T16:18:54","slug":"spinrack-rotirajuci-kolica-s-policama-4-nivoa","status":"publish","type":"product","link":"https:\/\/smania.store\/hr\/proizvod\/spinrack-rotirajuci-kolica-s-policama-4-nivoa\/","title":{"rendered":"SpinRack\u2122 rotiraju\u0107i kolica s policama &#8211; 4 nivoa"},"content":{"rendered":"<div class=\"smania_landing_description_title\">NOVO: Organizirajte bez napora, premje\u0161tajte besprijekorno<\/div>\n<div class=\"smania_landing_description_txt\">Pametno skladi\u0161te koje se kre\u0107e s vama!<\/div>\n<div class=\"smania_landing_description_subtitle\">Uvedite red u svaku prostoriju s elegantnim SpinRack\u2122 rotiraju\u0107im kolica. Njegov dizajn s 4 sloja omogu\u0107uje jednostavno organiziranje va\u0161eg doma. S glatkom rotacijom od 360\u00b0, izdr\u017eljivom metalnom konstrukcijom i prostranim prostorom za pohranu, sve je na dohvat ruke\u2014savr\u0161eno za kuhinje, kupaonice ili bilo koji kutak koji treba da\u0161ak reda i stila.<\/div>\n<div class=\"smania_landing_description_list\">\n<ul>\n<li>Veliki 4-slojni spremnik odr\u017eava va\u0161 prostor organiziranim i bez nereda<\/li>\n<li>Prozra\u010dna mre\u017ea dr\u017ei predmete svje\u017eima i sigurnima<\/li>\n<li>360\u00b0 rotiraju\u0107e kota\u010di\u0107e osiguravaju laku navigaciju<\/li>\n<li>Kompaktni dizajn staje u svaki uski prostor<\/li>\n<li>Izra\u0111en za svakodnevnu upotrebu\u2014jak, stabilan i lak za \u010di\u0161\u0107enje<\/li>\n<li>Pobolj\u0161ava va\u0161 interijer modernom funkcionalno\u0161\u0107u<\/li>\n<\/ul><\/div>\n","protected":false},"excerpt":{"rendered":"<p>4 pomi\u010dna ko\u0161ara|360\u00b0 rotiraju\u0107e kota\u010de|Oja\u010dani okviri za dodatnu sigurnost|Materijal: Karbonska \u010delik|Dimenzije: 80 \u00d7 26,5 cm|Boja: Crna \/ Bijela<\/p>\n","protected":false},"featured_media":151055,"template":"","meta":[],"product_cat":[16,223],"product_tag":[2509,1550],"acf":[],"_links":{"self":[{"href":"https:\/\/smania.store\/hr\/wp-json\/wp\/v2\/product\/151069"}],"collection":[{"href":"https:\/\/smania.store\/hr\/wp-json\/wp\/v2\/product"}],"about":[{"href":"https:\/\/smania.store\/hr\/wp-json\/wp\/v2\/types\/product"}],"wp:featuredmedia":[{"embeddable":true,"href":"https:\/\/smania.store\/hr\/wp-json\/wp\/v2\/media\/151055"}],"wp:attachment":[{"href":"https:\/\/smania.store\/hr\/wp-json\/wp\/v2\/media?parent=151069"}],"wp:term":[{"taxonomy":"product_cat","embeddable":true,"href":"https:\/\/smania.store\/hr\/wp-json\/wp\/v2\/product_cat?post=151069"},{"taxonomy":"product_tag","embeddable":true,"href":"https:\/\/smania.store\/hr\/wp-json\/wp\/v2\/product_tag?post=151069"}],"curies":[{"name":"wp","href":"https:\/\/api.w.org\/{rel}","templated":true}]}}