{"id":151050,"date":"2026-03-16T05:19:24","date_gmt":"2026-03-16T04:19:24","guid":{"rendered":"https:\/\/smania.store\/hr\/proizvod\/dinopop-3d-enciklopedija-dinosaura-s-animiranim-slikama\/"},"modified":"2026-04-07T13:30:57","modified_gmt":"2026-04-07T11:30:57","slug":"dinopop-3d-enciklopedija-dinosaura-s-animiranim-slikama","status":"publish","type":"product","link":"https:\/\/smania.store\/hr\/proizvod\/dinopop-3d-enciklopedija-dinosaura-s-animiranim-slikama\/","title":{"rendered":"DinoPop\u2122 3D enciklopedija dinosaura s animiranim slikama"},"content":{"rendered":"<div class=\"smania_landing_description_title\">NOVO, Lako \u010ci\u0161\u0107enje za Svaku Povr\u0161inu<\/div>\n<div class=\"smania_landing_description_txt\">Knjiga koja vra\u0107a dinose<\/div>\n<div class=\"smania_landing_description_subtitle\">DinoPop\u2122 o\u017eivljava svijet dinosaura s divovskim 3D izbo\u010dinama koje iska\u010du iz knjige u zapanjuju\u0107im detaljima. Puni fascinantnih \u010dinjenica, humora i spektakularnog papirnog in\u017eenjeringa, pretvara u\u010denje u nezaboravnu avanturu.<\/div>\n<div class=\"smania_landing_description_list\">\n<ul>\n<li>Masivni 3D izbo\u010dine koje se razvijaju u \u017eivotinjske dinosaure na svakoj glavnoj stranici <\/li>\n<li>Uklju\u010duje T. rexa, raptore, dugovrste divove, oklopne dinosaure i mnoge manje poznate vrste <\/li>\n<li>Mali pop-up knji\u017eice otkrivaju dodatne \u010dinjenice, pri\u010de i iznena\u0111uju\u0107e detalje iz doba dinosaura <\/li>\n<li>Mje\u0161avina edukativnog sadr\u017eaja i razigranog humora dr\u017ei djecu i odrasle jednako anga\u017eiranima <\/li>\n<li>Izra\u0111eno s visokokvalitetnom papirnom in\u017eenjerijom dizajniranom da impresionira, pou\u010dava i traje godinama<\/li>\n<\/ul><\/div>\n","protected":false},"excerpt":{"rendered":"<p>Ogromni 3D izbo\u010deni elementi |Edukativno i zabavno |\u017dive ilustracije |Mnoge vrste uklju\u010dene |Savr\u0161en poklon za ljubitelje dinosaura|Format: 3D izdanja enciklopedije |Rasprostranjenost: 6 velikih stranica s vi\u0161e mini izdanja |Sadr\u017eaj: \u010cinjenice, povijest prapovijesti, pri\u010de o paleontologiji |Za uzrast: 4+ (odli\u010dno i za kolekcionare i odrasle) |Veli\u010dina: 25 x 20 x 2,5 cm<\/p>\n","protected":false},"featured_media":151037,"template":"","meta":[],"product_cat":[17],"product_tag":[1649],"acf":[],"_links":{"self":[{"href":"https:\/\/smania.store\/hr\/wp-json\/wp\/v2\/product\/151050"}],"collection":[{"href":"https:\/\/smania.store\/hr\/wp-json\/wp\/v2\/product"}],"about":[{"href":"https:\/\/smania.store\/hr\/wp-json\/wp\/v2\/types\/product"}],"wp:featuredmedia":[{"embeddable":true,"href":"https:\/\/smania.store\/hr\/wp-json\/wp\/v2\/media\/151037"}],"wp:attachment":[{"href":"https:\/\/smania.store\/hr\/wp-json\/wp\/v2\/media?parent=151050"}],"wp:term":[{"taxonomy":"product_cat","embeddable":true,"href":"https:\/\/smania.store\/hr\/wp-json\/wp\/v2\/product_cat?post=151050"},{"taxonomy":"product_tag","embeddable":true,"href":"https:\/\/smania.store\/hr\/wp-json\/wp\/v2\/product_tag?post=151050"}],"curies":[{"name":"wp","href":"https:\/\/api.w.org\/{rel}","templated":true}]}}