{"id":150715,"date":"2026-02-27T09:52:55","date_gmt":"2026-02-27T08:52:55","guid":{"rendered":"https:\/\/smania.store\/hr\/proizvod\/fluffhut-plisani-krevet-za-ljubimce\/"},"modified":"2026-04-02T20:22:16","modified_gmt":"2026-04-02T18:22:16","slug":"fluffhut-plisani-krevet-za-ljubimce","status":"publish","type":"product","link":"https:\/\/smania.store\/hr\/proizvod\/fluffhut-plisani-krevet-za-ljubimce\/","title":{"rendered":"FluffHut\u2122 pli\u0161ani krevet za ljubimce"},"content":{"rendered":"<div class=\"smania_landing_description_title\">NOVO, Ultimativna Udobnost za Va\u0161eg Ljubimca<\/div>\n<div class=\"smania_landing_description_txt\">Najugodnije skrovi\u0161te koje \u0107e va\u0161 ljubimac ikada zavoljeti!<\/div>\n<div class=\"smania_landing_description_subtitle\">Pru\u017eite svom ljubimcu topao i siguran kutak s FluffHut\u2122, mekanim ku\u0107icama za spavanje dizajniranim za udobnost tijekom cijele godine. Mekani, uklonjivi i perivi dijelovi \u010dine ga savr\u0161enim unutarnjim uto\u010di\u0161tem za ma\u010dke i male pse.<\/div>\n<div class=\"smania_landing_description_list\">\n<ul>\n<li>Mekan i Udoban Interijer \u2013 Pli\u0161ana tkanina pru\u017ea topli, umiruju\u0107i prostor za odmor ku\u0107nim ljubimcima <\/li>\n<li>Uklonjivi Krov \u2013 Lako se otvara, \u010disti i ponovno sastavlja za trajnu svje\u017einu <\/li>\n<li>Periva Jastu\u010di\u0107 i Materijali \u2013 Odr\u017eava podru\u010dje za spavanje higijenskim uz minimalno odr\u017eavanje <\/li>\n<li>Sklopivi i Prijenosni Dizajn \u2013 Sklapa se ravno za prakti\u010dno pohranjivanje ili putovanje izme\u0111u prostorija <\/li>\n<li>Stabilna Protivklizna Osnova \u2013 Osigurava da ku\u0107ica ostane na mjestu kada ku\u0107ni ljubimci ulaze ili se kre\u0107u unutra<\/li>\n<\/ul><\/div>\n","protected":false},"excerpt":{"rendered":"<p>Uklonjivi krov za jednostavno \u010di\u0161\u0107enje |Mekan perivi jastu\u010di\u0107 |Sklopiv, lako za pohranu |Stabilna podloga koja ne klizi|Veli\u010dina: 45 \u00d7 40 \u00d7 45 cm |Struktura: 3-dijelni dizajn (vanjski okvir, uklonjivi krov, periva jastu\u010di\u0107) |Materijal: Bar\u0161unasta tkanina s protukliznom podlogom |Namjena: Pogodno za unutarnje ma\u010dke i male pasmine pasa<\/p>\n","protected":false},"featured_media":150701,"template":"","meta":[],"product_cat":[20],"product_tag":[],"acf":[],"_links":{"self":[{"href":"https:\/\/smania.store\/hr\/wp-json\/wp\/v2\/product\/150715"}],"collection":[{"href":"https:\/\/smania.store\/hr\/wp-json\/wp\/v2\/product"}],"about":[{"href":"https:\/\/smania.store\/hr\/wp-json\/wp\/v2\/types\/product"}],"wp:featuredmedia":[{"embeddable":true,"href":"https:\/\/smania.store\/hr\/wp-json\/wp\/v2\/media\/150701"}],"wp:attachment":[{"href":"https:\/\/smania.store\/hr\/wp-json\/wp\/v2\/media?parent=150715"}],"wp:term":[{"taxonomy":"product_cat","embeddable":true,"href":"https:\/\/smania.store\/hr\/wp-json\/wp\/v2\/product_cat?post=150715"},{"taxonomy":"product_tag","embeddable":true,"href":"https:\/\/smania.store\/hr\/wp-json\/wp\/v2\/product_tag?post=150715"}],"curies":[{"name":"wp","href":"https:\/\/api.w.org\/{rel}","templated":true}]}}