{"id":150505,"date":"2026-02-19T11:04:17","date_gmt":"2026-02-19T10:04:17","guid":{"rendered":"https:\/\/smania.store\/hr\/proizvod\/woodydraw-organizator-za-radnu-povrsinu-s-ladicom\/"},"modified":"2026-04-15T17:54:07","modified_gmt":"2026-04-15T15:54:07","slug":"woodydraw-organizator-za-radnu-povrsinu-s-ladicom","status":"publish","type":"product","link":"https:\/\/smania.store\/hr\/proizvod\/woodydraw-organizator-za-radnu-povrsinu-s-ladicom\/","title":{"rendered":"WoodyDraw\u2122 organizator za radnu povr\u0161inu s ladicom"},"content":{"rendered":"<div class=\"smania_landing_description_title\">NOVO, Va\u0161 \u010darobnjak za organizaciju kutova<\/div>\n<div class=\"smania_landing_description_txt\">Pametno pohranjivanje koje donosi mir na va\u0161u radnu povr\u0161inu.<\/div>\n<div class=\"smania_landing_description_subtitle\">Unesite jednostavnu organizaciju i prirodnu eleganciju u svoj dom s ovim elegantnim organizatorom za radnu povr\u0161inu. Izra\u0111en od \u010dvrstih materijala, nudi ljepotu i izdr\u017eljivost, a istovremeno uredno dr\u017ei va\u0161e potrep\u0161tine na svom mjestu. Prostrana ladica pru\u017ea prakti\u010dan pristup i dodatni prostor za va\u0161e svakodnevne predmete, \u010dine\u0107i va\u0161 prostor \u010di\u0161\u0107im, mirnijim i savr\u0161eno ure\u0111enim.<\/div>\n<div class=\"smania_landing_description_list\">\n<ul>\n<li>Dr\u017ei male potrep\u0161tine uredno organiziranima i uvijek nadohvat ruke<\/li>\n<li>Izra\u0111eno od \u010dvrstih materijala za trajnu stabilnost i \u010dvrsto\u0107u<\/li>\n<li>Kombinira prirodnu toplinu i moderni minimalizam kako bi uljep\u0161ao svaki dekor sobe<\/li>\n<li>Maksimalno iskori\u0161tava prostor na va\u0161oj radnoj povr\u0161ini, a istovremeno odr\u017eava va\u0161 dom urednim i elegantnim<\/li>\n<li>Idealno za pohranu svakodnevnih predmeta u kuhinji, kupaonici, uredu ili hodniku<\/li>\n<\/ul><\/div>\n","protected":false},"excerpt":{"rendered":"<p>Ladica: Izvla\u010dna|Monta\u017ea: Samostoje\u0107a i jednostavna za premje\u0161tanje|Struktura: Stabilna konstrukcija|Veli\u010dina: 37 \u00d7 26 \u00d7 20 cm (visina ladice: 9 cm)|Materijal: Drvo, Metal|Boja: Svijetlosme\u0111a, Crna<\/p>\n","protected":false},"featured_media":150495,"template":"","meta":[],"product_cat":[16,223],"product_tag":[1803],"acf":[],"_links":{"self":[{"href":"https:\/\/smania.store\/hr\/wp-json\/wp\/v2\/product\/150505"}],"collection":[{"href":"https:\/\/smania.store\/hr\/wp-json\/wp\/v2\/product"}],"about":[{"href":"https:\/\/smania.store\/hr\/wp-json\/wp\/v2\/types\/product"}],"wp:featuredmedia":[{"embeddable":true,"href":"https:\/\/smania.store\/hr\/wp-json\/wp\/v2\/media\/150495"}],"wp:attachment":[{"href":"https:\/\/smania.store\/hr\/wp-json\/wp\/v2\/media?parent=150505"}],"wp:term":[{"taxonomy":"product_cat","embeddable":true,"href":"https:\/\/smania.store\/hr\/wp-json\/wp\/v2\/product_cat?post=150505"},{"taxonomy":"product_tag","embeddable":true,"href":"https:\/\/smania.store\/hr\/wp-json\/wp\/v2\/product_tag?post=150505"}],"curies":[{"name":"wp","href":"https:\/\/api.w.org\/{rel}","templated":true}]}}