{"id":150403,"date":"2026-02-13T07:21:44","date_gmt":"2026-02-13T06:21:44","guid":{"rendered":"https:\/\/smania.store\/hr\/proizvod\/chopzone-visenamjenski-set-dasaka-za-rezanje-od-bambusa\/"},"modified":"2026-04-13T17:52:05","modified_gmt":"2026-04-13T15:52:05","slug":"chopzone-visenamjenski-set-dasaka-za-rezanje-od-bambusa","status":"publish","type":"product","link":"https:\/\/smania.store\/hr\/proizvod\/chopzone-visenamjenski-set-dasaka-za-rezanje-od-bambusa\/","title":{"rendered":"ChopZone\u2122 vi\u0161enamjenski set dasaka za rezanje od bambusa"},"content":{"rendered":"<div class=\"smania_landing_description_title\">NOVO: Revolucija pripreme obroka bez napora<\/div>\n<div class=\"smania_landing_description_txt\">Prakti\u010dno, elegantno i idealno za svakodnevnu upotrebu!<\/div>\n<div class=\"smania_landing_description_subtitle\">Otklju\u010dajte vrhunsko rje\u0161enje za pripremu hrane uz ChopZone set! Ovaj set od 4 bambusove daske, uparen s elegantnim stalkom za pohranu, donosi stil i prakti\u010dnost va\u0161oj kuhinji. To je neophodan set za svakodnevnu upotrebu ili savr\u0161en poklon za impresivan izgled!<\/div>\n<div class=\"smania_landing_description_list\">\n<ul>\n<li>Elegantni stalak za odlaganje \u2014 odr\u017eava va\u0161u kuhinju organiziranom i bez nereda<\/li>\n<li>Set od 4 dijela \u2014 uklju\u010duje vi\u0161e bambusovih dasaka za rezanje za svestranu upotrebu<\/li>\n<li>Izdr\u017eljiv bambusov materijal \u2014 ekolo\u0161ki prihvatljiv i dugotrajan za svakodnevnu upotrebu<\/li>\n<li>Prakti\u010dno i elegantno \u2014 kombinira funkcionalnost s elegantnim dizajnom<\/li>\n<li>Savr\u0161eno za svakodnevnu upotrebu &#8211; idealno za pripremu obroka, sjeckanje i poslu\u017eivanje<\/li>\n<li>Izvrsna ideja za poklon &#8211; promi\u0161ljen i funkcionalan poklon za svakog kuhinjskog entuzijasta<\/li>\n<\/ul><\/div>\n","protected":false},"excerpt":{"rendered":"<p>Materijal: izdr\u017eljiv bambus, dugotrajan, idealan za svakodnevnu upotrebu|Upotreba: Idealno za pripremu obroka, sjeckanje i poslu\u017eivanje|Odr\u017eavanje: Otporno na mirise, brzo se su\u0161i|Rje\u0161enje za pohranu: Elegantni stalak za pohranu koji \u0161tedi prostor|Dizajn: Moderan i elegantan, uklapa se u svaki kuhinjski dekor|Dimenzije: 28,5 x 20,5 x 6,5 cm|Uklju\u010duje: 4 daske (daska za ribu, 2xdaska za meso, daska za povr\u0107e)|Materijal: Bambus|\u010ci\u0161\u0107enje: Lako se pere: preporu\u010duje se ru\u010dno pranje|Trajnost: Otporno na ogrebotine i dugotrajno<\/p>\n","protected":false},"featured_media":150391,"template":"","meta":[],"product_cat":[16,223],"product_tag":[],"acf":[],"_links":{"self":[{"href":"https:\/\/smania.store\/hr\/wp-json\/wp\/v2\/product\/150403"}],"collection":[{"href":"https:\/\/smania.store\/hr\/wp-json\/wp\/v2\/product"}],"about":[{"href":"https:\/\/smania.store\/hr\/wp-json\/wp\/v2\/types\/product"}],"wp:featuredmedia":[{"embeddable":true,"href":"https:\/\/smania.store\/hr\/wp-json\/wp\/v2\/media\/150391"}],"wp:attachment":[{"href":"https:\/\/smania.store\/hr\/wp-json\/wp\/v2\/media?parent=150403"}],"wp:term":[{"taxonomy":"product_cat","embeddable":true,"href":"https:\/\/smania.store\/hr\/wp-json\/wp\/v2\/product_cat?post=150403"},{"taxonomy":"product_tag","embeddable":true,"href":"https:\/\/smania.store\/hr\/wp-json\/wp\/v2\/product_tag?post=150403"}],"curies":[{"name":"wp","href":"https:\/\/api.w.org\/{rel}","templated":true}]}}