{"id":150021,"date":"2026-01-28T07:20:35","date_gmt":"2026-01-28T06:20:35","guid":{"rendered":"https:\/\/smania.store\/hr\/proizvod\/flexguard-tekuca-elektricna-traka\/"},"modified":"2026-03-28T12:34:14","modified_gmt":"2026-03-28T11:34:14","slug":"flexguard-tekuca-elektricna-traka","status":"publish","type":"product","link":"https:\/\/smania.store\/hr\/proizvod\/flexguard-tekuca-elektricna-traka\/","title":{"rendered":"FlexGuard\u2122 teku\u0107a elektri\u010dna traka"},"content":{"rendered":"<div class=\"smania_landing_description_title\">NOVO: Osigurajte, Izolirajte i Zape\u010datite Odmah<\/div>\n<div class=\"smania_landing_description_txt\">Revolucionirajte elektri\u010dnu sigurnost u samo nekoliko sekundi!<\/div>\n<div class=\"smania_landing_description_subtitle\"> Otkrijte snagu vrhunske za\u0161tite s FlexGuard\u2122. Ova teku\u0107a elektri\u010dna traka nudi neusporedivu izolaciju i vodootpornu brtvu, \u0161to je \u010dini neophodnom za svakoga tko \u017eeli za\u0161tititi svoje elektri\u010dne veze. Lako se nanosi i izuzetno je svestrana, vrijeme je da zauvijek zamijenite zastarjele rje\u0161enja!<\/div>\n<div class=\"smania_landing_description_list\">\n<ul>\n<li>Izvrsna izolacija i brtvljenje<\/li>\n<li>Vodootporna i otporna na koroziju<\/li>\n<li>Podnosi ekstremne temperaturne oscilacije<\/li>\n<li>Fleksibilna be\u017ei\u010dna primjena, pukotine nikada!<\/li>\n<li>Savr\u0161ena za unutarnju i vanjsku upotrebu<\/li>\n<li>Brzo su\u0161enje: potpuno stvrdnjavanje za 24 sata<\/li>\n<\/ul><\/div>\n","protected":false},"excerpt":{"rendered":"<p>Stvara Zatvorene Spojeve |\u0160titi od Elektri\u010dnih Kvarova |Bez Napora Spojuje Elektroni\u010dke Komponente |Sigurno i Lako za Kori\u0161tenje|Volumen: 50 ml |Pouzdana prevencija curenja |Idealno za automobilske instalacije |Produ\u017eite vijek trajanja opreme<\/p>\n","protected":false},"featured_media":150008,"template":"","meta":[],"product_cat":[2781],"product_tag":[2797],"acf":[],"_links":{"self":[{"href":"https:\/\/smania.store\/hr\/wp-json\/wp\/v2\/product\/150021"}],"collection":[{"href":"https:\/\/smania.store\/hr\/wp-json\/wp\/v2\/product"}],"about":[{"href":"https:\/\/smania.store\/hr\/wp-json\/wp\/v2\/types\/product"}],"wp:featuredmedia":[{"embeddable":true,"href":"https:\/\/smania.store\/hr\/wp-json\/wp\/v2\/media\/150008"}],"wp:attachment":[{"href":"https:\/\/smania.store\/hr\/wp-json\/wp\/v2\/media?parent=150021"}],"wp:term":[{"taxonomy":"product_cat","embeddable":true,"href":"https:\/\/smania.store\/hr\/wp-json\/wp\/v2\/product_cat?post=150021"},{"taxonomy":"product_tag","embeddable":true,"href":"https:\/\/smania.store\/hr\/wp-json\/wp\/v2\/product_tag?post=150021"}],"curies":[{"name":"wp","href":"https:\/\/api.w.org\/{rel}","templated":true}]}}