{"id":149986,"date":"2026-01-27T07:52:19","date_gmt":"2026-01-27T06:52:19","guid":{"rendered":"https:\/\/smania.store\/hr\/proizvod\/reflectiva-3d-pvc-zidna-ploca-s-ogledalom-50-x-50-cm-paket-od-8-komada\/"},"modified":"2026-02-19T19:19:07","modified_gmt":"2026-02-19T18:19:07","slug":"reflectiva-3d-pvc-zidna-ploca-s-ogledalom-50-x-50-cm-paket-od-8-komada","status":"publish","type":"product","link":"https:\/\/smania.store\/hr\/proizvod\/reflectiva-3d-pvc-zidna-ploca-s-ogledalom-50-x-50-cm-paket-od-8-komada\/","title":{"rendered":"Reflectiva\u2122 3D PVC zidna plo\u010da s ogledalom 50 x 50 cm &#8211; paket od 8 komada"},"content":{"rendered":"<div class=\"smania_landing_description_title\">NOVO: Trenuta\u010dno transformirajte bilo koji zid ili strop<\/div>\n<div class=\"smania_landing_description_txt\">Pretvorite svaki zid u pri\u010du o stilu!<\/div>\n<div class=\"smania_landing_description_subtitle\"> Transformirajte svoje zidove uz Reflectiva\u2122 \u2013 odva\u017ene 3D zrcalne panele koji spajaju moderan dizajn s upe\u010datljivim refleksijama. Lagani, izdr\u017eljivi i jednostavni za ugradnju, stvaraju trenutni utisak u svakoj prostoriji.<\/div>\n<div class=\"smania_landing_description_list\">\n<ul>\n<li>Elegantni efekt ogledala za moderne interijere<\/li>\n<li>Idealno za dom ili ured<\/li>\n<li>\u010cvrst i fleksibilan PVC materijal<\/li>\n<li>Pove\u0107ava svjetlost, dubinu i prostranost sobe<\/li>\n<li>Zvu\u010dna izolacija i difuzija<\/li>\n<\/ul><\/div>\n","protected":false},"excerpt":{"rendered":"<p>Povr\u0161ina otporna na ogrebotine za dugotrajan sjaj|UV za\u0161ti\u0107eni premaz sprje\u010dava blije\u0111enje|Ekolo\u0161ki PVC \u2013 siguran za svaki dom|Zavr\u0161na obrada koja zahtijeva malo odr\u017eavanja \u2013 jednostavna za \u010di\u0161\u0107enje|Varijacije: mat siva, mat bijela, drveni uzorak|Dimenzije jedne plo\u010de: 50 x 50 cm|Pokrivenost jedne plo\u010de: 0,25 m\u00b2|Pokrivenost pakiranja od 8 komada: 2 m\u00b2<\/p>\n","protected":false},"featured_media":149972,"template":"","meta":[],"product_cat":[16],"product_tag":[2509],"acf":[],"_links":{"self":[{"href":"https:\/\/smania.store\/hr\/wp-json\/wp\/v2\/product\/149986"}],"collection":[{"href":"https:\/\/smania.store\/hr\/wp-json\/wp\/v2\/product"}],"about":[{"href":"https:\/\/smania.store\/hr\/wp-json\/wp\/v2\/types\/product"}],"wp:featuredmedia":[{"embeddable":true,"href":"https:\/\/smania.store\/hr\/wp-json\/wp\/v2\/media\/149972"}],"wp:attachment":[{"href":"https:\/\/smania.store\/hr\/wp-json\/wp\/v2\/media?parent=149986"}],"wp:term":[{"taxonomy":"product_cat","embeddable":true,"href":"https:\/\/smania.store\/hr\/wp-json\/wp\/v2\/product_cat?post=149986"},{"taxonomy":"product_tag","embeddable":true,"href":"https:\/\/smania.store\/hr\/wp-json\/wp\/v2\/product_tag?post=149986"}],"curies":[{"name":"wp","href":"https:\/\/api.w.org\/{rel}","templated":true}]}}