{"id":149887,"date":"2026-01-23T07:38:41","date_gmt":"2026-01-23T06:38:41","guid":{"rendered":"https:\/\/smania.store\/hr\/proizvod\/doorfit-sipka-za-povlacenje-za-vrata\/"},"modified":"2026-04-13T18:36:18","modified_gmt":"2026-04-13T16:36:18","slug":"doorfit-sipka-za-povlacenje-za-vrata","status":"publish","type":"product","link":"https:\/\/smania.store\/hr\/proizvod\/doorfit-sipka-za-povlacenje-za-vrata\/","title":{"rendered":"DoorFit\u2122 \u0161ipka za povla\u010denje za vrata"},"content":{"rendered":"<div class=\"smania_landing_description_title\">NOVO! Vrhunsko rje\u0161enje za ku\u0107nu teretanu<\/div>\n<div class=\"smania_landing_description_txt\">Osvojite u\u017eitak bez izlaska iz ku\u0107e<\/div>\n<div class=\"smania_landing_description_subtitle\">Oslobodite svoj puni potencijal uz DoorFit\u2122! Bez napora osna\u017eite svoju rutinu vje\u017ebanja i postignite nevi\u0111enu snagu jednostavnim dodatkom na bilo koji standardni okvir vrata. Bez vijaka, bez o\u0161te\u0107enja, samo \u010dista snaga &#8211; jer va\u0161a strast prema fitnessu zaslu\u017euje savr\u0161enstvo!<\/div>\n<div class=\"smania_landing_description_list\">\n<ul>\n<li>Podr\u017eava intenzivne treninge<\/li>\n<li>Za postavljanje nisu potrebni alati<\/li>\n<li>Sigurne, neklizaju\u0107e pjenaste ru\u010dke<\/li>\n<li>Pobolj\u0161ajte treninge robusnim dizajnom<\/li>\n<li>Prijenosno za svestrane vje\u017ebe<\/li>\n<li>Brza instalacija bez o\u0161te\u0107enja<\/li>\n<\/ul><\/div>\n","protected":false},"excerpt":{"rendered":"<p>Inovativna konstrukcija bez vibracija|Profesionalna izgradnja mi\u0161i\u0107a|Idealno za zgibove i sklekove|Udobne ekstra \u0161iroke ru\u010dke|Podesiva visina \u0161ipke|Duljina \u0161ipke: 101,6 cm|Nosivost: do 300 kg|Odgovara vratima: \u0161irina 70-90 cm, dubina 12-24 cm<\/p>\n","protected":false},"featured_media":149874,"template":"","meta":[],"product_cat":[21],"product_tag":[],"acf":[],"_links":{"self":[{"href":"https:\/\/smania.store\/hr\/wp-json\/wp\/v2\/product\/149887"}],"collection":[{"href":"https:\/\/smania.store\/hr\/wp-json\/wp\/v2\/product"}],"about":[{"href":"https:\/\/smania.store\/hr\/wp-json\/wp\/v2\/types\/product"}],"wp:featuredmedia":[{"embeddable":true,"href":"https:\/\/smania.store\/hr\/wp-json\/wp\/v2\/media\/149874"}],"wp:attachment":[{"href":"https:\/\/smania.store\/hr\/wp-json\/wp\/v2\/media?parent=149887"}],"wp:term":[{"taxonomy":"product_cat","embeddable":true,"href":"https:\/\/smania.store\/hr\/wp-json\/wp\/v2\/product_cat?post=149887"},{"taxonomy":"product_tag","embeddable":true,"href":"https:\/\/smania.store\/hr\/wp-json\/wp\/v2\/product_tag?post=149887"}],"curies":[{"name":"wp","href":"https:\/\/api.w.org\/{rel}","templated":true}]}}