{"id":149782,"date":"2026-01-20T12:08:55","date_gmt":"2026-01-20T11:08:55","guid":{"rendered":"https:\/\/smania.store\/hr\/proizvod\/veloraluxe-drzac-toaletnog-papira-s-policom-na-vakuumsko-pricvrscivanje\/"},"modified":"2026-02-20T20:48:50","modified_gmt":"2026-02-20T19:48:50","slug":"veloraluxe-drzac-toaletnog-papira-s-policom-na-vakuumsko-pricvrscivanje","status":"publish","type":"product","link":"https:\/\/smania.store\/hr\/proizvod\/veloraluxe-drzac-toaletnog-papira-s-policom-na-vakuumsko-pricvrscivanje\/","title":{"rendered":"VeloraLuxe\u2122 dr\u017ea\u010d toaletnog papira s policom na vakuumsko pri\u010dvr\u0161\u0107ivanje"},"content":{"rendered":"<div class=\"smania_landing_description_title\">NOVO Revolucionarna instalacija bez bu\u0161enja<\/div>\n<div class=\"smania_landing_description_txt\">Dr\u017ea\u010d toaletnog papira bez bu\u0161enja s glamuroznim dodirom!<\/div>\n<div class=\"smania_landing_description_subtitle\">Va\u0161e ultimativno rje\u0161enje za elegantno i funkcionalno iskustvo u kupaonici!<\/div>\n<div class=\"smania_landing_description_list\">\n<ul>\n<li>Instalacija bez bu\u0161enja za nekoliko sekundi<\/li>\n<li>Primjena ekstra jake vakuumske \u010da\u0161ice<\/li>\n<li>Dodatna polica za pribor<\/li>\n<li>S lako\u0107om podr\u017eava velike role toaletnog papira<\/li>\n<li>Jednostavno uklanjanje i ponovna upotreba bez nereda<\/li>\n<\/ul><\/div>\n","protected":false},"excerpt":{"rendered":"<p>Jednostavno postavljanje bez alata|Nema tragova ili o\u0161te\u0107enja na zidovima|Izdr\u017eljiva i dugotrajna izrada|Vrhunsko drvo i nehr\u0111aju\u0107i \u010delik|Pobolj\u0161ava estetiku svake moderne kupaonice|Boje: Sme\u0111a ili bijela|Dimenzije: 18,6 cm x 15,5 cm x 14,6 cm|Materijali: nehr\u0111aju\u0107i \u010delik, drvo, silikon|Nosivost: 2 kg|Te\u017eina: 400 g<\/p>\n","protected":false},"featured_media":149771,"template":"","meta":[],"product_cat":[16],"product_tag":[1550],"acf":[],"_links":{"self":[{"href":"https:\/\/smania.store\/hr\/wp-json\/wp\/v2\/product\/149782"}],"collection":[{"href":"https:\/\/smania.store\/hr\/wp-json\/wp\/v2\/product"}],"about":[{"href":"https:\/\/smania.store\/hr\/wp-json\/wp\/v2\/types\/product"}],"wp:featuredmedia":[{"embeddable":true,"href":"https:\/\/smania.store\/hr\/wp-json\/wp\/v2\/media\/149771"}],"wp:attachment":[{"href":"https:\/\/smania.store\/hr\/wp-json\/wp\/v2\/media?parent=149782"}],"wp:term":[{"taxonomy":"product_cat","embeddable":true,"href":"https:\/\/smania.store\/hr\/wp-json\/wp\/v2\/product_cat?post=149782"},{"taxonomy":"product_tag","embeddable":true,"href":"https:\/\/smania.store\/hr\/wp-json\/wp\/v2\/product_tag?post=149782"}],"curies":[{"name":"wp","href":"https:\/\/api.w.org\/{rel}","templated":true}]}}