{"id":149551,"date":"2026-01-14T08:14:59","date_gmt":"2026-01-14T07:14:59","guid":{"rendered":"https:\/\/smania.store\/hr\/proizvod\/jellymist-led-difuzor-i-ovlazivac-zraka-s-dizajnom-meduze\/"},"modified":"2026-02-13T14:12:02","modified_gmt":"2026-02-13T13:12:02","slug":"jellymist-led-difuzor-i-ovlazivac-zraka-s-dizajnom-meduze","status":"publish","type":"product","link":"https:\/\/smania.store\/hr\/proizvod\/jellymist-led-difuzor-i-ovlazivac-zraka-s-dizajnom-meduze\/","title":{"rendered":"JellyMist\u2122 LED difuzor i ovla\u017eiva\u010d zraka s dizajnom meduze"},"content":{"rendered":"<div class=\"smania_landing_description_title\">NOVO: Ultra-tanka maglica pokrivenosti<\/div>\n<div class=\"smania_landing_description_txt\">Pretvorite Svaki Prostor u Opustaju\u0107u Oazu<\/div>\n<div class=\"smania_landing_description_subtitle\"> Zaronite u more mira s JellyMist\u2122. Ova o\u010daravaju\u0107a kreacija hvata su\u0161tinu kretanja meduza, raspr\u0161uju\u0107i ultra-finu maglu koja umiruje i revitalizira va\u0161 dom ili ured. Pobolj\u0161ajte svoje raspolo\u017eenje, pro\u010di\u0161\u0107avajte zrak i stvorite mirno uto\u010di\u0161te jednim dodirom gumba.<\/div>\n<div class=\"smania_landing_description_list\">\n<ul>\n<li>3-u-1: Difuzor, ovla\u017eiva\u010d i lampa <\/li>\n<li>Dinami\u010dno preuzimanje zvuka sinkronizira maglu <\/li>\n<li>Rasvjeta u 7 boja i kontrola svjetline <\/li>\n<li>Dugotrajni rezervoar od 250ml za 8-12 sati kori\u0161tenja <\/li>\n<li>Dvojak kontrola s dodirom i daljinskim upravlja\u010dem <\/li>\n<li>Tih rad s samo 32dB<\/li>\n<\/ul><\/div>\n","protected":false},"excerpt":{"rendered":"<p>Savr\u0161eno za aromaterapiju i ovla\u017eivanje |Nepropusne, otporn\u00e9 na prolijevanje |Izra\u0111eno od materijala sigurnih za djecu |Automatsko isklju\u010divanje za sigurnost suhog rezervoara |Elegantni vulkanski dizajn pobolj\u0161ava dekor|Boja: Bijela |Napajanje: 24V |Kapacitet rezervoara za vodu: 250 ml |Dimenzije proizvoda: 160 x 140 mm |Posebne zna\u010dajke: 360-stupanjska mlaznica za maglu, automatsko isklju\u010divanje, postavka svjetla, postavka magle, postavka tajmera<\/p>\n","protected":false},"featured_media":149537,"template":"","meta":[],"product_cat":[16],"product_tag":[2509],"acf":[],"_links":{"self":[{"href":"https:\/\/smania.store\/hr\/wp-json\/wp\/v2\/product\/149551"}],"collection":[{"href":"https:\/\/smania.store\/hr\/wp-json\/wp\/v2\/product"}],"about":[{"href":"https:\/\/smania.store\/hr\/wp-json\/wp\/v2\/types\/product"}],"wp:featuredmedia":[{"embeddable":true,"href":"https:\/\/smania.store\/hr\/wp-json\/wp\/v2\/media\/149537"}],"wp:attachment":[{"href":"https:\/\/smania.store\/hr\/wp-json\/wp\/v2\/media?parent=149551"}],"wp:term":[{"taxonomy":"product_cat","embeddable":true,"href":"https:\/\/smania.store\/hr\/wp-json\/wp\/v2\/product_cat?post=149551"},{"taxonomy":"product_tag","embeddable":true,"href":"https:\/\/smania.store\/hr\/wp-json\/wp\/v2\/product_tag?post=149551"}],"curies":[{"name":"wp","href":"https:\/\/api.w.org\/{rel}","templated":true}]}}